{"id":10,"date":"2018-06-23T21:26:23","date_gmt":"2018-06-23T21:26:23","guid":{"rendered":"http:\/\/wp.vsg-1880-offenbach.de\/?page_id=10"},"modified":"2018-06-28T19:49:52","modified_gmt":"2018-06-28T17:49:52","slug":"ueber-uns","status":"publish","type":"page","link":"https:\/\/wp.vsg-1880-offenbach.de\/?page_id=10","title":{"rendered":"\u00dcber uns"},"content":{"rendered":"<p>Gegr\u00fcndet wurde unser Verein im Jahre 1880. Durch die Fusion der Schachgesellschaft Offenbach 1880 und der Offenbacher Schachvereinigung entstand die Vereinigte Schachgesellschaft Offenbach am Main 1880 e.V.<\/p>\n<p>Heute z\u00e4hlt unser Verein mit \u00fcber 100 Mitgliedern zu den mitglieder- und spielst\u00e4rksten Schachclubs Hessens. \u00dcber 50 Mannschaftsspielerinnen und -spieler sind in 11 Mannschaften in den Ligen des <a href=\"http:\/\/www.hessischer-schachverband.de\/\" target=\"_blank\" rel=\"noopener\">Hessischen Schachverbandes<\/a> und des <a href=\"http:\/\/www.mvsj.de\/\" target=\"_blank\" rel=\"noopener\">Main-Vogelsberg-Bezirkes<\/a>\u00a0aktiv. Sowohl die Damen als auch die Jugendlichen sind in den Mannschaftsbetrieb integriert, stellen aber auch eigene Mannschaften in den Damen- und Jugendligen.<\/p>\n<p>Die Vereinigte Schachgesellschaft unterh\u00e4lt dar\u00fcber hinaus freundschaftliche Kontakte zu den Schachclubs der Offenbacher Partnerst\u00e4dte Esch, M\u00f6dling, Puteaux und Orjol.<\/p>\n<p>Viele weitere Informationen zu unserem Verein finden sich in den Unterkategorien der Rubrik &#8222;Verein&#8220; oben im Men\u00fc.<\/p>\n<p>Views: 2974<\/p>","protected":false},"excerpt":{"rendered":"<p>Gegr\u00fcndet wurde unser Verein im Jahre 1880. Durch die Fusion der Schachgesellschaft Offenbach 1880 und der Offenbacher Schachvereinigung entstand die Vereinigte Schachgesellschaft Offenbach am Main 1880 e.V. Heute z\u00e4hlt unser Verein mit \u00fcber 100 Mitgliedern zu den mitglieder- und spielst\u00e4rksten Schachclubs Hessens. \u00dcber 50 Mannschaftsspielerinnen und -spieler sind in 11 Mannschaften in den Ligen des <a class=\"more-link\" href=\"https:\/\/wp.vsg-1880-offenbach.de\/?page_id=10\">weiterlesen&#8230;<\/a><\/p>\n","protected":false},"author":1,"featured_media":0,"parent":82,"menu_order":1,"comment_status":"closed","ping_status":"closed","template":"","meta":{"footnotes":""},"class_list":["post-10","page","type-page","status-publish","hentry"],"_links":{"self":[{"href":"https:\/\/wp.vsg-1880-offenbach.de\/index.php?rest_route=\/wp\/v2\/pages\/10","targetHints":{"allow":["GET"]}}],"collection":[{"href":"https:\/\/wp.vsg-1880-offenbach.de\/index.php?rest_route=\/wp\/v2\/pages"}],"about":[{"href":"https:\/\/wp.vsg-1880-offenbach.de\/index.php?rest_route=\/wp\/v2\/types\/page"}],"author":[{"embeddable":true,"href":"https:\/\/wp.vsg-1880-offenbach.de\/index.php?rest_route=\/wp\/v2\/users\/1"}],"replies":[{"embeddable":true,"href":"https:\/\/wp.vsg-1880-offenbach.de\/index.php?rest_route=%2Fwp%2Fv2%2Fcomments&post=10"}],"version-history":[{"count":6,"href":"https:\/\/wp.vsg-1880-offenbach.de\/index.php?rest_route=\/wp\/v2\/pages\/10\/revisions"}],"predecessor-version":[{"id":860,"href":"https:\/\/wp.vsg-1880-offenbach.de\/index.php?rest_route=\/wp\/v2\/pages\/10\/revisions\/860"}],"up":[{"embeddable":true,"href":"https:\/\/wp.vsg-1880-offenbach.de\/index.php?rest_route=\/wp\/v2\/pages\/82"}],"wp:attachment":[{"href":"https:\/\/wp.vsg-1880-offenbach.de\/index.php?rest_route=%2Fwp%2Fv2%2Fmedia&parent=10"}],"curies":[{"name":"wp","href":"https:\/\/api.w.org\/{rel}","templated":true}]}}