{"id":100,"date":"2018-06-24T09:04:43","date_gmt":"2018-06-24T09:04:43","guid":{"rendered":"http:\/\/wp.vsg-1880-offenbach.de\/?page_id=100"},"modified":"2018-07-05T20:50:59","modified_gmt":"2018-07-05T18:50:59","slug":"vereinschronik","status":"publish","type":"page","link":"https:\/\/wp.vsg-1880-offenbach.de\/?page_id=100","title":{"rendered":"Vereinsgeschichte"},"content":{"rendered":"<div class=\"article-content\">\n<p>Die VSG 1880 Offenbach wurde wie es der Name schon sagt im Jahr 1880 gegr\u00fcndet. 129 Jahre sp\u00e4ter hat unser fr\u00fcherer 1. Vorsitzende Harald E. Ball\u00f3 die Geschichte des Schachspiels in Offenbach und unseres Vereins zusammengetragen. Im Men\u00fc haben wir seinen Beitrag als Unterpunkt der Vereinsgeschichte unter <a href=\"http:\/\/wp.vsg-1880-offenbach.de\/?page_id=2289\" target=\"_blank\" rel=\"noopener\">Vereinschronik bis 2009<\/a> im Original samt Quellenangaben aufgef\u00fchrt.<\/p>\n<p>Ab dem Jahr 2009 nimmt auch die Berichterstattung auf unserer Homepage langsam Gestalt an und die Beitr\u00e4ge nehmen zu, so dass die j\u00fcngere Vereinsgeschichte \u00fcber den Pressespiegel, die Stadtmeisterschaften und die Berichte in den einzelnen Rubriken des Men\u00fcs recht gut nachverfolgt werden kann.<\/p>\n<p>Eine Besonderheit ist die Vereinszeitungen &#8222;Josef\u00a0 &#8211; Rund ums Schachbrett (RumS)&#8220; (2008-2011), deren Ausgaben im Untermen\u00fc <a href=\"http:\/\/wp.vsg-1880-offenbach.de\/?page_id=2293\" target=\"_blank\" rel=\"noopener\">Vereinszeitung<\/a> alle noch zur Verf\u00fcgung stehen.<\/p>\n<p>&nbsp;<\/p>\n<\/div>\n<p>Views: 1385<\/p>","protected":false},"excerpt":{"rendered":"<p>Die VSG 1880 Offenbach wurde wie es der Name schon sagt im Jahr 1880 gegr\u00fcndet. 129 Jahre sp\u00e4ter hat unser fr\u00fcherer 1. Vorsitzende Harald E. Ball\u00f3 die Geschichte des Schachspiels in Offenbach und unseres Vereins zusammengetragen. Im Men\u00fc haben wir seinen Beitrag als Unterpunkt der Vereinsgeschichte unter Vereinschronik bis 2009 im Original samt Quellenangaben aufgef\u00fchrt. <a class=\"more-link\" href=\"https:\/\/wp.vsg-1880-offenbach.de\/?page_id=100\">weiterlesen&#8230;<\/a><\/p>\n","protected":false},"author":3,"featured_media":0,"parent":82,"menu_order":7,"comment_status":"closed","ping_status":"closed","template":"","meta":{"footnotes":""},"class_list":["post-100","page","type-page","status-publish","hentry"],"_links":{"self":[{"href":"https:\/\/wp.vsg-1880-offenbach.de\/index.php?rest_route=\/wp\/v2\/pages\/100","targetHints":{"allow":["GET"]}}],"collection":[{"href":"https:\/\/wp.vsg-1880-offenbach.de\/index.php?rest_route=\/wp\/v2\/pages"}],"about":[{"href":"https:\/\/wp.vsg-1880-offenbach.de\/index.php?rest_route=\/wp\/v2\/types\/page"}],"author":[{"embeddable":true,"href":"https:\/\/wp.vsg-1880-offenbach.de\/index.php?rest_route=\/wp\/v2\/users\/3"}],"replies":[{"embeddable":true,"href":"https:\/\/wp.vsg-1880-offenbach.de\/index.php?rest_route=%2Fwp%2Fv2%2Fcomments&post=100"}],"version-history":[{"count":8,"href":"https:\/\/wp.vsg-1880-offenbach.de\/index.php?rest_route=\/wp\/v2\/pages\/100\/revisions"}],"predecessor-version":[{"id":2302,"href":"https:\/\/wp.vsg-1880-offenbach.de\/index.php?rest_route=\/wp\/v2\/pages\/100\/revisions\/2302"}],"up":[{"embeddable":true,"href":"https:\/\/wp.vsg-1880-offenbach.de\/index.php?rest_route=\/wp\/v2\/pages\/82"}],"wp:attachment":[{"href":"https:\/\/wp.vsg-1880-offenbach.de\/index.php?rest_route=%2Fwp%2Fv2%2Fmedia&parent=100"}],"curies":[{"name":"wp","href":"https:\/\/api.w.org\/{rel}","templated":true}]}}