{"id":112,"date":"2018-06-24T09:20:03","date_gmt":"2018-06-24T09:20:03","guid":{"rendered":"http:\/\/wp.vsg-1880-offenbach.de\/?page_id=112"},"modified":"2022-04-13T22:07:59","modified_gmt":"2022-04-13T20:07:59","slug":"erwachsene","status":"publish","type":"page","link":"https:\/\/wp.vsg-1880-offenbach.de\/?page_id=112","title":{"rendered":"Kinder und Jugendliche"},"content":{"rendered":"<p><strong>Kinder- und Jugendtraining:<\/strong><\/p>\n<p>Die Kinder- und Jugendtrainings dienstags und freitags werden jeweils in den R\u00e4umen A003 bzw. A002 des Neubaus der Leibnizschule, Brandsbornstr. 11, 63069 Offenbach, durchgef\u00fchrt.<\/p>\n<p>Jeden Dienstag, Schulferien ausgenommen, findet von 17-18:30 Uhr das Jugendtraining statt. Neueinsteiger ab ca. 6 Jahren sind herzlich willkommen! Eine Voranmeldung ist nicht erforderlich. Lediglich die Grundregeln des Spiels sollten schon beherrscht werden. Der Spa\u00df am Spiel steht in diesem Training deutlich im Vordergrund.<\/p>\n<p>Jeden Freitag, Schulferien ausgenommen, findet dar\u00fcber hinaus von 18 bis 19:30 Uhr\u00a0f\u00fcr Kinder und Jugendliche mit einer DWZ von mehr als 1.000 ein F\u00f6rdertraining statt.\u00a0Die Steigerung der Spielst\u00e4rke anhand verschiedenster \u00dcbungen und Spielformen steht bei\u00a0dieser Gruppe im Vordergrund. Das bedeutet auch l\u00e4ngere und intensivere Theorieeinheiten, seien es die Varianten bestimmter Er\u00f6ffnungen, das Mittelspiel oder auch Endspielkonzepte.<\/p>\n<p>Ebenfalls an den Freitagen bieten wir den spielst\u00e4rksten und trainingsfreudigen Kindern und Jugendlichen des Vereins ein IM-Training an. Diese Leistungsgruppe trainiert ebenfalls von 18:00 Uhr bis 19:30 Uhr. Eine Teilnahme ist nur nach vorheriger Absprache m\u00f6glich.<\/p>\n<p>Dienstags leitet C-Trainer und unser langj\u00e4hriger Jugendleiter Udo Lanz zusammen mit Tom Werner, ebenfalls C-Trainer, das Kinder- und Jugendtraining. Die F\u00f6rdergruppe am Freitag wird von unseren Jugendtrainer Matthias L\u00fctzen geleitet.<\/p>\n<div id=\"attachment_423\" style=\"width: 460px\" class=\"wp-caption alignleft\"><a href=\"http:\/\/wp.vsg-1880-offenbach.de\/wp-content\/uploads\/2018\/06\/Udo-Lanz.jpg\"><img loading=\"lazy\" decoding=\"async\" aria-describedby=\"caption-attachment-423\" class=\"size-large wp-image-423\" src=\"http:\/\/wp.vsg-1880-offenbach.de\/wp-content\/uploads\/2018\/06\/Udo-Lanz-1024x683.jpg\" alt=\"\" width=\"450\" height=\"300\" srcset=\"https:\/\/wp.vsg-1880-offenbach.de\/wp-content\/uploads\/2018\/06\/Udo-Lanz-1024x683.jpg 1024w, https:\/\/wp.vsg-1880-offenbach.de\/wp-content\/uploads\/2018\/06\/Udo-Lanz-300x200.jpg 300w, https:\/\/wp.vsg-1880-offenbach.de\/wp-content\/uploads\/2018\/06\/Udo-Lanz-768x512.jpg 768w\" sizes=\"auto, (max-width: 450px) 100vw, 450px\" \/><\/a><p id=\"caption-attachment-423\" class=\"wp-caption-text\">Udo Lanz trainiert die Kinder am Dienstag<\/p><\/div>\n<div id=\"attachment_423\" style=\"width: 460px\" class=\"wp-caption alignleft\"><a href=\"http:\/\/wp.vsg-1880-offenbach.de\/wp-content\/uploads\/2021\/10\/Schachportrait-2021-scaled.jpg\"><img loading=\"lazy\" decoding=\"async\" aria-describedby=\"caption-attachment-423\" class=\"size-large wp-image-423\" src=\"http:\/\/wp.vsg-1880-offenbach.de\/wp-content\/uploads\/2021\/10\/Schachportrait-2021-scaled.jpg\" alt=\"\" width=\"450\" height=\"300\" \/><\/a><p id=\"caption-attachment-423\" class=\"wp-caption-text\">Tom Werner trainiert die Kinder ebenfalls am Dienstag<\/p><\/div>\n<div id=\"attachment_425\" style=\"width: 460px\" class=\"wp-caption alignleft\"><a href=\"http:\/\/wp.vsg-1880-offenbach.de\/wp-content\/uploads\/2018\/06\/Matthias-L\u00fctzen.jpg\"><img loading=\"lazy\" decoding=\"async\" aria-describedby=\"caption-attachment-425\" class=\"size-large wp-image-425\" src=\"http:\/\/wp.vsg-1880-offenbach.de\/wp-content\/uploads\/2018\/06\/Matthias-L\u00fctzen-1024x683.jpg\" alt=\"\" width=\"450\" height=\"300\" srcset=\"https:\/\/wp.vsg-1880-offenbach.de\/wp-content\/uploads\/2018\/06\/Matthias-L\u00fctzen-1024x683.jpg 1024w, https:\/\/wp.vsg-1880-offenbach.de\/wp-content\/uploads\/2018\/06\/Matthias-L\u00fctzen-300x200.jpg 300w, https:\/\/wp.vsg-1880-offenbach.de\/wp-content\/uploads\/2018\/06\/Matthias-L\u00fctzen-768x512.jpg 768w\" sizes=\"auto, (max-width: 450px) 100vw, 450px\" \/><\/a><p id=\"caption-attachment-425\" class=\"wp-caption-text\">Matthias L\u00fctzen trainiert ebenfalls die F\u00f6rdergruppe am Freitag.<\/p><\/div>\n<div id=\"attachment_425\" style=\"width: 460px\" class=\"wp-caption alignleft\"><a href=\"http:\/\/wp.vsg-1880-offenbach.de\/wp-content\/uploads\/2019\/08\/Robert-Baskin-Juli-2019-1024x768.jpg\"><img loading=\"lazy\" decoding=\"async\" aria-describedby=\"caption-attachment-425\" class=\"size-large wp-image-6367\" src=\"http:\/\/wp.vsg-1880-offenbach.de\/wp-content\/uploads\/2019\/08\/Robert-Baskin-Juli-2019-1024x768.jpg\" alt=\"\" width=\"450\" height=\"300\" \/><\/a><p id=\"caption-attachment-425\" class=\"wp-caption-text\">Robert Baskin trainiert die Leistungsgruppe am Freitag.<\/p><\/div>\n<p>Views: 3506<\/p>","protected":false},"excerpt":{"rendered":"<p>Kinder- und Jugendtraining: Die Kinder- und Jugendtrainings dienstags und freitags werden jeweils in den R\u00e4umen A003 bzw. A002 des Neubaus der Leibnizschule, Brandsbornstr. 11, 63069 Offenbach, durchgef\u00fchrt. Jeden Dienstag, Schulferien ausgenommen, findet von 17-18:30 Uhr das Jugendtraining statt. Neueinsteiger ab ca. 6 Jahren sind herzlich willkommen! Eine Voranmeldung ist nicht erforderlich. Lediglich die Grundregeln des <a class=\"more-link\" href=\"https:\/\/wp.vsg-1880-offenbach.de\/?page_id=112\">weiterlesen&#8230;<\/a><\/p>\n","protected":false},"author":3,"featured_media":0,"parent":861,"menu_order":2,"comment_status":"closed","ping_status":"closed","template":"","meta":{"footnotes":""},"class_list":["post-112","page","type-page","status-publish","hentry"],"_links":{"self":[{"href":"https:\/\/wp.vsg-1880-offenbach.de\/index.php?rest_route=\/wp\/v2\/pages\/112","targetHints":{"allow":["GET"]}}],"collection":[{"href":"https:\/\/wp.vsg-1880-offenbach.de\/index.php?rest_route=\/wp\/v2\/pages"}],"about":[{"href":"https:\/\/wp.vsg-1880-offenbach.de\/index.php?rest_route=\/wp\/v2\/types\/page"}],"author":[{"embeddable":true,"href":"https:\/\/wp.vsg-1880-offenbach.de\/index.php?rest_route=\/wp\/v2\/users\/3"}],"replies":[{"embeddable":true,"href":"https:\/\/wp.vsg-1880-offenbach.de\/index.php?rest_route=%2Fwp%2Fv2%2Fcomments&post=112"}],"version-history":[{"count":19,"href":"https:\/\/wp.vsg-1880-offenbach.de\/index.php?rest_route=\/wp\/v2\/pages\/112\/revisions"}],"predecessor-version":[{"id":9279,"href":"https:\/\/wp.vsg-1880-offenbach.de\/index.php?rest_route=\/wp\/v2\/pages\/112\/revisions\/9279"}],"up":[{"embeddable":true,"href":"https:\/\/wp.vsg-1880-offenbach.de\/index.php?rest_route=\/wp\/v2\/pages\/861"}],"wp:attachment":[{"href":"https:\/\/wp.vsg-1880-offenbach.de\/index.php?rest_route=%2Fwp%2Fv2%2Fmedia&parent=112"}],"curies":[{"name":"wp","href":"https:\/\/api.w.org\/{rel}","templated":true}]}}