{"id":115,"date":"2018-06-24T09:21:08","date_gmt":"2018-06-24T09:21:08","guid":{"rendered":"http:\/\/wp.vsg-1880-offenbach.de\/?page_id=115"},"modified":"2023-05-14T17:19:27","modified_gmt":"2023-05-14T15:19:27","slug":"erwachsene-2","status":"publish","type":"page","link":"https:\/\/wp.vsg-1880-offenbach.de\/?page_id=115","title":{"rendered":"Erwachsene"},"content":{"rendered":"<p><strong>Vereinstraining:<\/strong><\/p>\n<p>Leider k\u00f6nnen wir derzeit kein Erwachsenentraining anbieten. Wir informieren, sobald sich dieses wieder \u00e4ndert.<\/p>\n<p>Bis einschlie\u00dflich M\u00e4rz 2023 fand jeden Mittwoch, beginnend mit dem 13.4.2022, bei uns im Vereinsheim, Arthur-Zitscher-Stra\u00dfe 22, von 19:30 Uhr bis 21:00 das Vereinstraining statt. Dabei wurden jeweils ein oder mehrere schachliche Themen gemeinsam diskutiert und analysiert. Die jeweils aktuellen Themen und zugeh\u00f6rigen Materialien wie auch die der Vorwochen findet ihr, wenn mit dem Computer gearbeitet wurde, oben in der Men\u00fcleiste. Einfach auf <a href=\"http:\/\/wp.vsg-1880-offenbach.de\/?cat=10\" target=\"_blank\" rel=\"noopener\">Training<\/a> klicken.<\/p>\n<p>Teilnehmen konnte jeder, eine Voranmeldung war nicht erforderlich. Das Training wurde von WIM Kateryna Dolzhykova, ukrainische Meisterin von 2021, in englischer Sprache gehalten. Wir freuen uns sehr, dass wir eine so profilierte Spielerin f\u00fcr unser Vereinstraining gewinnen konnten und wir ihr in den ersten Monaten in Deutschland den Einstieg etwas erleichtern konnten.<\/p>\n<p><img loading=\"lazy\" decoding=\"async\" class=\"alignnone size-medium wp-image-9210\" src=\"http:\/\/wp.vsg-1880-offenbach.de\/wp-content\/uploads\/2022\/03\/dolzhykova-300x188.jpg\" alt=\"\" width=\"300\" height=\"188\" srcset=\"https:\/\/wp.vsg-1880-offenbach.de\/wp-content\/uploads\/2022\/03\/dolzhykova-300x188.jpg 300w, https:\/\/wp.vsg-1880-offenbach.de\/wp-content\/uploads\/2022\/03\/dolzhykova-768x480.jpg 768w, https:\/\/wp.vsg-1880-offenbach.de\/wp-content\/uploads\/2022\/03\/dolzhykova.jpg 800w\" sizes=\"auto, (max-width: 300px) 100vw, 300px\" \/><\/p>\n<p>Nat\u00fcrlich sind auch noch die Trainingsmaterialien unseres langj\u00e4hrigen Trainingsleiters Ernst Heppner unter dem oben genannten Link abrufbar. Ernst hatte sich in der Coronazeit entschieden, ein wenig k\u00fcrzer zu treten und das alte Vereinstraining erstmal nicht wieder aufzunehmen.<\/p>\n<p><img loading=\"lazy\" decoding=\"async\" class=\"alignnone size-medium wp-image-2384\" src=\"http:\/\/wp.vsg-1880-offenbach.de\/wp-content\/uploads\/2018\/07\/20170511_215226-225x300.jpg\" alt=\"\" width=\"225\" height=\"300\" srcset=\"https:\/\/wp.vsg-1880-offenbach.de\/wp-content\/uploads\/2018\/07\/20170511_215226-225x300.jpg 225w, https:\/\/wp.vsg-1880-offenbach.de\/wp-content\/uploads\/2018\/07\/20170511_215226-768x1024.jpg 768w, https:\/\/wp.vsg-1880-offenbach.de\/wp-content\/uploads\/2018\/07\/20170511_215226.jpg 960w\" sizes=\"auto, (max-width: 225px) 100vw, 225px\" \/><\/p>\n<p>Views: 2754<\/p>","protected":false},"excerpt":{"rendered":"<p>Vereinstraining: Leider k\u00f6nnen wir derzeit kein Erwachsenentraining anbieten. Wir informieren, sobald sich dieses wieder \u00e4ndert. Bis einschlie\u00dflich M\u00e4rz 2023 fand jeden Mittwoch, beginnend mit dem 13.4.2022, bei uns im Vereinsheim, Arthur-Zitscher-Stra\u00dfe 22, von 19:30 Uhr bis 21:00 das Vereinstraining statt. Dabei wurden jeweils ein oder mehrere schachliche Themen gemeinsam diskutiert und analysiert. Die jeweils aktuellen <a class=\"more-link\" href=\"https:\/\/wp.vsg-1880-offenbach.de\/?page_id=115\">weiterlesen&#8230;<\/a><\/p>\n","protected":false},"author":3,"featured_media":0,"parent":861,"menu_order":1,"comment_status":"closed","ping_status":"closed","template":"","meta":{"footnotes":""},"class_list":["post-115","page","type-page","status-publish","hentry"],"_links":{"self":[{"href":"https:\/\/wp.vsg-1880-offenbach.de\/index.php?rest_route=\/wp\/v2\/pages\/115","targetHints":{"allow":["GET"]}}],"collection":[{"href":"https:\/\/wp.vsg-1880-offenbach.de\/index.php?rest_route=\/wp\/v2\/pages"}],"about":[{"href":"https:\/\/wp.vsg-1880-offenbach.de\/index.php?rest_route=\/wp\/v2\/types\/page"}],"author":[{"embeddable":true,"href":"https:\/\/wp.vsg-1880-offenbach.de\/index.php?rest_route=\/wp\/v2\/users\/3"}],"replies":[{"embeddable":true,"href":"https:\/\/wp.vsg-1880-offenbach.de\/index.php?rest_route=%2Fwp%2Fv2%2Fcomments&post=115"}],"version-history":[{"count":11,"href":"https:\/\/wp.vsg-1880-offenbach.de\/index.php?rest_route=\/wp\/v2\/pages\/115\/revisions"}],"predecessor-version":[{"id":11348,"href":"https:\/\/wp.vsg-1880-offenbach.de\/index.php?rest_route=\/wp\/v2\/pages\/115\/revisions\/11348"}],"up":[{"embeddable":true,"href":"https:\/\/wp.vsg-1880-offenbach.de\/index.php?rest_route=\/wp\/v2\/pages\/861"}],"wp:attachment":[{"href":"https:\/\/wp.vsg-1880-offenbach.de\/index.php?rest_route=%2Fwp%2Fv2%2Fmedia&parent=115"}],"curies":[{"name":"wp","href":"https:\/\/api.w.org\/{rel}","templated":true}]}}