{"id":124,"date":"2018-06-24T09:52:28","date_gmt":"2018-06-24T09:52:28","guid":{"rendered":"http:\/\/wp.vsg-1880-offenbach.de\/?page_id=124"},"modified":"2018-06-28T20:26:02","modified_gmt":"2018-06-28T18:26:02","slug":"einzelmeisterschaften","status":"publish","type":"page","link":"https:\/\/wp.vsg-1880-offenbach.de\/?page_id=124","title":{"rendered":"Turnierteilnahmen"},"content":{"rendered":"<p>Turniere sind das Salz in der Suppe unserer jungen Schachspieler. Zahlreiche Vereine im n\u00e4heren und weiteren Umkreis bieten im Jahresverlauf liebevoll organisierte Turniere f\u00fcr Kinder ab ca. 6 Jahren bis ca. 20 Jahre an. Oftmals gibt es neben Pokalen f\u00fcr die Erstplatzierten auch Urkunden und Sachpreise f\u00fcr alle teilnehmenden Kinder zu gewinnen. Gl\u00fcckliche Kinderaugen auf der R\u00fcckfahrt sind dann unabh\u00e4ngig vom sportlichen Abschneiden garantiert. Im Reiter <a href=\"http:\/\/wp.vsg-1880-offenbach.de\/?cat=12\">Jugend<\/a> berichten wir auch immer wieder \u00fcber Turnierbesuche.<\/p>\n<p>Jugendleiter und Eltern bilden f\u00fcr die Turniere in der Regel Fahrgemeinschaften. Regelm\u00e4\u00dfige Turniere im Jahreskalender finden beispielsweise in der Region rund um Offenbach in\u00a0<a href=\"http:\/\/www.chess-tigers.de\/\" target=\"_blank\" rel=\"noopener\">Bad Soden<\/a>, <a href=\"http:\/\/www.schachforum-darmstadt.de\/\" target=\"_blank\" rel=\"noopener\">Darmstadt<\/a>,\u00a0<a href=\"http:\/\/www.sv1920hofheim.de\/2018\/startseite.php\" target=\"_blank\" rel=\"noopener\">Hofheim<\/a>, <a href=\"https:\/\/www.sklangen.de\/\" target=\"_blank\" rel=\"noopener\">Langen<\/a>,\u00a0<a href=\"http:\/\/www.scnidderau.de\/\" target=\"_blank\" rel=\"noopener\">Nidderau<\/a>,\u00a0<a href=\"http:\/\/www.schachfreunde-schoeneck.de\/\" target=\"_blank\" rel=\"noopener\">Sch\u00f6neck<\/a> oder <a href=\"http:\/\/www.sk-gruendau.de\/\" target=\"_blank\" rel=\"noopener\">Gr\u00fcndau<\/a> statt. Letzteres Turnier ist ein Blitzschachturnier, welches schon seit mehr als drei Jahrzehnten jedes Jahr wieder stattfindet.<\/p>\n<p>Wenn die Kinder wollen, verlassen wir aber auch gerne das Rhein-Main-Gebiet. Turnierteilnahmen in <a href=\"https:\/\/biebertalerschach.wixsite.com\/biebertalerschach\" target=\"_blank\" rel=\"noopener\">Biebertal<\/a>, <a href=\"https:\/\/www.sk1980gernsheim.de\/\" target=\"_blank\" rel=\"noopener\">Gernsheim<\/a>, <a href=\"http:\/\/www.schachjugend-herborn.de\/\" target=\"_blank\" rel=\"noopener\">Herborn<\/a> oder <a href=\"http:\/\/www.schachclub-ketsch.de\/\" target=\"_blank\" rel=\"noopener\">Ketsch<\/a> sind fast schon Tradition, um nur ein paar besonders sch\u00f6ne Turniere herauszuheben.<\/p>\n<p>Die schon spielst\u00e4rkeren und meist etwas \u00e4lteren Kinder und Jugendliche spielen auch regelm\u00e4\u00dfig bei den gro\u00dfen Open-Turnieren der Erwachsenen mit. Regelm\u00e4\u00dfig im Herbst ist das <a href=\"http:\/\/www.heusenstamm-sparkassen-open.de\/hso_historie.htm\" target=\"_blank\" rel=\"noopener\">Turnier in Heusenstamm<\/a>, das auch ein separates Jugendturnier beinhaltet, die Gelegenheit, zahlreiche Gro\u00dfmeister quasi vor der eigenen Haust\u00fcr zu erleben. Open-Turniere in <a href=\"https:\/\/www.schachclub-eschborn.de\/\" target=\"_blank\" rel=\"noopener\">Eschborn<\/a>, <a href=\"http:\/\/www.schlosspark-open.de\" target=\"_blank\" rel=\"noopener\">Wiesbaden<\/a> und beispielsweise Vereinsreisen nach <a href=\"http:\/\/www.korbacher-open.de\/\" target=\"_blank\" rel=\"noopener\">Korbach<\/a> sind immer wieder sch\u00f6ne Turniererlebnisse f\u00fcr Kinder wie Erwachsene.<\/p>\n<p>Auf alle diese Turnierm\u00f6glichkeiten verlinken wir m\u00f6glichst auch rechts im Kalender oder informieren per Mail. Im Vereinsheim liegen auch regelm\u00e4\u00dfig Turnierausschreibungen aus. Wer Schach spielt, lernt also auch Hessen und Deutschland besser kennen.<\/p>\n<p>Views: 1861<\/p>","protected":false},"excerpt":{"rendered":"<p>Turniere sind das Salz in der Suppe unserer jungen Schachspieler. Zahlreiche Vereine im n\u00e4heren und weiteren Umkreis bieten im Jahresverlauf liebevoll organisierte Turniere f\u00fcr Kinder ab ca. 6 Jahren bis ca. 20 Jahre an. Oftmals gibt es neben Pokalen f\u00fcr die Erstplatzierten auch Urkunden und Sachpreise f\u00fcr alle teilnehmenden Kinder zu gewinnen. Gl\u00fcckliche Kinderaugen auf <a class=\"more-link\" href=\"https:\/\/wp.vsg-1880-offenbach.de\/?page_id=124\">weiterlesen&#8230;<\/a><\/p>\n","protected":false},"author":3,"featured_media":0,"parent":47,"menu_order":3,"comment_status":"closed","ping_status":"closed","template":"","meta":{"footnotes":""},"class_list":["post-124","page","type-page","status-publish","hentry"],"_links":{"self":[{"href":"https:\/\/wp.vsg-1880-offenbach.de\/index.php?rest_route=\/wp\/v2\/pages\/124","targetHints":{"allow":["GET"]}}],"collection":[{"href":"https:\/\/wp.vsg-1880-offenbach.de\/index.php?rest_route=\/wp\/v2\/pages"}],"about":[{"href":"https:\/\/wp.vsg-1880-offenbach.de\/index.php?rest_route=\/wp\/v2\/types\/page"}],"author":[{"embeddable":true,"href":"https:\/\/wp.vsg-1880-offenbach.de\/index.php?rest_route=\/wp\/v2\/users\/3"}],"replies":[{"embeddable":true,"href":"https:\/\/wp.vsg-1880-offenbach.de\/index.php?rest_route=%2Fwp%2Fv2%2Fcomments&post=124"}],"version-history":[{"count":9,"href":"https:\/\/wp.vsg-1880-offenbach.de\/index.php?rest_route=\/wp\/v2\/pages\/124\/revisions"}],"predecessor-version":[{"id":877,"href":"https:\/\/wp.vsg-1880-offenbach.de\/index.php?rest_route=\/wp\/v2\/pages\/124\/revisions\/877"}],"up":[{"embeddable":true,"href":"https:\/\/wp.vsg-1880-offenbach.de\/index.php?rest_route=\/wp\/v2\/pages\/47"}],"wp:attachment":[{"href":"https:\/\/wp.vsg-1880-offenbach.de\/index.php?rest_route=%2Fwp%2Fv2%2Fmedia&parent=124"}],"curies":[{"name":"wp","href":"https:\/\/api.w.org\/{rel}","templated":true}]}}