{"id":128,"date":"2018-06-24T09:54:25","date_gmt":"2018-06-24T09:54:25","guid":{"rendered":"http:\/\/wp.vsg-1880-offenbach.de\/?page_id=128"},"modified":"2018-06-28T20:25:01","modified_gmt":"2018-06-28T18:25:01","slug":"einzelmeisterschaften-2","status":"publish","type":"page","link":"https:\/\/wp.vsg-1880-offenbach.de\/?page_id=128","title":{"rendered":"Mannschaftsmeisterschaften"},"content":{"rendered":"<p>Das Gemeinschaftsgef\u00fchl ist uns wichtig. Erleben kann man dies in den zahlreichen Mannschaftswettbewerben, bei denen wir mit unseren Kinder- und Jugendmannschaften teilnehmen. Hier kommt es nicht mehr nur auf das eigene Spiel an, es wird auch mit den Teamkameraden kr\u00e4ftig mitgefiebert und die Daumen gedr\u00fcckt. Und das Sch\u00f6ne ist, man kann auch mal ein Spiel verlieren und die Mannschaft kann trotzdem noch gewinnen.<\/p>\n<p>Mit den Kinder- und Jugendmannschaften sind wir auf allen schachlichen Ebenen unterwegs. Den leichtesten Einstieg in die Mannschaftsspiele bekommen die Kinder und Jugendlichen in einer unserer Jugendmannschaften in den<\/p>\n<ul>\n<li>Jugendligen des Main-Vogelsberg-Bezirkes.<\/li>\n<\/ul>\n<p>Unter dem Reiter &#8222;Mannschaften&#8220; oben in der Men\u00fcleiste sind unsere Jugendmannschaften direkt verlinkt. Spieltage, Ergebnisse und Tabellen sind dort f\u00fcr jede Mannschaft hinterlegt.<\/p>\n<p>Neben den Jugendligen stellen wir auch regelm\u00e4\u00dfig Mannschaften f\u00fcr die<\/p>\n<ul>\n<li><a href=\"http:\/\/hessische-schachjugend.de\/category\/mannschaftsmeisterschaften\/\" target=\"_blank\" rel=\"noopener\">Hessischen Mannschaftsmeisterschaften<\/a><\/li>\n<\/ul>\n<p>zusammen, die von der <a href=\"http:\/\/hessische-schachjugend.de\/\" target=\"_blank\" rel=\"noopener\">Hessischen Schachjugend<\/a> organisiert werden. Angeboten werden diese f\u00fcr die Altersklassen zwischen U10 und U20 sowie eine Extrameisterschaft nur f\u00fcr M\u00e4dchenteams. Zusammen mit der Leibnizschule haben wir in den vergangenen Jahren auch die ein oder andere Hessenmeisterschaft mit der Hessischen Schachjugend in Offenbach ausgerichtet, die Hessische M\u00e4dchenmannschaftsmeisterschaft auch schon mehrfach. Immer wieder haben unsere Teams dabei vordere Pl\u00e4tze belegt oder sogar die Hessenmeisterschaften gewonnen. Neben dem Titel und einer Einladung zur Offenbacher Sportgala bedeutet dies auch die Qualifikation zur<\/p>\n<ul>\n<li>Mitteldeutschen Meisterschaft<\/li>\n<\/ul>\n<p>der Bundesl\u00e4nder Hessen, Rheinland-Pfalz, Saarland und Th\u00fcringen. Meist kurz nach den Sommerferien spielen die besten Teams dieser Bundesl\u00e4nder in den jeweiligen Altersklassen untereinander die Qualifikationspl\u00e4tze f\u00fcr die<\/p>\n<ul>\n<li><a href=\"https:\/\/www.deutsche-schachjugend.de\/sport\/dvm\/\" target=\"_blank\" rel=\"noopener\">Deutschen Vereinsmeisterschaften<\/a><\/li>\n<\/ul>\n<p>aus. Diese werden von der <a href=\"https:\/\/www.deutsche-schachjugend.de\/\" target=\"_blank\" rel=\"noopener\">Deutschen Schachjugend<\/a>\u00a0immer zwischen Weihnachten und Neujahr organisiert. Besonders stolz sind wir, dass sich in den vergangenen Jahren regelm\u00e4\u00dfig Teams der VSG 1880 Offenbach f\u00fcr die Teilnahme an den Deutschen Vereinsmeisterschaften qualifizieren konnten und dort auch sehr gute Platzierungen erzielt wurden.<\/p>\n<p>\u00dcber die Mannschaftsmeisterschaften berichten wir nat\u00fcrlich auch jeweils oben unter den Reitern <a href=\"http:\/\/wp.vsg-1880-offenbach.de\/?cat=2\">Aktuelles<\/a>\u00a0bzw.\u00a0<a href=\"http:\/\/wp.vsg-1880-offenbach.de\/?cat=12\">Jugend<\/a>. Im Terminkalender verlinken wir auch die jeweiligen Termine und Ausschreibungen.<\/p>\n<p>&nbsp;<\/p>\n<p>Views: 1140<\/p>","protected":false},"excerpt":{"rendered":"<p>Das Gemeinschaftsgef\u00fchl ist uns wichtig. Erleben kann man dies in den zahlreichen Mannschaftswettbewerben, bei denen wir mit unseren Kinder- und Jugendmannschaften teilnehmen. Hier kommt es nicht mehr nur auf das eigene Spiel an, es wird auch mit den Teamkameraden kr\u00e4ftig mitgefiebert und die Daumen gedr\u00fcckt. Und das Sch\u00f6ne ist, man kann auch mal ein Spiel <a class=\"more-link\" href=\"https:\/\/wp.vsg-1880-offenbach.de\/?page_id=128\">weiterlesen&#8230;<\/a><\/p>\n","protected":false},"author":3,"featured_media":0,"parent":47,"menu_order":2,"comment_status":"closed","ping_status":"closed","template":"","meta":{"footnotes":""},"class_list":["post-128","page","type-page","status-publish","hentry"],"_links":{"self":[{"href":"https:\/\/wp.vsg-1880-offenbach.de\/index.php?rest_route=\/wp\/v2\/pages\/128","targetHints":{"allow":["GET"]}}],"collection":[{"href":"https:\/\/wp.vsg-1880-offenbach.de\/index.php?rest_route=\/wp\/v2\/pages"}],"about":[{"href":"https:\/\/wp.vsg-1880-offenbach.de\/index.php?rest_route=\/wp\/v2\/types\/page"}],"author":[{"embeddable":true,"href":"https:\/\/wp.vsg-1880-offenbach.de\/index.php?rest_route=\/wp\/v2\/users\/3"}],"replies":[{"embeddable":true,"href":"https:\/\/wp.vsg-1880-offenbach.de\/index.php?rest_route=%2Fwp%2Fv2%2Fcomments&post=128"}],"version-history":[{"count":10,"href":"https:\/\/wp.vsg-1880-offenbach.de\/index.php?rest_route=\/wp\/v2\/pages\/128\/revisions"}],"predecessor-version":[{"id":875,"href":"https:\/\/wp.vsg-1880-offenbach.de\/index.php?rest_route=\/wp\/v2\/pages\/128\/revisions\/875"}],"up":[{"embeddable":true,"href":"https:\/\/wp.vsg-1880-offenbach.de\/index.php?rest_route=\/wp\/v2\/pages\/47"}],"wp:attachment":[{"href":"https:\/\/wp.vsg-1880-offenbach.de\/index.php?rest_route=%2Fwp%2Fv2%2Fmedia&parent=128"}],"curies":[{"name":"wp","href":"https:\/\/api.w.org\/{rel}","templated":true}]}}