{"id":136,"date":"2018-06-24T10:16:38","date_gmt":"2018-06-24T10:16:38","guid":{"rendered":"http:\/\/wp.vsg-1880-offenbach.de\/?page_id=136"},"modified":"2018-06-28T23:27:39","modified_gmt":"2018-06-28T21:27:39","slug":"warum-schulschach","status":"publish","type":"page","link":"https:\/\/wp.vsg-1880-offenbach.de\/?page_id=136","title":{"rendered":"Warum Schulschach?"},"content":{"rendered":"<p><em><strong>&#8222;Ich war zu klein f\u00fcr die Schach-Sch\u00fclermannschaft!&#8220;<\/strong><\/em><br \/>\n<em>(Woody Allen) <\/em><\/p>\n<p>Warum Schach in der Kita oder Schule? Diese Frage stellen sich manche schachunerfahrenen Eltern und P\u00e4dagogen gleicherma\u00dfen. Jedoch ist es in L\u00e4ndern wie Russland oder der T\u00fcrkei selbstverst\u00e4ndlich, dass Schach in der Schule oder schon im Kindergarten gelernt wird. In Deutschland hat Schach noch nicht den gleichen Stellenwert und es h\u00e4ngt oftmals noch vom Zufall oder einer einzigen engagierten Person ab, ob es ein Schach-Angebot in Form von AGs, Projektwochen oder gar als Wahlfach an der jeweiligen Schule gibt.<\/p>\n<p>Die Frage ist schnell beantwortet. Die Kinder sollen Schach spielen k\u00f6nnen, wenn sie Spa\u00df dabei haben &#8211; und das haben sie meistens. Die angenehmen Nebenwirkungen, die sich dabei einstellen, werden Ihr Kind im Idealfall ein Leben lang positiv begleiten. Langeweile kennt ein Schachspieler oder eine Schachspielerin nicht mehr. Schach verbindet au\u00dferdem junge und alte, arme und reiche, behinderte und nicht behinderte Menschen und bringt Kinder mit und ohne Migrationshintergrund nachhaltig zusammen. Somit ist Schach ein sehr gutes p\u00e4dagogisches Mittel und f\u00f6rdert Integration. Haben Kinder in der Kita oder Schule Schach kennengelernt, k\u00f6nnen manche davon gar nicht genug bekommen und finden so auch den Weg in den Verein, der sie ihr Leben lang begleiten kann.<\/p>\n<p>In zahlreichen deutschsprachigen Studien (u.a. Trierer Schulschach-Studie, Universit\u00e4t Koblenz-Landau, Schulamt Bozen) aber auch in anderen Sprachr\u00e4umen wurden die folgenden\u00a0positiven &#8222;Nebenwirkungen&#8220; des regelm\u00e4\u00dfigen Schachspiels in Schulen belegt:<\/p>\n<ul>\n<li>Schach st\u00e4rkt das Selbstbewusstsein und weckt Selbstvertrauen.<\/li>\n<li>Schach f\u00f6rdert das rationale Denken.<\/li>\n<li>Schach f\u00f6rdert Teamgeist.<\/li>\n<li>Schach lehrt die Akzeptanz von Niederlagen und die Demut beim Siegen.<\/li>\n<li>Schach lehrt Verantwortung f\u00fcr das eigene Handeln zu \u00fcbernehmen.<\/li>\n<li>Schach kann Kindern helfen Freunde zu finden und mit anderen Kindern Kontakt aufzunehmen &#8211; auch \u00fcber manchmal vorhandene sprachliche Grenzen hinweg.<\/li>\n<li>Schach kann Kindern aufzeigen, dass Training und harte Arbeit bessere Leistungen bringen.<\/li>\n<li>Schach hat keine intellektuellen Grenzen. (Selbst die besten Spieler der Welt werden das Spiel nicht g\u00e4nzlich perfektionieren k\u00f6nnen.)<\/li>\n<\/ul>\n<p>M\u00f6glicher positiver Einfluss auf die schulischen Leistungen:<\/p>\n<ul>\n<li>verbessertes Wahrnehmungsverm\u00f6gen durch genauere Beobachtung<\/li>\n<li>verbesserte Konzentrationsf\u00e4higkeit<\/li>\n<li>h\u00f6here sprachliche F\u00e4higkeiten (wie Lese- und Sprachverst\u00e4ndnis)<\/li>\n<li>kritisches Denken<\/li>\n<li>mehr Durchhalteverm\u00f6gen beim L\u00f6sen von Problemen<\/li>\n<li>Verbesserung kognitiver F\u00e4higkeiten (abstraktes logisches und analytisches Denken) z.B. beim mathematischen Verst\u00e4ndnis<\/li>\n<li>verbessertes r\u00e4umliches Vorstellungsverm\u00f6gen<\/li>\n<li>positiver Einfluss auf das Sozialverhalten<\/li>\n<\/ul>\n<p>Aber ist Schach nicht nur etwas f\u00fcr die &#8222;Cracks&#8220;? Nein, ganz im Gegenteil. Die oben schon zitierten Studien wie auch andere wissenschaftliche Arbeiten kamen zum Ergebnis, dass leistungsschwache Sch\u00fcler bei oben beschriebenen\u00a0Aspekten st\u00e4rker als leistungsstarke Sch\u00fcler vom Schachunterricht insbesondere in der Grundschule profitieren. Die Ergebnisse dieser Studien k\u00f6nnen <a href=\"http:\/\/wp.vsg-1880-offenbach.de\/wp-content\/uploads\/2018\/06\/StudieTrier.pdf\" target=\"_blank\" rel=\"noopener\">hier (Langtext)<\/a> und <a href=\"http:\/\/wp.vsg-1880-offenbach.de\/wp-content\/uploads\/2018\/06\/schulschachuntersuchung_trier.pdf\" target=\"_blank\" rel=\"noopener\">hier (Pr\u00e4sentation)<\/a>\u00a0nachgelesen werden. Eine Kurzfassung der Ergebnisse geben Artikel in FAZ und FAS wieder, die ebenfalls <a href=\"http:\/\/wp.vsg-1880-offenbach.de\/wp-content\/uploads\/2018\/06\/Schachartikel-in-FAZ-und-FAS.pdf\" target=\"_blank\" rel=\"noopener\">hier<\/a> heruntergeladen werden k\u00f6nnen, ebenso eine Untersuchung des <a href=\"http:\/\/wp.vsg-1880-offenbach.de\/wp-content\/uploads\/2018\/06\/studien-schachstudie-bericht-s\u00fcdtirol.pdf\" target=\"_blank\" rel=\"noopener\">Schulamtes Bozen<\/a>.<\/p>\n<p>Ansprechpartner zu allen Fragen rund um das Schulschach ist unser <a href=\"mailto:mueller.of@arcor.de\" target=\"_blank\" rel=\"noopener\">Schulschachkoordinator<\/a> Horst M\u00fcller. Gerne unterst\u00fctzen wir auch weitere Offenbacher Schulen bei der Einrichtung von Schulschach-AGs und dem Besuch von Schulschachturnieren. Mehr dazu findet sich in unserer Rubrik <a href=\"http:\/\/wp.vsg-1880-offenbach.de\/?page_id=138\">Angebot in Offenbacher Schulen<\/a>.<\/p>\n<p>Views: 1322<\/p>","protected":false},"excerpt":{"rendered":"<p>&#8222;Ich war zu klein f\u00fcr die Schach-Sch\u00fclermannschaft!&#8220; (Woody Allen) Warum Schach in der Kita oder Schule? Diese Frage stellen sich manche schachunerfahrenen Eltern und P\u00e4dagogen gleicherma\u00dfen. Jedoch ist es in L\u00e4ndern wie Russland oder der T\u00fcrkei selbstverst\u00e4ndlich, dass Schach in der Schule oder schon im Kindergarten gelernt wird. In Deutschland hat Schach noch nicht den <a class=\"more-link\" href=\"https:\/\/wp.vsg-1880-offenbach.de\/?page_id=136\">weiterlesen&#8230;<\/a><\/p>\n","protected":false},"author":3,"featured_media":0,"parent":49,"menu_order":1,"comment_status":"closed","ping_status":"closed","template":"","meta":{"footnotes":""},"class_list":["post-136","page","type-page","status-publish","hentry"],"_links":{"self":[{"href":"https:\/\/wp.vsg-1880-offenbach.de\/index.php?rest_route=\/wp\/v2\/pages\/136","targetHints":{"allow":["GET"]}}],"collection":[{"href":"https:\/\/wp.vsg-1880-offenbach.de\/index.php?rest_route=\/wp\/v2\/pages"}],"about":[{"href":"https:\/\/wp.vsg-1880-offenbach.de\/index.php?rest_route=\/wp\/v2\/types\/page"}],"author":[{"embeddable":true,"href":"https:\/\/wp.vsg-1880-offenbach.de\/index.php?rest_route=\/wp\/v2\/users\/3"}],"replies":[{"embeddable":true,"href":"https:\/\/wp.vsg-1880-offenbach.de\/index.php?rest_route=%2Fwp%2Fv2%2Fcomments&post=136"}],"version-history":[{"count":14,"href":"https:\/\/wp.vsg-1880-offenbach.de\/index.php?rest_route=\/wp\/v2\/pages\/136\/revisions"}],"predecessor-version":[{"id":890,"href":"https:\/\/wp.vsg-1880-offenbach.de\/index.php?rest_route=\/wp\/v2\/pages\/136\/revisions\/890"}],"up":[{"embeddable":true,"href":"https:\/\/wp.vsg-1880-offenbach.de\/index.php?rest_route=\/wp\/v2\/pages\/49"}],"wp:attachment":[{"href":"https:\/\/wp.vsg-1880-offenbach.de\/index.php?rest_route=%2Fwp%2Fv2%2Fmedia&parent=136"}],"curies":[{"name":"wp","href":"https:\/\/api.w.org\/{rel}","templated":true}]}}