{"id":140,"date":"2018-06-24T10:17:35","date_gmt":"2018-06-24T10:17:35","guid":{"rendered":"http:\/\/wp.vsg-1880-offenbach.de\/?page_id=140"},"modified":"2021-07-06T15:19:26","modified_gmt":"2021-07-06T13:19:26","slug":"deutsche-schachschulen-in-offenbach","status":"publish","type":"page","link":"https:\/\/wp.vsg-1880-offenbach.de\/?page_id=140","title":{"rendered":"&#8222;Deutsche Schachschulen&#8220; in Offenbach"},"content":{"rendered":"<p>2011 wurde das erst 2009 gegr\u00fcndete <a href=\"http:\/\/www.erasmus-offenbach.de\" target=\"_blank\" rel=\"noopener\">Erasmus Bildungshaus<\/a> im Dreieichring 24 &#8222;Deutsche Schachschule&#8220;. Bei der <a href=\"http:\/\/wp.vsg-1880-offenbach.de\/wp-content\/uploads\/2018\/06\/Schachsiegel-Erasmus.pdf\" target=\"_blank\" rel=\"noopener\">Neuauflage der Bewerbung<\/a> f\u00fcr das Qualit\u00e4tssiegel der Deutschen Schachjugend in 2016 wurde es zus\u00e4tzlich auch die erste &#8222;<a href=\"https:\/\/www.deutsche-schachjugend.de\/service\/auszeichnung-und-foerderung\/qualitaetssiegel\/deutsche-schach-kita\/\" target=\"_blank\" rel=\"noopener\">Deutsche Schachkita<\/a>&#8220; Hessens (bis 2021). Darauf sind auch wir sehr stolz, denn hier konnten wir unsere Expertise sehr gut einbringen.\u00a0 Unsere erste Schach-AG dort war zun\u00e4chst eigentlich nur f\u00fcr die Grundsch\u00fcler gedacht, aber es dauerte nicht lange bis erste sehr interessierte Kindergartenkinder vor der T\u00fcr standen und auch unbedingt teilnehmen wollten. Inzwischen haben viele dieser Kinder auch den Weg in den Verein gefunden, sind unter anderem Hessenmeister und Hessenmeisterinnen im Schach geworden und haben teilweise schon an Deutschen und sogar Europameisterschaften teilgenommen.<\/p>\n<p>Viele von Ihnen gehen inzwischen auf die <a href=\"http:\/\/www.ls.schulen-offenbach.de\/\" target=\"_blank\" rel=\"noopener\">Leibnizschule<\/a> direkt auf der anderen Seite des Dreieichparks und spielen dort weiter Schach. Das Gymnasium erf\u00fcllt inzwischen ebenfalls vorbildlich die <a href=\"https:\/\/www.deutsche-schachjugend.de\/service\/auszeichnung-und-foerderung\/qualitaetssiegel\/deutsche-schachschule-ein-guetesiegel-der-dsj\/\" target=\"_blank\" rel=\"noopener\">9 Qualit\u00e4tskriterien<\/a> f\u00fcr das Qualit\u00e4tssiegel &#8222;Deutsche Schachschule&#8220;, das es 2018 verliehen bekommen hat. Die Leibnizschule erm\u00f6glicht allen ihren an Schach interessierten Sch\u00fclerinnen und Sch\u00fclern die Teilnahme an ihren Schach-AGs und Schachprojekten und zahlreichen f\u00fcr sie individuell geeigneten Turnieren. Wir unterst\u00fctzen sie immer wieder sehr gerne dabei.<\/p>\n<p>Views: 2436<\/p>","protected":false},"excerpt":{"rendered":"<p>2011 wurde das erst 2009 gegr\u00fcndete Erasmus Bildungshaus im Dreieichring 24 &#8222;Deutsche Schachschule&#8220;. Bei der Neuauflage der Bewerbung f\u00fcr das Qualit\u00e4tssiegel der Deutschen Schachjugend in 2016 wurde es zus\u00e4tzlich auch die erste &#8222;Deutsche Schachkita&#8220; Hessens (bis 2021). Darauf sind auch wir sehr stolz, denn hier konnten wir unsere Expertise sehr gut einbringen.\u00a0 Unsere erste Schach-AG <a class=\"more-link\" href=\"https:\/\/wp.vsg-1880-offenbach.de\/?page_id=140\">weiterlesen&#8230;<\/a><\/p>\n","protected":false},"author":3,"featured_media":0,"parent":49,"menu_order":3,"comment_status":"closed","ping_status":"closed","template":"","meta":{"footnotes":""},"class_list":["post-140","page","type-page","status-publish","hentry"],"_links":{"self":[{"href":"https:\/\/wp.vsg-1880-offenbach.de\/index.php?rest_route=\/wp\/v2\/pages\/140","targetHints":{"allow":["GET"]}}],"collection":[{"href":"https:\/\/wp.vsg-1880-offenbach.de\/index.php?rest_route=\/wp\/v2\/pages"}],"about":[{"href":"https:\/\/wp.vsg-1880-offenbach.de\/index.php?rest_route=\/wp\/v2\/types\/page"}],"author":[{"embeddable":true,"href":"https:\/\/wp.vsg-1880-offenbach.de\/index.php?rest_route=\/wp\/v2\/users\/3"}],"replies":[{"embeddable":true,"href":"https:\/\/wp.vsg-1880-offenbach.de\/index.php?rest_route=%2Fwp%2Fv2%2Fcomments&post=140"}],"version-history":[{"count":5,"href":"https:\/\/wp.vsg-1880-offenbach.de\/index.php?rest_route=\/wp\/v2\/pages\/140\/revisions"}],"predecessor-version":[{"id":8287,"href":"https:\/\/wp.vsg-1880-offenbach.de\/index.php?rest_route=\/wp\/v2\/pages\/140\/revisions\/8287"}],"up":[{"embeddable":true,"href":"https:\/\/wp.vsg-1880-offenbach.de\/index.php?rest_route=\/wp\/v2\/pages\/49"}],"wp:attachment":[{"href":"https:\/\/wp.vsg-1880-offenbach.de\/index.php?rest_route=%2Fwp%2Fv2%2Fmedia&parent=140"}],"curies":[{"name":"wp","href":"https:\/\/api.w.org\/{rel}","templated":true}]}}