{"id":1407,"date":"2018-07-01T14:19:31","date_gmt":"2018-07-01T12:19:31","guid":{"rendered":"http:\/\/wp.vsg-1880-offenbach.de\/?page_id=1407"},"modified":"2018-07-11T16:28:34","modified_gmt":"2018-07-11T14:28:34","slug":"datenschutzinformationen","status":"publish","type":"page","link":"https:\/\/wp.vsg-1880-offenbach.de\/?page_id=1407","title":{"rendered":"Datenschutzinformationen"},"content":{"rendered":"<div id=\"ja-contentwrap\">\n<div id=\"ja-content\">\n<div class=\"article-content\">\n<p>Datenschutzinformation<\/p>\n<p>Wir m\u00f6chten Sie hier dar\u00fcber informieren, inwieweit wir Daten von Ihnen erheben, wie wir damit umgehen und welche Rechte Ihnen hierbei zustehen.<\/p>\n<p>Diese Information beruht auf der Datenschutzgrundverordnung (DSGVO), die am 25.5.18 in Kraft tritt und gilt ab diesem Tage. Die Erhebung und Verarbeitung bereits vorhandener Daten bis zum 24.5.18 beruht auf der bisherigen Rechtslage; Ihre Rechte (s.u. Punkt C) gelten auch f\u00fcr die bereits erhobenen Daten.<\/p>\n<h3><\/h3>\n<h3><strong>A) Welche Daten erheben wir? Aus welchen Gr\u00fcnden und auf der Basis welcher Rechtsgrundlage?<\/strong><\/h3>\n<h3>Webseite<\/h3>\n<p>Die Nutzung unserer Seite ist grunds\u00e4tzlich ohne Angabe von personenbezogenen Daten m\u00f6glich. Wir verwenden keine Analyseprogramme und setzen keine Cookies bei Ihnen.<\/p>\n<p>Es gibt hiervon nur drei Ausnahmen:<\/p>\n<p>a)<\/p>\n<p>Sie lassen sich als Mitglied registrieren. Das ist nur f\u00fcr Vereinsmitglieder m\u00f6glich. Dann haben Sie Zugang zu den internen Bereichen der Webseite. Wir speichern dann auch hierf\u00fcr Ihren Namen und Ihre Mailadresse. Lesen Sie hierzu bitte unten unsere Datenschutzhinweise f\u00fcr Vereinsmitglieder.<\/p>\n<p>b)<\/p>\n<p>Aus technischen Gr\u00fcnden (z.B. zur Abwehr und Kontrolle etwaiger unberechtigter Zugriffe) werden die \u00fcblichen Serverlogfiles erfasst, die Ihr Internet-Browser an unseren Provider \u00fcbermittelt. Das sind:<\/p>\n<p>&#8211; Browsertyp und -version<br \/>\n&#8211; verwendetes Betriebssystem<br \/>\n&#8211; Webseite, von der aus Sie uns besuchen (Referrer URL)<br \/>\n&#8211; Webseite, die Sie besuchen<br \/>\n&#8211; Datum und Uhrzeit Ihres Zugriffs<br \/>\n&#8211; Ihre Internet Protokoll (IP)-Adresse.<\/p>\n<p>Diese Daten werden nur bei und von unserem Provider gespeichert. Wir greifen auf diese Daten auch nicht zu. Diese Daten sind aus sich heraus nicht bestimmten Personen zuordenbar. Eine Zusammenf\u00fchrung dieser Daten mit anderen Datenquellen wird nicht vorgenommen. Wir behalten uns vor, diese Daten nachtr\u00e4glich zu pr\u00fcfen, wenn uns konkrete Anhaltspunkte f\u00fcr eine rechtswidrige Nutzung bekannt werden.<\/p>\n<p>c)<\/p>\n<p>Diese Webseite nutzt das WordPress Analyse Plugin WP Statistics. Anbieter dieses Plugins ist <a href=\"http:\/\/wp-statistics.com\/\" target=\"_blank\" rel=\"noopener\" data-saferedirecturl=\"https:\/\/www.google.com\/url?hl=de&amp;q=http:\/\/wp-statistics.com&amp;source=gmail&amp;ust=1531404308741000&amp;usg=AFQjCNH63CtUYhoXFoSTxC85MWvZxtaN0g\">wp-statistics.com<\/a>. Aus den Daten werden in anonymisierter Form einfache Statistiken erstellt. Dazu werden keine Nutzungsprofile erstellt und auch keine Cookies gesetzt. S\u00e4mtliche von WP Statistics erhobenen Daten werden vollst\u00e4ndig anonymisiert auf diesem Webserver gespeichert. Eine pers\u00f6nliche Identifizierung eines Besuchers ist somit, auch nachtr\u00e4glich, nicht m\u00f6glich.<\/p>\n<p>Rechtsgrundlage f\u00fcr diese Datenverarbeitung ist Art. 6 I f DSGVO, da die Verarbeitung dieser Daten zur Gew\u00e4hrleistung der technischen Sicherheit der Kommunikation ben\u00f6tigt wird.<\/p>\n<h3>Turnierteilnahme<\/h3>\n<p>Wenn Sie an einem unserer Turniere teilnehmen, wird Ihr Name gespeichert und das Turnierergebnis wird nach Turnierende bekanntgegeben und im \u00f6ffentlichen Bereich unserer Webseite oder Social Media Seiten wie Facebook oder als Pressemitteilung zur Verwendung in Printmedien\u00a0 ver\u00f6ffentlicht. Ebenso k\u00f6nnen auch Fotos oder Videos vom Turniergeschehen und seinem Umfeld in den genannten Medien ver\u00f6ffentlicht werden.<\/p>\n<p>Die Ver\u00f6ffentlichung der Turnierergebnisse entspricht dem Vereinszweck, Schachturniere durchzuf\u00fchren; im Gegensatz zum freien Spiel ist es Kennzeichen eines Turnieres, dass ein Ergebnis festgestellt und bekanntgemacht wird.<\/p>\n<p>Die Aufnahme der einzelnen Namen hierzu ist nicht zwingend notwendig, aber erw\u00fcnscht. Wir bitten Sie bei der Anmeldung zum Turnier jeweils um Ihr Einverst\u00e4ndnis hierzu. Die Turnierteilnahme ist von diesem Einverst\u00e4ndnis nicht abh\u00e4ngig; im Falle des fehlenden Einverst\u00e4ndnisses wird Ihr Name in den Ergebnislisten anonymisiert.<\/p>\n<p>Rechtsgrundlage f\u00fcr diese Datenverarbeitung ist Art. 6 I f DSGVO, was die Teilnehmerfeststellung und die Ergebnisfeststellung angeht. Hinsichtlich der Ver\u00f6ffentlichung Ihres Namens sowie von Fotos und Videos erfolgt die Verarbeitung mit Ihrer Einwilligung (Art 6 I a DSGVO).<\/p>\n<h3>Mitgliedschaft<\/h3>\n<p>Wir erheben von Ihnen bei der Aufnahme in den Verein Ihre Kontaktdaten (Name, Vorname, Anschrift, Telefonnummer und Emailadresse) und Ihre Bankverbindung, falls ein Lastschriftverfahren vereinbart wird. Wir bitten dar\u00fcber hinaus f\u00fcr statistische Zwecke um freiwillige Angabe des Geburtsdatums.<\/p>\n<p>Wir ben\u00f6tigen die Kontaktdaten, um Sie als Mitglied identifizieren zu k\u00f6nnen und mit Ihnen kommunizieren zu k\u00f6nnen. Die Bankverbindung ben\u00f6tigen wir f\u00fcr den Einzug der Beitr\u00e4ge, falls Sie mit der Erteilung eines Lastschriftmandates einverstanden sind.<\/p>\n<p>Rechtsgrundlage f\u00fcr die Verarbeitung dieser Daten ist ebenfalls Art 6 I f DSGVO, hinsichtlich des Geburtsdatums und der Bankverbindung Art 6 I a DSGVO.<\/p>\n<p>Ihre Kontaktdaten und das Geburtsdatum, so vorhanden, geben wir an den DSB (Deutscher Schachbund) weiter, der eine eigene Mitgliedsverwaltung f\u00fchrt. Zu dieser Weitergabe sind wir nach \u00a7 7 V der Satzung des DSB verpflichtet. Die Satzung des DSB, dessen Mitglied die VSG-1880 Offenbach ist, ist f\u00fcr uns verbindlich. Das ist auch in unserer eigenen Satzung verankert (\u00a7 2 der Satzung der VSG-1880-Offenbach).<\/p>\n<p>Ihre Kontaktdaten werden gepr\u00fcft und Ihr Name wird in der Nutzerverwaltung gespeichert, falls Sie sich f\u00fcr den internen Bereich der Webseite registrieren. Rechtsgrundlage hierf\u00fcr ist Art 6 I f DSGVO, da wir sicherzustellen haben, dass ausschlie\u00dflich Mitglieder Zugang zu diesen Bereichen haben.<\/p>\n<p>In diesem internen Bereich ver\u00f6ffentlichen wir auch eine vollst\u00e4ndige Mitgliederliste. Dort sind an pers\u00f6nlichen Daten Ihr Name, Vorname und die Telefonnummer angegeben. Die vereinsinterne Bekanntgabe der Mitgliederliste ist Tradition im Verein und dient dazu, den Mitgliedern die M\u00f6glichkeit dazu zu geben, miteinander Kontakt aufzunehmen, um &#8211; auch kurzfristig \u2013 Partnerschaften wie Fahrgemeinschaften f\u00fcr einzelne Turniere oder l\u00e4ngerfristige Partnerschaften zu bilden. Das ist zur Erf\u00fcllung des Vereinszwecks sinnvoll und geboten. Rechtsgrundlage dieser Verarbeitung ist daher zun\u00e4chst Art 6 I f DSGVO.<\/p>\n<p>Wir machen aber die Aufnahme in diese Liste von Ihrem Einverst\u00e4ndnis abh\u00e4ngig, um das wir bei dem Beitritt in die VSG 1880 Offenbach bitten, so dass als weitere Rechtsgrundlage auch Art 6 I a DSGVO dient.<\/p>\n<p>&nbsp;<\/p>\n<h3>B) Was geschieht mit Ihren Daten?<\/h3>\n<p>Die Logfiles werden in Verantwortung des Providers dort regelm\u00e4\u00dfig gel\u00f6scht, sobald die technischen Gr\u00fcnde f\u00fcr eine Zugriffsm\u00f6glichkeit entfallen. Der Zeitpunkt l\u00e4sst sich nicht einheitlich bestimmen, da er vom Datenaufkommen und von der Zugriffsh\u00e4ufigkeit abh\u00e4ngt.<\/p>\n<p>Personenbezogene Daten werden im \u00dcbrigen generell gel\u00f6scht, wenn ihre Kenntnis f\u00fcr die in dieser Datenschutzerkl\u00e4rung beschriebenen Zwecke nicht mehr erforderlich ist, soweit nicht gesetzliche Bestimmungen eine l\u00e4ngere Speicherung vorschreiben. Ihre Mitgliedsdaten werden nach der Beendigung der Mitgliedschaft von der ver\u00f6ffentlichten Liste entfernt. Eine interne L\u00f6schung erfolgt nach Abwicklung etwa noch offener Fragen, sp\u00e4testens in der Regel mit Ablauf der gesetzlichen Verj\u00e4hrungsfristen f\u00fcr Vereinsbeitr\u00e4ge (3 Jahre, beginnend mit dem Jahresende, \u00a7 195 BGB).<\/p>\n<p>Eine L\u00f6schung der ver\u00f6ffentlichten Turnierergebnisse ist nicht vorgesehen.<\/p>\n<p>&nbsp;<\/p>\n<h3>C) Welche Rechte stehen Ihnen in diesem Zusammenhang zu?<\/h3>\n<p>Sie haben nach Ma\u00dfgabe der gesetzlichen Bestimmungen in Art 13 ff DSGVO<\/p>\n<ul>\n<li>Anspruch auf Auskunft \u00fcber Ihre von uns verarbeiteten personenbezogenen Daten (Art 15 DSGVO),<\/li>\n<li>Anspruch auf Berichtigung (Art 16 DSGVO) oder L\u00f6schung (Art 17 DSGVO) der Daten, Einschr\u00e4nkung der Verarbeitung (Art 18 DSGVO) oder Aus\u00fcbung eines Widerspruchsrechts gegen die Verarbeitung (Art 21 DSGVO),<\/li>\n<li>das Recht auf Daten\u00fcbertragbarkeit (\u00dcbermittlung der Daten in strukturiertem Format an Sie oder einen anderen Verantwortlichen, Art 20 DSGVO),<\/li>\n<li>das Recht, eine Einwilligung zur Datenverarbeitung zu widerrufen (Art 13 II c DSGVO),<\/li>\n<li>das Recht, sich bei einer Aufsichtsbeh\u00f6rde zu beschweren (Art 77 DSGVO).<\/li>\n<\/ul>\n<p>Diese Rechte stehen Ihnen grunds\u00e4tzlich auch f\u00fcr diejenigen Daten zu, die wir auf bisheriger Rechtsgrundlage vor dem Inkrafttreten der DSGVO erhoben und verarbeitet haben.<\/p>\n<p>Falls Sie Fragen oder W\u00fcnsche hierzu haben, k\u00f6nnen Sie uns gerne kontaktieren.<\/p>\n<p>&nbsp;<\/p>\n<h3>D) An wen k\u00f6nnen Sie sich wenden?<\/h3>\n<p>Die Verantwortung f\u00fcr die rechtm\u00e4\u00dfige Erhebung, Verarbeitung und Nutzung der Daten der Nutzer tr\u00e4gt die VSG 1880 Offenbach, die von ihrem Vorstand gesetzlich vertreten wird.<\/p>\n<p>Erster Vorsitzender mit Alleinvertretungsrecht ist derzeit Herr Friedhelm Meyer. Sie k\u00f6nnen ihn wie folgt erreichen:<\/p>\n<p><strong>Postanschrift:<\/strong><\/p>\n<p>Heusenstammer Weg 49<br \/>\n63071 Offenbach<\/p>\n<p><strong>Tel.<\/strong>: 069-871732<\/p>\n<p><strong>email:<\/strong> <a href=\"webmaster@vsg-1880-offenbach.de\">webmaster@vsg-1880-offenbach.de<\/a><\/p>\n<\/div>\n<\/div>\n<\/div>\n<div id=\"ja-footerwrap\">\n<div id=\"ja-footer\" class=\"clearfix\">\n<div class=\"copyright\">\n<div><\/div>\n<\/div>\n<\/div>\n<\/div>\n<p>Views: 4859<\/p>","protected":false},"excerpt":{"rendered":"<p>Datenschutzinformation Wir m\u00f6chten Sie hier dar\u00fcber informieren, inwieweit wir Daten von Ihnen erheben, wie wir damit umgehen und welche Rechte Ihnen hierbei zustehen. Diese Information beruht auf der Datenschutzgrundverordnung (DSGVO), die am 25.5.18 in Kraft tritt und gilt ab diesem Tage. Die Erhebung und Verarbeitung bereits vorhandener Daten bis zum 24.5.18 beruht auf der bisherigen <a class=\"more-link\" href=\"https:\/\/wp.vsg-1880-offenbach.de\/?page_id=1407\">weiterlesen&#8230;<\/a><\/p>\n","protected":false},"author":1,"featured_media":0,"parent":0,"menu_order":0,"comment_status":"closed","ping_status":"closed","template":"","meta":{"footnotes":""},"class_list":["post-1407","page","type-page","status-publish","hentry"],"_links":{"self":[{"href":"https:\/\/wp.vsg-1880-offenbach.de\/index.php?rest_route=\/wp\/v2\/pages\/1407","targetHints":{"allow":["GET"]}}],"collection":[{"href":"https:\/\/wp.vsg-1880-offenbach.de\/index.php?rest_route=\/wp\/v2\/pages"}],"about":[{"href":"https:\/\/wp.vsg-1880-offenbach.de\/index.php?rest_route=\/wp\/v2\/types\/page"}],"author":[{"embeddable":true,"href":"https:\/\/wp.vsg-1880-offenbach.de\/index.php?rest_route=\/wp\/v2\/users\/1"}],"replies":[{"embeddable":true,"href":"https:\/\/wp.vsg-1880-offenbach.de\/index.php?rest_route=%2Fwp%2Fv2%2Fcomments&post=1407"}],"version-history":[{"count":8,"href":"https:\/\/wp.vsg-1880-offenbach.de\/index.php?rest_route=\/wp\/v2\/pages\/1407\/revisions"}],"predecessor-version":[{"id":2398,"href":"https:\/\/wp.vsg-1880-offenbach.de\/index.php?rest_route=\/wp\/v2\/pages\/1407\/revisions\/2398"}],"wp:attachment":[{"href":"https:\/\/wp.vsg-1880-offenbach.de\/index.php?rest_route=%2Fwp%2Fv2%2Fmedia&parent=1407"}],"curies":[{"name":"wp","href":"https:\/\/api.w.org\/{rel}","templated":true}]}}