{"id":142,"date":"2018-06-24T10:18:05","date_gmt":"2018-06-24T10:18:05","guid":{"rendered":"http:\/\/wp.vsg-1880-offenbach.de\/?page_id=142"},"modified":"2022-06-12T23:10:41","modified_gmt":"2022-06-12T21:10:41","slug":"links-zum-schulschach","status":"publish","type":"page","link":"https:\/\/wp.vsg-1880-offenbach.de\/?page_id=142","title":{"rendered":"Links zum Schulschach"},"content":{"rendered":"<p>Schulschach ist vielf\u00e4ltiger als man denkt. Auf die zahlreichen Studien zu den positiven Auswirkungen des Schulschachs haben wir in unserer Rubrik &#8222;<a href=\"http:\/\/wp.vsg-1880-offenbach.de\/?page_id=136\" target=\"_blank\" rel=\"noopener\">Warum Schulschach?<\/a>&#8220; schon ausf\u00fchrlich verlinkt.<\/p>\n<p>F\u00fcr die bei den Sch\u00fclerinnen und Sch\u00fclern besonders beliebten Schulschachturniere in Hessen ist die Hessische Schachjugend die beste Anlaufstelle. In einer eigenen <a href=\"http:\/\/hessische-schachjugend.de\/category\/schulschach\/\" target=\"_blank\" rel=\"noopener\">Rubrik Schulschach<\/a> widmet sie sich intensiv den hoch attraktiven eigenen Turnieren und Angeboten. Die Ausschreibungen und Informationen zu den Schulschachturnieren werden dort mit ausreichend Vorlauf ver\u00f6ffentlicht. In unserem Kalender rechts am Rand verlinken wir ebenfalls darauf. Zum gro\u00dfen Frankfurter Schulschachturnier Hibbdebach-Dribbdebach mit mehr als 800 Teilnehmern hat auch der Hauptsponsor, die Frankfurter Sparkasse, eine eigene <a href=\"https:\/\/www.frankfurter-sparkasse.de\/de\/home\/ihre-sparkasse\/termine-und-events\/schulschach.html\" target=\"_blank\" rel=\"noopener\">Webpr\u00e4senz<\/a> eingerichtet.<\/p>\n<p>Auf Bundesebene ist die <a href=\"https:\/\/www.deutsche-schachjugend.de\/schulschach\/\" target=\"_blank\" rel=\"noopener\">Deutsche Schachjugend<\/a> der richtige Ansprechpartner. Sie veranstaltet nicht &#8222;nur&#8220; die <a href=\"https:\/\/www.deutsche-schachjugend.de\/sport\/dssm\/\" target=\"_blank\" rel=\"noopener\">Deutschen Schulschachmeisterschaften<\/a> oder verleiht das <a href=\"https:\/\/www.deutsche-schachjugend.de\/service\/auszeichnung-und-foerderung\/qualitaetssiegel\/\" target=\"_blank\" rel=\"noopener\">Qualit\u00e4tssiegel Deutsche Schachschule\/Deutsche Schachkita<\/a>, sondern veranstaltet auch den <a href=\"https:\/\/www.deutsche-schachjugend.de\/service\/ausbildung\/schulschachkongress\/\" target=\"_blank\" rel=\"noopener\">Deutschen Schulschachkongress<\/a>. Neben Networking und Austausch mit anderen Schulen ist dieser Kongress ein tolles Fortbildungswochenende mit sehr handfesten Tipps und Tricks f\u00fcr den Schulalltag. 2011 waren wir zusammen mit der Erasmus-Grundschule selber als Referenten auf dem Kongress aktiv. Unser damaliger <a href=\"http:\/\/wp.vsg-1880-offenbach.de\/wp-content\/uploads\/2018\/06\/Erasmus.pdf\" target=\"_blank\" rel=\"noopener\">Workshopvortrag<\/a> kann gerne heruntergeladen werden. An Aktualit\u00e4t, wie man ein Schulschachangebot aufsetzen kann, hat er \u00fcber die Jahre nichts verloren.<\/p>\n<p>Sehr zu empfehlen ist auch der Lehrgang zum <a href=\"https:\/\/www.deutsche-schachjugend.de\/service\/ausbildung\/patentlehrgaenge\/patent\/\" target=\"_blank\" rel=\"noopener\">Schulschachpatent<\/a>\u00a0der Deutschen Schachjugend. Hier erh\u00e4lt man nicht nur das fachliche und methodische R\u00fcstzeug zur Durchf\u00fchrung einer Schulschach-AG, sondern auch einen Methodenkoffer mit Materialien f\u00fcr ein ganzes Schuljahr. Unter dem Link finden sich u.a. die jeweils n\u00e4chsten Termine und Orte. Bereits zweimal haben wir\u00a0einen Schulschachpatentkurs auch nach Offenbach\u00a0in die Erasmus-Grundschule geholt. Mit jeweils mehr als 20 Teilnehmenden waren diese Angebote sehr erfolgreich. Rund um das Schulschachpatent ist auch die Seite der <a href=\"http:\/\/schulschachstiftung.schulschach-bayern.de\/index.php\" target=\"_blank\" rel=\"noopener\">Bayerischen Schulschachstiftung<\/a> empfehlenswert.<\/p>\n<p>Kein Schulschach ohne entsprechende Materialien. Der &#8222;Klassiker&#8220; unter den Schachmaterialien sind die sehr beliebten Hefte der <a href=\"https:\/\/www.stappenmethode.de\/\" target=\"_blank\" rel=\"noopener\">Stappenmethode<\/a>. F\u00fcr vergleichsweise wenig Geld bekommt man hier\u00a0Lehrmaterialien f\u00fcr alle Spielst\u00e4rken. Dies gilt auch f\u00fcr den sehr empfehlenswerten <a href=\"http:\/\/www.schachfreunde-brackel.de\/wordpress\/arena\" target=\"_blank\" rel=\"noopener\">Brackeler Schachlehrgang<\/a>\u00a0von Christian Goldschmidt aus dem gleichnamigen und im Schulschach sehr aktiven Dortmunder Schachverein.<\/p>\n<p>Ganz besonders empfehlenswert sind auch die Schach-CDs, DVDs und Apps von <a href=\"http:\/\/fritzundfertig.chessbase.com\/\" target=\"_blank\" rel=\"noopener\">Fritz &amp; Fertig<\/a>. Jeweils eingebettet in eine spannende und grafisch liebevoll gestaltete Handlung lernen die Kinder nebenbei das Schachspiel. Insbesondere die erste Folge ist auch f\u00fcr Kindergartenkinder schon gut geeignet, da keinerlei Lesekenntnisse erforderlich sind. In den Folgen 2-4 geht es dann schon deutlich tiefer, sie bauen aber alle aufeinander auf, lang anhaltender Spielspa\u00df ist garantiert.<\/p>\n<p>Etwas &#8222;trockener&#8220; ist der <a href=\"http:\/\/de.chesstutor.eu\/\" target=\"_blank\" rel=\"noopener\">Chesstutor<\/a>, bietet fachlich aber sehr viel \u00dcbungen und Inhalt. Er baut inhaltlich auf die Stappenmethode auf.<\/p>\n<p>Sicherlich gibt es weitere, tolle Materialien und Empfehlungen, die wir hier nicht aufgef\u00fchrt haben. Gerne nehmen wir aber Hinweise entgegen und f\u00fchren sie dann auch hier auf der Seite auf.<\/p>\n<p>Views: 2619<\/p>","protected":false},"excerpt":{"rendered":"<p>Schulschach ist vielf\u00e4ltiger als man denkt. Auf die zahlreichen Studien zu den positiven Auswirkungen des Schulschachs haben wir in unserer Rubrik &#8222;Warum Schulschach?&#8220; schon ausf\u00fchrlich verlinkt. F\u00fcr die bei den Sch\u00fclerinnen und Sch\u00fclern besonders beliebten Schulschachturniere in Hessen ist die Hessische Schachjugend die beste Anlaufstelle. In einer eigenen Rubrik Schulschach widmet sie sich intensiv den <a class=\"more-link\" href=\"https:\/\/wp.vsg-1880-offenbach.de\/?page_id=142\">weiterlesen&#8230;<\/a><\/p>\n","protected":false},"author":3,"featured_media":0,"parent":49,"menu_order":4,"comment_status":"closed","ping_status":"closed","template":"","meta":{"footnotes":""},"class_list":["post-142","page","type-page","status-publish","hentry"],"_links":{"self":[{"href":"https:\/\/wp.vsg-1880-offenbach.de\/index.php?rest_route=\/wp\/v2\/pages\/142","targetHints":{"allow":["GET"]}}],"collection":[{"href":"https:\/\/wp.vsg-1880-offenbach.de\/index.php?rest_route=\/wp\/v2\/pages"}],"about":[{"href":"https:\/\/wp.vsg-1880-offenbach.de\/index.php?rest_route=\/wp\/v2\/types\/page"}],"author":[{"embeddable":true,"href":"https:\/\/wp.vsg-1880-offenbach.de\/index.php?rest_route=\/wp\/v2\/users\/3"}],"replies":[{"embeddable":true,"href":"https:\/\/wp.vsg-1880-offenbach.de\/index.php?rest_route=%2Fwp%2Fv2%2Fcomments&post=142"}],"version-history":[{"count":8,"href":"https:\/\/wp.vsg-1880-offenbach.de\/index.php?rest_route=\/wp\/v2\/pages\/142\/revisions"}],"predecessor-version":[{"id":9727,"href":"https:\/\/wp.vsg-1880-offenbach.de\/index.php?rest_route=\/wp\/v2\/pages\/142\/revisions\/9727"}],"up":[{"embeddable":true,"href":"https:\/\/wp.vsg-1880-offenbach.de\/index.php?rest_route=\/wp\/v2\/pages\/49"}],"wp:attachment":[{"href":"https:\/\/wp.vsg-1880-offenbach.de\/index.php?rest_route=%2Fwp%2Fv2%2Fmedia&parent=142"}],"curies":[{"name":"wp","href":"https:\/\/api.w.org\/{rel}","templated":true}]}}