{"id":150,"date":"2018-06-24T10:23:11","date_gmt":"2018-06-24T10:23:11","guid":{"rendered":"http:\/\/wp.vsg-1880-offenbach.de\/?page_id=150"},"modified":"2019-05-26T16:07:39","modified_gmt":"2019-05-26T14:07:39","slug":"monatsblitzturnier","status":"publish","type":"page","link":"https:\/\/wp.vsg-1880-offenbach.de\/?page_id=150","title":{"rendered":"Monatsblitzturnier"},"content":{"rendered":"<p>Das Monatsblitzturnier wird\u00a0als offenes Turnier ausgetragen. Das hei\u00dft es k\u00f6nnen auch nicht Vereinsmitglieder mitspielen. Jeden ersten Freitag im Monat geht es um 20 Uhr los. Die konkreten Termine stehen auch im Terminkalender. Alle Mitspieler kommen auch in die Jahreswertung (Juni bis Mai), f\u00fcr die es auf der folgenden Weihnachtsfeier eine Preisverleihung gibt. Das Mitspielen ist ganz unkompliziert m\u00f6glich. Kommt einfach vorbei und spielt mit!\u00a0Im Normalfall wird das Turnier nach dem Modus jeder gegen jeden gespielt. Je nach Teilnehmerzahl gibt es also mal mehr oder mal weniger Partien.<\/p>\n<p>Bei jedem der monatlichen Turniere werden Wertungspunkte wie folgt vergeben (Auszug aus der <a href=\"http:\/\/wp.vsg-1880-offenbach.de\/wp-content\/uploads\/2018\/09\/140812_TO-Blitz-und-Schnellschach-Sep18.pdf\" target=\"_blank\" rel=\"noopener\">Turnierordnung<\/a>):<\/p>\n<ul>\n<li>F\u00fcr den Sieger 7 Punkte<\/li>\n<li>F\u00fcr den Zweiten 5 Punkte<\/li>\n<li>F\u00fcr den Dritten 4 Punkte<\/li>\n<li>F\u00fcr den Vierten 3 Punkte<\/li>\n<li>F\u00fcr den F\u00fcnften 2 Punkte<\/li>\n<li>F\u00fcr den Sechsten 1 Punkt<\/li>\n<li>Bei Punktgleichheit werden die Wertungspunkte geteilt.<\/li>\n<\/ul>\n<p>Die acht besten Wertungen jedes Spielers im Spieljahr werden addiert, d. h. die vier schlechtesten Ergebnisse (Nichtteilnahme oder schlechte Platzierung) werden gestrichen.<br \/>\nBlitzschach-Stadtmeister der Stadt Offenbach ist, wer auf diese Weise in den 12 Turnieren des Spieljahres bei maximal 8 gewerteten Turnieren die meisten Wertungspunkte errungen hat. Bei Punktgleichheit entscheidet die Majorit\u00e4t der besseren Platzierungen.<\/p>\n<p>Seit Sommer 2018 alle Ergebnisse der Spieltage zeitnah im Untermen\u00fc ver\u00f6ffentlicht.<\/p>\n<p>Die Historie der vergangenen\u00a0Jahre ist leider nicht ganz vollst\u00e4ndig noch in den Formaten der damaligen Homepages\u00a0hinterlegt. \u00dcber die Men\u00fcleiste k\u00f6nnen sie im Untermen\u00fc aufgerufen werden.<\/p>\n<p>Views: 1947<\/p>","protected":false},"excerpt":{"rendered":"<p>Das Monatsblitzturnier wird\u00a0als offenes Turnier ausgetragen. Das hei\u00dft es k\u00f6nnen auch nicht Vereinsmitglieder mitspielen. Jeden ersten Freitag im Monat geht es um 20 Uhr los. Die konkreten Termine stehen auch im Terminkalender. Alle Mitspieler kommen auch in die Jahreswertung (Juni bis Mai), f\u00fcr die es auf der folgenden Weihnachtsfeier eine Preisverleihung gibt. Das Mitspielen ist <a class=\"more-link\" href=\"https:\/\/wp.vsg-1880-offenbach.de\/?page_id=150\">weiterlesen&#8230;<\/a><\/p>\n","protected":false},"author":3,"featured_media":0,"parent":51,"menu_order":2,"comment_status":"closed","ping_status":"closed","template":"","meta":{"footnotes":""},"class_list":["post-150","page","type-page","status-publish","hentry"],"_links":{"self":[{"href":"https:\/\/wp.vsg-1880-offenbach.de\/index.php?rest_route=\/wp\/v2\/pages\/150","targetHints":{"allow":["GET"]}}],"collection":[{"href":"https:\/\/wp.vsg-1880-offenbach.de\/index.php?rest_route=\/wp\/v2\/pages"}],"about":[{"href":"https:\/\/wp.vsg-1880-offenbach.de\/index.php?rest_route=\/wp\/v2\/types\/page"}],"author":[{"embeddable":true,"href":"https:\/\/wp.vsg-1880-offenbach.de\/index.php?rest_route=\/wp\/v2\/users\/3"}],"replies":[{"embeddable":true,"href":"https:\/\/wp.vsg-1880-offenbach.de\/index.php?rest_route=%2Fwp%2Fv2%2Fcomments&post=150"}],"version-history":[{"count":16,"href":"https:\/\/wp.vsg-1880-offenbach.de\/index.php?rest_route=\/wp\/v2\/pages\/150\/revisions"}],"predecessor-version":[{"id":4641,"href":"https:\/\/wp.vsg-1880-offenbach.de\/index.php?rest_route=\/wp\/v2\/pages\/150\/revisions\/4641"}],"up":[{"embeddable":true,"href":"https:\/\/wp.vsg-1880-offenbach.de\/index.php?rest_route=\/wp\/v2\/pages\/51"}],"wp:attachment":[{"href":"https:\/\/wp.vsg-1880-offenbach.de\/index.php?rest_route=%2Fwp%2Fv2%2Fmedia&parent=150"}],"curies":[{"name":"wp","href":"https:\/\/api.w.org\/{rel}","templated":true}]}}