{"id":152,"date":"2018-06-24T10:23:37","date_gmt":"2018-06-24T10:23:37","guid":{"rendered":"http:\/\/wp.vsg-1880-offenbach.de\/?page_id=152"},"modified":"2018-09-20T15:50:22","modified_gmt":"2018-09-20T13:50:22","slug":"monatsschnellschachturnier","status":"publish","type":"page","link":"https:\/\/wp.vsg-1880-offenbach.de\/?page_id=152","title":{"rendered":"Monatsschnellschachturnier"},"content":{"rendered":"<p>Das Monatsschnellschachturnier wird als offenes Turnier ausgetragen. Das hei\u00dft es k\u00f6nnen auch nicht Vereinsmitglieder mitspielen. Jeden dritten Freitag im Monat geht es um 20 Uhr los. Die konkreten Termine stehen auch im Terminkalender. Alle Mitspieler kommen zus\u00e4tzlich in die Jahreswertung (Juni bis Mai), f\u00fcr die es auf der folgenden Weihnachtsfeier wie f\u00fcr das Blitzschachturnier eine Preisverleihung gibt. Das Mitspielen ist ganz unkompliziert m\u00f6glich. Kommt einfach vorbei und spielt mit!\u00a0Im Normalfall werden je nach Teilnehmerzahl f\u00fcnf oder sechs Runden \u00e1 15 Minuten Bedenkzeit je Spieler gespielt.<\/p>\n<p>Bei jedem der monatlichen Turniere werden Wertungspunkte wie folgt vergeben (Auszug aus der <a href=\"http:\/\/wp.vsg-1880-offenbach.de\/wp-content\/uploads\/2018\/09\/140812_TO-Blitz-und-Schnellschach-Sep18.pdf\" target=\"_blank\" rel=\"noopener\">Turnierordnung<\/a>):<\/p>\n<ul>\n<li>F\u00fcr den Sieger 7 Punkte<\/li>\n<li>F\u00fcr den Zweiten 5 Punkte<\/li>\n<li>F\u00fcr den Dritten 4 Punkte<\/li>\n<li>F\u00fcr den Vierten 3 Punkte<\/li>\n<li>F\u00fcr den F\u00fcnften 2 Punkte<\/li>\n<li>F\u00fcr den Sechsten 1 Punkt<\/li>\n<li>Bei Punktgleichheit werden die Wertungspunkte geteilt.<\/li>\n<\/ul>\n<p>Die acht besten Wertungen jedes Spielers im Spieljahr werden addiert, d. h. die vier schlechtesten Ergebnisse (Nichtteilnahme oder schlechte Platzierung) werden gestrichen.<br \/>\nSchnellschach-Stadtmeister der Stadt Offenbach ist, wer auf diese Weise in den 12 Turnieren des Spieljahres bei maximal 8 gewerteten Turnieren die meisten Wertungspunkte errungen hat. Bei Punktgleichheit entscheidet die Majorit\u00e4t der besseren Platzierungen.<\/p>\n<p>Es ist geplant, ab dem Sommer 2018 <a href=\"http:\/\/wp.vsg-1880-offenbach.de\/?page_id=1642\">hier<\/a> alle Ergebnisse der Spieltage zeitnah zu ver\u00f6ffentlichen.<\/p>\n<p>Die Historie der vergangenen\u00a0Jahre ist leider nicht ganz vollst\u00e4ndig, aber\u00a0hier in den Formaten der alten Homepages einsehbar:<\/p>\n<p><a href=\"http:\/\/www.vsg-1880-offenbach.de\/index.php?option=com_content&amp;view=article&amp;id=37:blitz-und-schnellschachturniere-201415&amp;catid=4:turniere&amp;Itemid=18\">Monats-Blitz- und Schnellschachturniere 2014\/15<\/a><\/p>\n<p><a href=\"http:\/\/www.vsg-1880-offenbach.de\/index.php?option=com_content&amp;view=article&amp;id=207:schnellschachturniere-201213&amp;catid=4:turniere&amp;Itemid=18\">Schnellschachturniere 2012\/13<\/a><\/p>\n<p><a href=\"http:\/\/www.vsg-1880-offenbach.de\/index.php?option=com_content&amp;view=article&amp;id=21:schnellschach-200910&amp;catid=4:turniere&amp;Itemid=18\">Schnellschach 2009\/10<\/a><\/p>\n<p>Views: 2030<\/p>","protected":false},"excerpt":{"rendered":"<p>Das Monatsschnellschachturnier wird als offenes Turnier ausgetragen. Das hei\u00dft es k\u00f6nnen auch nicht Vereinsmitglieder mitspielen. Jeden dritten Freitag im Monat geht es um 20 Uhr los. Die konkreten Termine stehen auch im Terminkalender. Alle Mitspieler kommen zus\u00e4tzlich in die Jahreswertung (Juni bis Mai), f\u00fcr die es auf der folgenden Weihnachtsfeier wie f\u00fcr das Blitzschachturnier eine <a class=\"more-link\" href=\"https:\/\/wp.vsg-1880-offenbach.de\/?page_id=152\">weiterlesen&#8230;<\/a><\/p>\n","protected":false},"author":3,"featured_media":0,"parent":51,"menu_order":3,"comment_status":"closed","ping_status":"closed","template":"","meta":{"footnotes":""},"class_list":["post-152","page","type-page","status-publish","hentry"],"_links":{"self":[{"href":"https:\/\/wp.vsg-1880-offenbach.de\/index.php?rest_route=\/wp\/v2\/pages\/152","targetHints":{"allow":["GET"]}}],"collection":[{"href":"https:\/\/wp.vsg-1880-offenbach.de\/index.php?rest_route=\/wp\/v2\/pages"}],"about":[{"href":"https:\/\/wp.vsg-1880-offenbach.de\/index.php?rest_route=\/wp\/v2\/types\/page"}],"author":[{"embeddable":true,"href":"https:\/\/wp.vsg-1880-offenbach.de\/index.php?rest_route=\/wp\/v2\/users\/3"}],"replies":[{"embeddable":true,"href":"https:\/\/wp.vsg-1880-offenbach.de\/index.php?rest_route=%2Fwp%2Fv2%2Fcomments&post=152"}],"version-history":[{"count":10,"href":"https:\/\/wp.vsg-1880-offenbach.de\/index.php?rest_route=\/wp\/v2\/pages\/152\/revisions"}],"predecessor-version":[{"id":3326,"href":"https:\/\/wp.vsg-1880-offenbach.de\/index.php?rest_route=\/wp\/v2\/pages\/152\/revisions\/3326"}],"up":[{"embeddable":true,"href":"https:\/\/wp.vsg-1880-offenbach.de\/index.php?rest_route=\/wp\/v2\/pages\/51"}],"wp:attachment":[{"href":"https:\/\/wp.vsg-1880-offenbach.de\/index.php?rest_route=%2Fwp%2Fv2%2Fmedia&parent=152"}],"curies":[{"name":"wp","href":"https:\/\/api.w.org\/{rel}","templated":true}]}}