{"id":2149,"date":"2018-07-03T18:30:47","date_gmt":"2018-07-03T16:30:47","guid":{"rendered":"http:\/\/wp.vsg-1880-offenbach.de\/?page_id=2149"},"modified":"2022-10-07T09:22:46","modified_gmt":"2022-10-07T07:22:46","slug":"ligahistorie-1-damenmannschaft","status":"publish","type":"page","link":"https:\/\/wp.vsg-1880-offenbach.de\/?page_id=2149","title":{"rendered":"Ligahistorie 1. Frauenmannschaft"},"content":{"rendered":"<p>\u00dcber die Links sind die Tabellen und Spielergebnisse der vergangenen Saisons abrufbar:<\/p>\n<ul>\n<li>Frauen-Regionalliga 2022\/23<br \/>\nEtwas \u00fcberraschend wurden wir trotz Klassenerhalt in der letzten gespielten Saison nicht ber\u00fccksichtigt. Wir h\u00e4tten einen Antrag stellen sollen. Nun denn, dann spielen wir dieses Jahr leider nicht mit und hoffen auf die Saison 2023\/24.<\/li>\n<li>Frauen-Regionalliga 2020\/21 und 2021\/22:<br \/>\nAufgrund der Corona-Epidemie wurde die Frauenregionalliga ausgesetzt.<\/li>\n<li><a href=\"http:\/\/nsv-online.de\/ligen\/frl-1920\/?staffel=1414&amp;r=\" target=\"_blank\" rel=\"noopener noreferrer\">Frauen-Regionalliga 2019\/20<\/a><br \/>\nMit dem 3. Platz in der Abschlusstabelle wurde das bisher beste Ergebnis einer Frauenmannschaft der VSG erreicht.<\/p>\n<div id=\"attachment_5602\" style=\"width: 310px\" class=\"wp-caption alignnone\"><img loading=\"lazy\" decoding=\"async\" aria-describedby=\"caption-attachment-5602\" class=\"wp-image-5602 size-medium\" src=\"http:\/\/wp.vsg-1880-offenbach.de\/wp-content\/uploads\/2019\/10\/VSGO-Frauen-1-300x200.jpg\" alt=\"\" width=\"300\" height=\"200\" srcset=\"https:\/\/wp.vsg-1880-offenbach.de\/wp-content\/uploads\/2019\/10\/VSGO-Frauen-1-300x200.jpg 300w, https:\/\/wp.vsg-1880-offenbach.de\/wp-content\/uploads\/2019\/10\/VSGO-Frauen-1-768x512.jpg 768w, https:\/\/wp.vsg-1880-offenbach.de\/wp-content\/uploads\/2019\/10\/VSGO-Frauen-1-1024x683.jpg 1024w, https:\/\/wp.vsg-1880-offenbach.de\/wp-content\/uploads\/2019\/10\/VSGO-Frauen-1.jpg 1249w\" sizes=\"auto, (max-width: 300px) 100vw, 300px\" \/><p id=\"caption-attachment-5602\" class=\"wp-caption-text\">Saisonauftakt bei der SVG Oberhessen v.l.n.r.: Beate, Annette, Josi und Susanne<\/p><\/div>\n<p><div id=\"attachment_5775\" style=\"width: 310px\" class=\"wp-caption alignnone\"><img loading=\"lazy\" decoding=\"async\" aria-describedby=\"caption-attachment-5775\" class=\"size-medium wp-image-5775\" src=\"http:\/\/wp.vsg-1880-offenbach.de\/wp-content\/uploads\/2019\/11\/1.-Frauenmannschaft-VSG-1880-Offenbach-November-2019-300x200.jpg\" alt=\"\" width=\"300\" height=\"200\" \/><p id=\"caption-attachment-5775\" class=\"wp-caption-text\">Am 2. Spieltag traten Annette, Rosalie, Laura und Antje an<\/p><\/div><\/li>\n<\/ul>\n<ul>\n<li><a href=\"http:\/\/nsv-online.de\/ligen\/frl-1819\/?staffel=1345&amp;r=\" target=\"_blank\" rel=\"noopener noreferrer\">Frauen-Regionalliga S\u00fcd-West 2018\/19<\/a>\n<p><div id=\"attachment_3482\" style=\"width: 310px\" class=\"wp-caption alignnone\"><img loading=\"lazy\" decoding=\"async\" aria-describedby=\"caption-attachment-3482\" class=\"size-medium wp-image-3482\" src=\"http:\/\/wp.vsg-1880-offenbach.de\/wp-content\/uploads\/2018\/10\/20181028-VSGO-Damenteam-I-Laura-Dixon-Rosalie-Werner-Antje-Romero-Flores-Beate-Wolff-300x200.jpg\" alt=\"\" width=\"300\" height=\"200\" \/><p id=\"caption-attachment-3482\" class=\"wp-caption-text\">Am zweiten Spieltag gegen Bad Godesberg v.l.n.r.: Laura Dixon, Rosalie Werner, Antje Romero Flores und Beate Wolff<\/p><\/div><\/li>\n<li><a href=\"https:\/\/hessen.portal64.de\/ergebnisse\/show\/2017\/855\/\" target=\"_blank\" rel=\"noopener noreferrer\">Hessische Frauenliga 2017\/18<\/a><br \/>\nIn dieser Saison gewann die Mannschaft die Hessische Frauenliga und schaffte den Aufstieg in die Frauenregionalliga.<\/li>\n<li><a href=\"https:\/\/hessen.portal64.de\/ergebnisse\/show\/2016\/637\/\" target=\"_blank\" rel=\"noopener noreferrer\">Hessische Frauenliga 2016\/17<\/a><\/li>\n<li><a href=\"https:\/\/hessen.portal64.de\/ergebnisse\/show\/2015\/497\/\" target=\"_blank\" rel=\"noopener noreferrer\">Hessische Frauenliga 2015\/16<\/a>\n<p><div id=\"attachment_939\" style=\"width: 310px\" class=\"wp-caption alignnone\"><img loading=\"lazy\" decoding=\"async\" aria-describedby=\"caption-attachment-939\" class=\"size-medium wp-image-939\" src=\"http:\/\/wp.vsg-1880-offenbach.de\/wp-content\/uploads\/2018\/06\/VSG-Frauenmannschaft-300x200.jpg\" alt=\"\" width=\"300\" height=\"200\" \/><p id=\"caption-attachment-939\" class=\"wp-caption-text\">v.l.n.r. Josefin Hentschker, Rosalie Werner, Beate Wolff und Laura Dixon<\/p><\/div><\/li>\n<\/ul>\n<p>Views: 1078<\/p>","protected":false},"excerpt":{"rendered":"<p>\u00dcber die Links sind die Tabellen und Spielergebnisse der vergangenen Saisons abrufbar: Frauen-Regionalliga 2022\/23 Etwas \u00fcberraschend wurden wir trotz Klassenerhalt in der letzten gespielten Saison nicht ber\u00fccksichtigt. Wir h\u00e4tten einen Antrag stellen sollen. Nun denn, dann spielen wir dieses Jahr leider nicht mit und hoffen auf die Saison 2023\/24. Frauen-Regionalliga 2020\/21 und 2021\/22: Aufgrund der <a class=\"more-link\" href=\"https:\/\/wp.vsg-1880-offenbach.de\/?page_id=2149\">weiterlesen&#8230;<\/a><\/p>\n","protected":false},"author":3,"featured_media":0,"parent":364,"menu_order":2,"comment_status":"closed","ping_status":"closed","template":"","meta":{"footnotes":""},"class_list":["post-2149","page","type-page","status-publish","hentry"],"_links":{"self":[{"href":"https:\/\/wp.vsg-1880-offenbach.de\/index.php?rest_route=\/wp\/v2\/pages\/2149","targetHints":{"allow":["GET"]}}],"collection":[{"href":"https:\/\/wp.vsg-1880-offenbach.de\/index.php?rest_route=\/wp\/v2\/pages"}],"about":[{"href":"https:\/\/wp.vsg-1880-offenbach.de\/index.php?rest_route=\/wp\/v2\/types\/page"}],"author":[{"embeddable":true,"href":"https:\/\/wp.vsg-1880-offenbach.de\/index.php?rest_route=\/wp\/v2\/users\/3"}],"replies":[{"embeddable":true,"href":"https:\/\/wp.vsg-1880-offenbach.de\/index.php?rest_route=%2Fwp%2Fv2%2Fcomments&post=2149"}],"version-history":[{"count":14,"href":"https:\/\/wp.vsg-1880-offenbach.de\/index.php?rest_route=\/wp\/v2\/pages\/2149\/revisions"}],"predecessor-version":[{"id":10352,"href":"https:\/\/wp.vsg-1880-offenbach.de\/index.php?rest_route=\/wp\/v2\/pages\/2149\/revisions\/10352"}],"up":[{"embeddable":true,"href":"https:\/\/wp.vsg-1880-offenbach.de\/index.php?rest_route=\/wp\/v2\/pages\/364"}],"wp:attachment":[{"href":"https:\/\/wp.vsg-1880-offenbach.de\/index.php?rest_route=%2Fwp%2Fv2%2Fmedia&parent=2149"}],"curies":[{"name":"wp","href":"https:\/\/api.w.org\/{rel}","templated":true}]}}