{"id":2159,"date":"2018-07-03T18:37:03","date_gmt":"2018-07-03T16:37:03","guid":{"rendered":"http:\/\/wp.vsg-1880-offenbach.de\/?page_id=2159"},"modified":"2025-09-21T13:01:47","modified_gmt":"2025-09-21T11:01:47","slug":"ligahistorie-3-mannschaft","status":"publish","type":"page","link":"https:\/\/wp.vsg-1880-offenbach.de\/?page_id=2159","title":{"rendered":"Ligahistorie 3. Mannschaft"},"content":{"rendered":"<p>\u00dcber die Links sind die Tabellen und Spielergebnisse der vergangenen Saisons abrufbar:<\/p>\r\n<ul>\r\n<li><a href=\"https:\/\/hsv-schach.liga.nu\/cgi-bin\/WebObjects\/nuLigaSCHACHDE.woa\/wa\/groupPage?championship=Main-Vogelsberg+25%2F26&amp;group=4369\">Bezirksliga 2025\/26<\/a><br \/><img loading=\"lazy\" decoding=\"async\" class=\"alignnone size-medium wp-image-14321\" src=\"https:\/\/wp.vsg-1880-offenbach.de\/wp-content\/uploads\/2025\/09\/VSGO-3-Norbert-Kyriakos-Yasushi-Elmar-Christian-Dennis-300x200.jpg\" alt=\"\" width=\"300\" height=\"200\" srcset=\"https:\/\/wp.vsg-1880-offenbach.de\/wp-content\/uploads\/2025\/09\/VSGO-3-Norbert-Kyriakos-Yasushi-Elmar-Christian-Dennis-300x200.jpg 300w, https:\/\/wp.vsg-1880-offenbach.de\/wp-content\/uploads\/2025\/09\/VSGO-3-Norbert-Kyriakos-Yasushi-Elmar-Christian-Dennis-1024x683.jpg 1024w, https:\/\/wp.vsg-1880-offenbach.de\/wp-content\/uploads\/2025\/09\/VSGO-3-Norbert-Kyriakos-Yasushi-Elmar-Christian-Dennis-768x512.jpg 768w, https:\/\/wp.vsg-1880-offenbach.de\/wp-content\/uploads\/2025\/09\/VSGO-3-Norbert-Kyriakos-Yasushi-Elmar-Christian-Dennis-1536x1024.jpg 1536w, https:\/\/wp.vsg-1880-offenbach.de\/wp-content\/uploads\/2025\/09\/VSGO-3-Norbert-Kyriakos-Yasushi-Elmar-Christian-Dennis-2048x1365.jpg 2048w\" sizes=\"auto, (max-width: 300px) 100vw, 300px\" \/><br \/>Unsere dritte Mannschaft spielt in der Saison 2025\/26 weiterhin in der Bezirksliga, nachdem auf den Aufstieg in die Bezirksoberliga verzichtet wurde. Das Foto zeigt die Mannschaft am ersten Spieltag am 20.9.25 in der Bezirksliga gegen den 1. Hainst\u00e4dter SC 1\u00a0 (v.l.n.r.: Norbert, Kyriakos, Yasushi, Elmar, Christian und Dennis).<\/li>\r\n<li><a href=\"https:\/\/hsv-schach.liga.nu\/cgi-bin\/WebObjects\/nuLigaSCHACHDE.woa\/wa\/groupPage?championship=Main-Vogelsberg+24%2F25&amp;group=763\">Bezirksliga 2024\/25<\/a><br \/><img loading=\"lazy\" decoding=\"async\" class=\"alignnone size-medium wp-image-13294\" src=\"https:\/\/wp.vsg-1880-offenbach.de\/wp-content\/uploads\/2024\/11\/VSGO-III-Mansnchaftsfoto-300x225.jpg\" alt=\"\" width=\"300\" height=\"225\" srcset=\"https:\/\/wp.vsg-1880-offenbach.de\/wp-content\/uploads\/2024\/11\/VSGO-III-Mansnchaftsfoto-300x225.jpg 300w, https:\/\/wp.vsg-1880-offenbach.de\/wp-content\/uploads\/2024\/11\/VSGO-III-Mansnchaftsfoto-1024x768.jpg 1024w, https:\/\/wp.vsg-1880-offenbach.de\/wp-content\/uploads\/2024\/11\/VSGO-III-Mansnchaftsfoto-768x576.jpg 768w, https:\/\/wp.vsg-1880-offenbach.de\/wp-content\/uploads\/2024\/11\/VSGO-III-Mansnchaftsfoto-1536x1152.jpg 1536w, https:\/\/wp.vsg-1880-offenbach.de\/wp-content\/uploads\/2024\/11\/VSGO-III-Mansnchaftsfoto-2048x1536.jpg 2048w\" sizes=\"auto, (max-width: 300px) 100vw, 300px\" \/><br \/>Unsere dritte Mannschaft spielt in der Saison 2024\/25 nach der souver\u00e4nen Aufstiegssaison weiterhin in der Bezirksliga und konnte diese gewinnen. Auf den Aufstieg in die Bezirksoberliga wurde jedoch verzichtet. Das Foto zeigt die Mannschaft am dritten Spieltag am 30.11.24 in der Bezirksliga gegen Ronneburg 1\u00a0 (v.l.n.r.: Carsten, Hans Markus, Yasushi, Elmar, Norbert und Matthias).<\/li>\r\n<li><a href=\"https:\/\/hessen.portal64.de\/ergebnisse\/show\/2023\/1467\/tabelle\/\">Bezirksliga 2023\/24<\/a><br \/><img loading=\"lazy\" decoding=\"async\" class=\"alignnone size-medium wp-image-11813\" src=\"http:\/\/wp.vsg-1880-offenbach.de\/wp-content\/uploads\/2023\/09\/IMG-20230916-WA0015-300x225.jpg\" alt=\"\" width=\"300\" height=\"225\" srcset=\"https:\/\/wp.vsg-1880-offenbach.de\/wp-content\/uploads\/2023\/09\/IMG-20230916-WA0015-300x225.jpg 300w, https:\/\/wp.vsg-1880-offenbach.de\/wp-content\/uploads\/2023\/09\/IMG-20230916-WA0015-768x576.jpg 768w, https:\/\/wp.vsg-1880-offenbach.de\/wp-content\/uploads\/2023\/09\/IMG-20230916-WA0015.jpg 1024w\" sizes=\"auto, (max-width: 300px) 100vw, 300px\" \/><br \/>Mit 12 Mannschaften ist die VSGO III nach der ungl\u00fccklichen Coronasaison 2019\/21 wieder zur\u00fcck in der Bezirksliga! Das Foto zeigt die Mannschaft am 16.9.23 zum Saisonauftakt gegen Bergwinkel 2\u00a0 (v.l.n.r.: Kubat, Dima, Carsten, Yasushi, Ludwig und Udo). Mit Platz vier gelang das am Ende eindrucksvoll.<\/li>\r\n<li><a href=\"https:\/\/hessen.portal64.de\/ergebnisse\/show\/2022\/1359\/\">MVS-Kreisoberliga 2022\/23<\/a><br \/>Corona hat weitere Spuren hinterlassen und zum R\u00fcckzug weiterer Vereine und Mannschaften gef\u00fchrt. Als Folge wurde die Bezirksklasse aufgel\u00f6st und unsere Mannschaft startet leider nur noch als Viererteam in der Kreisoberliga. Die wurde aber souver\u00e4n ohne Niederlage bei einem Remis mit gro\u00dfem Abstand gewonnen, so dass der der Wiederaufstieg in die Bezirksliga gelungen ist.<br \/><img loading=\"lazy\" decoding=\"async\" class=\"alignnone size-medium wp-image-10109\" src=\"http:\/\/wp.vsg-1880-offenbach.de\/wp-content\/uploads\/2022\/09\/VSGO-III-am-10.9.22-300x225.jpg\" alt=\"\" width=\"300\" height=\"225\" srcset=\"https:\/\/wp.vsg-1880-offenbach.de\/wp-content\/uploads\/2022\/09\/VSGO-III-am-10.9.22-300x225.jpg 300w, https:\/\/wp.vsg-1880-offenbach.de\/wp-content\/uploads\/2022\/09\/VSGO-III-am-10.9.22-1024x768.jpg 1024w, https:\/\/wp.vsg-1880-offenbach.de\/wp-content\/uploads\/2022\/09\/VSGO-III-am-10.9.22-768x576.jpg 768w, https:\/\/wp.vsg-1880-offenbach.de\/wp-content\/uploads\/2022\/09\/VSGO-III-am-10.9.22-1536x1152.jpg 1536w, https:\/\/wp.vsg-1880-offenbach.de\/wp-content\/uploads\/2022\/09\/VSGO-III-am-10.9.22-2048x1536.jpg 2048w\" sizes=\"auto, (max-width: 300px) 100vw, 300px\" \/><br \/>Saisonauftakt gegen K\u00f6nigsspringer Gro\u00dfauheim 3: v.l.n.r.: Dima, Lennart, Elmar, Filip\u00a0 und Annette<\/li>\r\n<li><a href=\"https:\/\/hessen.portal64.de\/ergebnisse\/show\/2021\/1307\/\">MVS-Bezirksklasse 2021\/22<\/a><br \/>Der Neustartversuch in der Bezirksklasse ging leider schief. Im Herbst\/Winter wurden coronabedingt erstmal wieder alle Partien gestoppt. Beim Neustart im Fr\u00fchjahr gab es dann erneut Absagen und anschlie\u00dfend zu viele \u00dcberlappungen mit anderen Schachveranstaltungen, so dass die Mannschaft auch in dieser Saison kein Spiel machte. Wir hoffen nun auf eine aktivere Spielzeit 2022\/23.<\/li>\r\n<li><a href=\"https:\/\/hessen.portal64.de\/ergebnisse\/show\/2019\/1107\/\" target=\"_blank\" rel=\"noopener noreferrer\">MVS-Bezirksliga 2019\/21<\/a><br \/>Aufgrund der Umstrukturierung der Spielerzugeh\u00f6rigkeiten der Mannschaften wurde die 3. Mannschaft eine Spielklasse zur\u00fcckgenommen. Durch die Coronasituation wurde die Saison nach sechs Spieltagen im Jahr 2021 endg\u00fcltig abgebrochen. Leider stand das Team zu diesem Zeitpunkt auf Tabellenplatz 9, was den Abstieg in die Bezirksklasse bedeutet. In einer normalen Saison h\u00e4tte das bei drei austehenden Runden sicherlich noch vermieden werden k\u00f6nnen.<br \/>\r\n<div id=\"attachment_5504\" style=\"width: 310px\" class=\"wp-caption alignnone\"><img loading=\"lazy\" decoding=\"async\" aria-describedby=\"caption-attachment-5504\" class=\"wp-image-5504 size-medium\" style=\"font-size: inherit;\" src=\"http:\/\/wp.vsg-1880-offenbach.de\/wp-content\/uploads\/2019\/09\/3.-Mannschaft-am-14.9.2019-300x200.jpg\" alt=\"\" width=\"300\" height=\"200\" \/><p id=\"caption-attachment-5504\" class=\"wp-caption-text\">Saisonauftakt gegen B\u00fcdingen-Ortenberg: v.l.n.r.: Bruno, Lennart, Jan, Laura, Elmar, Udo, Antje und Annette<\/p><\/div>\r\n<\/li>\r\n<li><a href=\"https:\/\/hessen.portal64.de\/ergebnisse\/show\/2018\/983\/\" target=\"_blank\" rel=\"noopener noreferrer\">MVS-Bezirksoberliga 2018\/19<\/a><br \/>Mit einem unerwartet guten 6. Platz wurde sportlich der Klassenerhalt in der Bezirksoberliga geschafft. Somit ist die Saison 2018\/19 die sportlich erfolgreichste einer 3. VSG-Mannschaft seit Aufzeichnung der Ergebnisse im Internet seit der Saison 2009\/10.<br \/>\r\n<div id=\"attachment_3286\" style=\"width: 310px\" class=\"wp-caption alignnone\"><img loading=\"lazy\" decoding=\"async\" aria-describedby=\"caption-attachment-3286\" class=\"size-medium wp-image-3286\" src=\"http:\/\/wp.vsg-1880-offenbach.de\/wp-content\/uploads\/2018\/09\/20180908-VSGO-III-gegen-K\u00f6nigsspringer-Gro\u00dfauheim-4-4-300x200.jpg\" alt=\"\" width=\"300\" height=\"200\" \/><p id=\"caption-attachment-3286\" class=\"wp-caption-text\">Saisonauftakt gegen die K\u00f6nigsspringer Gro\u00dfauheim v.l.n.r.: Norbert Neff, Rosalie Werner, Jan F\u00fcssel, Tom Werner, Horst M\u00fcller, Eckhard Enneper, Norbert Lachmund und Elmar Werner<\/p><\/div>\r\n<\/li>\r\n<li><a href=\"https:\/\/hessen.portal64.de\/ergebnisse\/show\/2017\/795\/\">MVS-Bezirksliga 2017\/18<\/a><\/li>\r\n<li><a href=\"https:\/\/hessen.portal64.de\/ergebnisse\/show\/2016\/597\/\">MVS-Bezirksliga 2016\/17<\/a><\/li>\r\n<li><a href=\"https:\/\/hessen.portal64.de\/ergebnisse\/show\/2015\/463\/\" target=\"_blank\" rel=\"noopener noreferrer\">MVS-Bezirksliga 2015\/16<\/a><\/li>\r\n<li><a href=\"https:\/\/hessen.portal64.de\/ergebnisse\/show\/2014\/369\/\" target=\"_blank\" rel=\"noopener noreferrer\">MVS-Bezirksliga 2014\/15<\/a><\/li>\r\n<li><a href=\"https:\/\/hessen.portal64.de\/ergebnisse\/show\/2013\/282\/\" target=\"_blank\" rel=\"noopener noreferrer\">MVS-Bezirksliga 2013\/14<\/a><\/li>\r\n<li><a href=\"https:\/\/hessen.portal64.de\/ergebnisse\/show\/2012\/221\/\" target=\"_blank\" rel=\"noopener noreferrer\">MVS-Bezirksliga 2012\/13<\/a><\/li>\r\n<li><a href=\"https:\/\/hessen.portal64.de\/ergebnisse\/show\/2011\/162\/\" target=\"_blank\" rel=\"noopener noreferrer\">MVS-Bezirksliga 2011\/12<\/a><\/li>\r\n<li><a href=\"https:\/\/hessen.portal64.de\/ergebnisse\/show\/2010\/118\/\" target=\"_blank\" rel=\"noopener noreferrer\">MVS-Bezirksliga 2010\/11<\/a><\/li>\r\n<li><a href=\"https:\/\/hessen.portal64.de\/ergebnisse\/show\/2009\/118\/\" target=\"_blank\" rel=\"noopener noreferrer\">MVS-Bezirksliga 2009\/10<\/a><\/li>\r\n<\/ul>\r\n<p>Noch \u00e4ltere Ligaergebnisse sind teilweise \u00fcber die <a href=\"http:\/\/historie.mvsj.de\/\">MVSJ-Ehrentafel<\/a> verlinkt. Indirekt geht daraus hervor, dass Offenbachs 3. Mannschaft in der Saison 1999\/2000 sogar auf Ebene der Hessischen Ligen spielte. In der Bezirksoberliga war sie bis zur Saison 2005\/06 regelm\u00e4\u00dfiger Teilnehmer.\u00a0<\/p>\r\n\r\n<p>&nbsp;<\/p>\r\n<p>Views: 1128<\/p>","protected":false},"excerpt":{"rendered":"<p>\u00dcber die Links sind die Tabellen und Spielergebnisse der vergangenen Saisons abrufbar: Bezirksliga 2025\/26Unsere dritte Mannschaft spielt in der Saison 2025\/26 weiterhin in der Bezirksliga, nachdem auf den Aufstieg in die Bezirksoberliga verzichtet wurde. Das Foto zeigt die Mannschaft am ersten Spieltag am 20.9.25 in der Bezirksliga gegen den 1. Hainst\u00e4dter SC 1\u00a0 (v.l.n.r.: Norbert, <a class=\"more-link\" href=\"https:\/\/wp.vsg-1880-offenbach.de\/?page_id=2159\">weiterlesen&#8230;<\/a><\/p>\n","protected":false},"author":3,"featured_media":0,"parent":375,"menu_order":2,"comment_status":"closed","ping_status":"closed","template":"","meta":{"footnotes":""},"class_list":["post-2159","page","type-page","status-publish","hentry"],"_links":{"self":[{"href":"https:\/\/wp.vsg-1880-offenbach.de\/index.php?rest_route=\/wp\/v2\/pages\/2159","targetHints":{"allow":["GET"]}}],"collection":[{"href":"https:\/\/wp.vsg-1880-offenbach.de\/index.php?rest_route=\/wp\/v2\/pages"}],"about":[{"href":"https:\/\/wp.vsg-1880-offenbach.de\/index.php?rest_route=\/wp\/v2\/types\/page"}],"author":[{"embeddable":true,"href":"https:\/\/wp.vsg-1880-offenbach.de\/index.php?rest_route=\/wp\/v2\/users\/3"}],"replies":[{"embeddable":true,"href":"https:\/\/wp.vsg-1880-offenbach.de\/index.php?rest_route=%2Fwp%2Fv2%2Fcomments&post=2159"}],"version-history":[{"count":22,"href":"https:\/\/wp.vsg-1880-offenbach.de\/index.php?rest_route=\/wp\/v2\/pages\/2159\/revisions"}],"predecessor-version":[{"id":14324,"href":"https:\/\/wp.vsg-1880-offenbach.de\/index.php?rest_route=\/wp\/v2\/pages\/2159\/revisions\/14324"}],"up":[{"embeddable":true,"href":"https:\/\/wp.vsg-1880-offenbach.de\/index.php?rest_route=\/wp\/v2\/pages\/375"}],"wp:attachment":[{"href":"https:\/\/wp.vsg-1880-offenbach.de\/index.php?rest_route=%2Fwp%2Fv2%2Fmedia&parent=2159"}],"curies":[{"name":"wp","href":"https:\/\/api.w.org\/{rel}","templated":true}]}}