{"id":2161,"date":"2018-07-03T18:38:03","date_gmt":"2018-07-03T16:38:03","guid":{"rendered":"http:\/\/wp.vsg-1880-offenbach.de\/?page_id=2161"},"modified":"2025-09-21T13:07:16","modified_gmt":"2025-09-21T11:07:16","slug":"ligahistorie-4-mannschaft","status":"publish","type":"page","link":"https:\/\/wp.vsg-1880-offenbach.de\/?page_id=2161","title":{"rendered":"Ligahistorie 4. Mannschaft"},"content":{"rendered":"<p>\u00dcber die Links sind die Tabellen und Spielergebnisse der vergangenen Saisons abrufbar:<\/p>\r\n<ul>\r\n<li><a href=\"https:\/\/hsv-schach.liga.nu\/cgi-bin\/WebObjects\/nuLigaSCHACHDE.woa\/wa\/groupPage?championship=Main-Vogelsberg+25%2F26&amp;group=4360\">Bezirksklasse 2025\/26<\/a><br \/><img loading=\"lazy\" decoding=\"async\" class=\"alignnone size-medium wp-image-14322\" src=\"https:\/\/wp.vsg-1880-offenbach.de\/wp-content\/uploads\/2025\/09\/VSGO-4-Christian-Kai-Andre-Udo-David-Suzanna-300x200.jpg\" alt=\"\" width=\"300\" height=\"200\" srcset=\"https:\/\/wp.vsg-1880-offenbach.de\/wp-content\/uploads\/2025\/09\/VSGO-4-Christian-Kai-Andre-Udo-David-Suzanna-300x200.jpg 300w, https:\/\/wp.vsg-1880-offenbach.de\/wp-content\/uploads\/2025\/09\/VSGO-4-Christian-Kai-Andre-Udo-David-Suzanna-1024x683.jpg 1024w, https:\/\/wp.vsg-1880-offenbach.de\/wp-content\/uploads\/2025\/09\/VSGO-4-Christian-Kai-Andre-Udo-David-Suzanna-768x512.jpg 768w, https:\/\/wp.vsg-1880-offenbach.de\/wp-content\/uploads\/2025\/09\/VSGO-4-Christian-Kai-Andre-Udo-David-Suzanna-1536x1024.jpg 1536w, https:\/\/wp.vsg-1880-offenbach.de\/wp-content\/uploads\/2025\/09\/VSGO-4-Christian-Kai-Andre-Udo-David-Suzanna-2048x1365.jpg 2048w\" sizes=\"auto, (max-width: 300px) 100vw, 300px\" \/><br \/>Unsere vierte Mannschaft spielt in der Saison 2025\/26 weiterhin in der Bezirksklasse. Das Foto zeigt die Mannschaft am 20.9.25 am ersten Spieltag in der Bezirksklasse gegen Sch\u00f6neck 2 (v.l.n.r.: Christian, Kai, Andre, Udo, David und Susana).<\/li>\r\n<li><a href=\"https:\/\/hsv-schach.liga.nu\/cgi-bin\/WebObjects\/nuLigaSCHACHDE.woa\/wa\/groupPage?championship=Main-Vogelsberg+24%2F25&amp;group=1561\">Bezirksklasse 2024\/25<\/a><br \/><img loading=\"lazy\" decoding=\"async\" class=\"alignnone size-medium wp-image-13868\" src=\"https:\/\/wp.vsg-1880-offenbach.de\/wp-content\/uploads\/2025\/05\/VSGO-IV-Neubauer-Aras-Rezvani-Meyer-Alborz-Rezvani-Tejaswi-Gorle-300x200.jpg\" alt=\"\" width=\"300\" height=\"200\" srcset=\"https:\/\/wp.vsg-1880-offenbach.de\/wp-content\/uploads\/2025\/05\/VSGO-IV-Neubauer-Aras-Rezvani-Meyer-Alborz-Rezvani-Tejaswi-Gorle-300x200.jpg 300w, https:\/\/wp.vsg-1880-offenbach.de\/wp-content\/uploads\/2025\/05\/VSGO-IV-Neubauer-Aras-Rezvani-Meyer-Alborz-Rezvani-Tejaswi-Gorle-1024x683.jpg 1024w, https:\/\/wp.vsg-1880-offenbach.de\/wp-content\/uploads\/2025\/05\/VSGO-IV-Neubauer-Aras-Rezvani-Meyer-Alborz-Rezvani-Tejaswi-Gorle-768x512.jpg 768w, https:\/\/wp.vsg-1880-offenbach.de\/wp-content\/uploads\/2025\/05\/VSGO-IV-Neubauer-Aras-Rezvani-Meyer-Alborz-Rezvani-Tejaswi-Gorle.jpg 1158w\" sizes=\"auto, (max-width: 300px) 100vw, 300px\" \/><br \/>Dank Corona war die Bezirksklasse aufgrund der geringeren Mannschafts- und Vereinszahlen aufgel\u00f6st worden. In der Saison 2024\/25 wird die Spielklasse wieder neu aufgelegt und unsere VSGO IV ist nach dem gro\u00dfartigen zweiten Platz in der Vorsaison in der Kreisoberliga sozusagen Neugr\u00fcndungsmitglied. Das Foto zeigt die Mannschaft am 17.5.25 am letzten Spieltag der Bezirksklasse gegen die SF Heusenstamm 1 (v.l.n.r.: J\u00fcrgen, Aras, Friedhelm, Alborz, Tejaswi, es fehlt Christian).<\/li>\r\n<li><a href=\"https:\/\/hessen.portal64.de\/ergebnisse\/show\/2023\/1469\/tabelle\/\">MVS-Kreisoberliga 2023\/24<\/a><br \/><img loading=\"lazy\" decoding=\"async\" class=\"alignnone size-medium wp-image-11779\" src=\"http:\/\/wp.vsg-1880-offenbach.de\/wp-content\/uploads\/2023\/09\/VSGO-IV-300x225.jpg\" alt=\"\" width=\"300\" height=\"225\" srcset=\"https:\/\/wp.vsg-1880-offenbach.de\/wp-content\/uploads\/2023\/09\/VSGO-IV-300x225.jpg 300w, https:\/\/wp.vsg-1880-offenbach.de\/wp-content\/uploads\/2023\/09\/VSGO-IV-1024x768.jpg 1024w, https:\/\/wp.vsg-1880-offenbach.de\/wp-content\/uploads\/2023\/09\/VSGO-IV-768x576.jpg 768w, https:\/\/wp.vsg-1880-offenbach.de\/wp-content\/uploads\/2023\/09\/VSGO-IV-1536x1152.jpg 1536w, https:\/\/wp.vsg-1880-offenbach.de\/wp-content\/uploads\/2023\/09\/VSGO-IV-2048x1536.jpg 2048w\" sizes=\"auto, (max-width: 300px) 100vw, 300px\" \/><br \/>Die Mannschaft ist zur\u00fcck in der h\u00f6chten Spielklasse der Kreises! Das Foto zeigt die Mannschaft am 9.9.2023 zum Saisonauftakt in der Kreisoberliga gegen Seligenstadt 1 (v.l.n.r.: J\u00fcrgen, Christian, Friedhelm, Asem und knieend Christian). Am Ende sprang in einem Herzschlagfinale der hervorragende zweite Platz heraus samt Entscheidung, es noch eine Klasse h\u00f6her versuchen zu wollen.<\/li>\r\n<li><a href=\"https:\/\/hessen.portal64.de\/ergebnisse\/show\/2022\/1361\/\">MVS-Kreisliga 2022\/23<\/a><br \/>Corona zeigte weiter Folgen. Aufgrund der Aufl\u00f6sung der Bezirksklasse stieg unsere dritte Mannschaft in die Kreisoberliga ab, so dass unsere vierte Mannschaft freiwillig eine Liga zur\u00fcck in die Kreisliga wechselte. Diese wurde aber souver\u00e4n ohne Punktverlust gewonnen, so dass die Mannschaft als Meister gleich wieder aufstieg, zumal die dritte Mannschaft ebenfalls in die Bezirksliga aufsteigen konnte.<br \/><img loading=\"lazy\" decoding=\"async\" class=\"alignnone size-medium wp-image-10110\" src=\"http:\/\/wp.vsg-1880-offenbach.de\/wp-content\/uploads\/2022\/09\/VSGO-IV-am-10.9.22-300x225.jpg\" alt=\"\" width=\"300\" height=\"225\" srcset=\"https:\/\/wp.vsg-1880-offenbach.de\/wp-content\/uploads\/2022\/09\/VSGO-IV-am-10.9.22-300x225.jpg 300w, https:\/\/wp.vsg-1880-offenbach.de\/wp-content\/uploads\/2022\/09\/VSGO-IV-am-10.9.22-1024x768.jpg 1024w, https:\/\/wp.vsg-1880-offenbach.de\/wp-content\/uploads\/2022\/09\/VSGO-IV-am-10.9.22-768x576.jpg 768w, https:\/\/wp.vsg-1880-offenbach.de\/wp-content\/uploads\/2022\/09\/VSGO-IV-am-10.9.22-1536x1152.jpg 1536w, https:\/\/wp.vsg-1880-offenbach.de\/wp-content\/uploads\/2022\/09\/VSGO-IV-am-10.9.22-2048x1536.jpg 2048w\" sizes=\"auto, (max-width: 300px) 100vw, 300px\" \/><br \/>Saisonauftakt gegen Bergwinkel 3 v.l.n.r.: Luis, J\u00fcrgen, Christian, Friedhelm und Aleksandar<\/li>\r\n<li><a href=\"https:\/\/hessen.portal64.de\/ergebnisse\/show\/2021\/1309\/\">MVS-Kreisoberliga 2021\/22<\/a><br \/>Der Mannschaft gelang ein sehr guter 2. Tanellenplatz in der Kreisoberliga! Einige Spieltage fielen jedoch aus, so dass kein Saisonfoto gelang.<\/li>\r\n<li><a href=\"https:\/\/hessen.portal64.de\/ergebnisse\/show\/2019\/1113\/\" target=\"_blank\" rel=\"noopener noreferrer\">MVS-Kreisliga 2019\/20<\/a><br \/>Aufgrund der Umstrukturierung der Spielerzugeh\u00f6rigkeiten der Mannschaften wurde die 4. Mannschaft zu dieser Saison zwei Spielklassen zur\u00fcckgenommen und \u00fcbernimmt den Startplatz der &#8222;alten&#8220; 5. Mannschaft in der Kreisliga. Mit dem 2. Platz in der Abschlusstabelle gelang der Aufstieg in die Kreisoberliga. Coronabedingt wurde aber keine Saison 2020\/21 ausgetragen.<br \/>\r\n<div id=\"attachment_5545\" style=\"width: 310px\" class=\"wp-caption alignnone\"><img loading=\"lazy\" decoding=\"async\" aria-describedby=\"caption-attachment-5545\" class=\"size-medium wp-image-5545\" src=\"http:\/\/wp.vsg-1880-offenbach.de\/wp-content\/uploads\/2019\/09\/VSGO-4-Saison-2019-20-Alexander-Kreuzer-Friedhelm-Meyer-Norbert-Brandt-Aleksandar-Velenderic-Ovcia-Milner-Kai-Loewner-300x200.jpg\" alt=\"\" width=\"300\" height=\"200\" \/><p id=\"caption-attachment-5545\" class=\"wp-caption-text\">Am ersten Spieltag gegen SC Ronneburg 2 v.l.n.r.: Alexander, Friedhelm, Norbert, Aleksandar, Ovcia und Kai<\/p><\/div>\r\n<\/li>\r\n<li><a href=\"https:\/\/hessen.portal64.de\/ergebnisse\/show\/2018\/979\/\" target=\"_blank\" rel=\"noopener noreferrer\">MVS-Bezirksklasse 2018\/19<\/a><br \/>\r\n<div id=\"attachment_3518\" style=\"width: 310px\" class=\"wp-caption alignnone\"><img loading=\"lazy\" decoding=\"async\" aria-describedby=\"caption-attachment-3518\" class=\"size-medium wp-image-3518\" src=\"http:\/\/wp.vsg-1880-offenbach.de\/wp-content\/uploads\/2018\/11\/VSGO-IV-am-3-11-2018-vlnr-Yasushi-Kono-Christian-Niemrichter-Aleksandar-Velenderic-Kai-L\u00f6wner-Alexander-Kreuzer-Ovchia-Milner-Norbert-Brandt-II-300x200.jpg\" alt=\"\" width=\"300\" height=\"200\" \/><p id=\"caption-attachment-3518\" class=\"wp-caption-text\">Am 3. Spieltag gegen\u00a0den SV Kinzigtal Erlensee \/ Langenselbold 2 v.l.n.r.: Yasushi Kono, Christian Niemrichter, Aleksandar Velenderic, Kai L\u00f6wner, Alexander Kreuzer, Ovchia Milner und Norbert Brandt<\/p><\/div>\r\n<\/li>\r\n<li><a href=\"https:\/\/hessen.portal64.de\/ergebnisse\/show\/2017\/797\/\">MVS-Bezirksklasse 2017\/18<\/a><\/li>\r\n<li><a href=\"https:\/\/hessen.portal64.de\/ergebnisse\/show\/2016\/599\/\" target=\"_blank\" rel=\"noopener noreferrer\">MVS-Bezirksklasse 2016\/17<\/a><\/li>\r\n<li><a href=\"https:\/\/hessen.portal64.de\/ergebnisse\/show\/2015\/471\/\" target=\"_blank\" rel=\"noopener noreferrer\">MVS-Bezirksklasse 2015\/16<\/a><\/li>\r\n<li><a href=\"https:\/\/hessen.portal64.de\/ergebnisse\/show\/2014\/373\/\" target=\"_blank\" rel=\"noopener noreferrer\">MVS-Kreisliga 2014\/15<\/a><\/li>\r\n<li><a href=\"https:\/\/hessen.portal64.de\/ergebnisse\/show\/2013\/284\/\" target=\"_blank\" rel=\"noopener noreferrer\">MVS-Kreisliga 2013\/14<\/a><\/li>\r\n<li><a href=\"https:\/\/hessen.portal64.de\/ergebnisse\/show\/2012\/219\/\" target=\"_blank\" rel=\"noopener noreferrer\">MVS-Kreisliga 2012\/13<\/a><\/li>\r\n<li><a href=\"https:\/\/hessen.portal64.de\/ergebnisse\/show\/2011\/164\/\" target=\"_blank\" rel=\"noopener noreferrer\">MVS-Kreisliga 2011\/12<\/a><\/li>\r\n<li><a href=\"https:\/\/hessen.portal64.de\/ergebnisse\/show\/2010\/117\/\" target=\"_blank\" rel=\"noopener noreferrer\">MVS-Bezirksklasse 2010\/11<\/a><\/li>\r\n<li><a href=\"https:\/\/hessen.portal64.de\/ergebnisse\/show\/2009\/117\/\" target=\"_blank\" rel=\"noopener noreferrer\">MVS-Bezirksklasse 2009\/10<\/a><\/li>\r\n<\/ul>\r\n\r\n<p>Noch \u00e4ltere Ligaergebnisse sind teilweise \u00fcber die <a href=\"http:\/\/historie.mvsj.de\/\">MVSJ-Ehrentafel<\/a> verlinkt. Daraus geht hervor, dass Offenbachs 4. Mannschaft u.a. in der Saison 1997\/98 sogar in der h\u00f6chsten Spielklasse des MVS-Bezirkes, der Bezirksoberliga, spielte.<\/p>\r\n<p>Views: 1163<\/p>","protected":false},"excerpt":{"rendered":"<p>\u00dcber die Links sind die Tabellen und Spielergebnisse der vergangenen Saisons abrufbar: Bezirksklasse 2025\/26Unsere vierte Mannschaft spielt in der Saison 2025\/26 weiterhin in der Bezirksklasse. Das Foto zeigt die Mannschaft am 20.9.25 am ersten Spieltag in der Bezirksklasse gegen Sch\u00f6neck 2 (v.l.n.r.: Christian, Kai, Andre, Udo, David und Susana). Bezirksklasse 2024\/25Dank Corona war die Bezirksklasse <a class=\"more-link\" href=\"https:\/\/wp.vsg-1880-offenbach.de\/?page_id=2161\">weiterlesen&#8230;<\/a><\/p>\n","protected":false},"author":3,"featured_media":0,"parent":377,"menu_order":2,"comment_status":"closed","ping_status":"closed","template":"","meta":{"footnotes":""},"class_list":["post-2161","page","type-page","status-publish","hentry"],"_links":{"self":[{"href":"https:\/\/wp.vsg-1880-offenbach.de\/index.php?rest_route=\/wp\/v2\/pages\/2161","targetHints":{"allow":["GET"]}}],"collection":[{"href":"https:\/\/wp.vsg-1880-offenbach.de\/index.php?rest_route=\/wp\/v2\/pages"}],"about":[{"href":"https:\/\/wp.vsg-1880-offenbach.de\/index.php?rest_route=\/wp\/v2\/types\/page"}],"author":[{"embeddable":true,"href":"https:\/\/wp.vsg-1880-offenbach.de\/index.php?rest_route=\/wp\/v2\/users\/3"}],"replies":[{"embeddable":true,"href":"https:\/\/wp.vsg-1880-offenbach.de\/index.php?rest_route=%2Fwp%2Fv2%2Fcomments&post=2161"}],"version-history":[{"count":23,"href":"https:\/\/wp.vsg-1880-offenbach.de\/index.php?rest_route=\/wp\/v2\/pages\/2161\/revisions"}],"predecessor-version":[{"id":14326,"href":"https:\/\/wp.vsg-1880-offenbach.de\/index.php?rest_route=\/wp\/v2\/pages\/2161\/revisions\/14326"}],"up":[{"embeddable":true,"href":"https:\/\/wp.vsg-1880-offenbach.de\/index.php?rest_route=\/wp\/v2\/pages\/377"}],"wp:attachment":[{"href":"https:\/\/wp.vsg-1880-offenbach.de\/index.php?rest_route=%2Fwp%2Fv2%2Fmedia&parent=2161"}],"curies":[{"name":"wp","href":"https:\/\/api.w.org\/{rel}","templated":true}]}}