{"id":2164,"date":"2018-07-03T18:39:07","date_gmt":"2018-07-03T16:39:07","guid":{"rendered":"http:\/\/wp.vsg-1880-offenbach.de\/?page_id=2164"},"modified":"2025-09-27T22:25:56","modified_gmt":"2025-09-27T20:25:56","slug":"ligahistorie-5-mannschaft","status":"publish","type":"page","link":"https:\/\/wp.vsg-1880-offenbach.de\/?page_id=2164","title":{"rendered":"Ligahistorie 5. Mannschaft"},"content":{"rendered":"<p>\u00dcber die Links sind die Tabellen und Spielergebnisse der vergangenen Saisons abrufbar:<\/p>\n<p>Aufgrund der Coronapandemie fand zwischen Mitte M\u00e4rz 2020 und September 2021 keinerlei Ligabetrieb statt. In dieser Zeit gab es einige Vereinsabg\u00e4nge, so dass bei der Planung der Spielzeit 2021\/22 schlichtweg nicht mehr gen\u00fcgend Spielerinnen und Spieler f\u00fcr eine f\u00fcnfte Mannschaft zur Verf\u00fcgung standen. Das galt auch f\u00fcr die Saison 2022\/23. Umso sch\u00f6ner ist die Wiederaufnahme des Spielbetriebes mit der Mannschaft in der Saison 2023\/24 in der MVS-Kreisliga.<\/p>\n<ul>\n<li><a href=\"https:\/\/hsv-schach.liga.nu\/cgi-bin\/WebObjects\/nuLigaSCHACHDE.woa\/wa\/groupPage?championship=Main-Vogelsberg+25%2F26&amp;group=4393\">Kreisoberliga 2025\/26<\/a><br \/>\n<img loading=\"lazy\" decoding=\"async\" class=\"alignnone size-medium wp-image-14335\" src=\"https:\/\/wp.vsg-1880-offenbach.de\/wp-content\/uploads\/2025\/09\/VSGO-5-Juergen-Friedhelm-Alborz-Aras-300x200.jpg\" alt=\"\" width=\"300\" height=\"200\" srcset=\"https:\/\/wp.vsg-1880-offenbach.de\/wp-content\/uploads\/2025\/09\/VSGO-5-Juergen-Friedhelm-Alborz-Aras-300x200.jpg 300w, https:\/\/wp.vsg-1880-offenbach.de\/wp-content\/uploads\/2025\/09\/VSGO-5-Juergen-Friedhelm-Alborz-Aras-1024x683.jpg 1024w, https:\/\/wp.vsg-1880-offenbach.de\/wp-content\/uploads\/2025\/09\/VSGO-5-Juergen-Friedhelm-Alborz-Aras-768x512.jpg 768w, https:\/\/wp.vsg-1880-offenbach.de\/wp-content\/uploads\/2025\/09\/VSGO-5-Juergen-Friedhelm-Alborz-Aras-1536x1024.jpg 1536w, https:\/\/wp.vsg-1880-offenbach.de\/wp-content\/uploads\/2025\/09\/VSGO-5-Juergen-Friedhelm-Alborz-Aras-2048x1365.jpg 2048w\" sizes=\"auto, (max-width: 300px) 100vw, 300px\" \/><br \/>\nUnsere 5. Mannschaft tritt in der Saison 2025\/26 weiterhin in der Kreisoberliga an. Das Foto zeigt die Mannschaft am 27.9.24 zum Ligaauftakt beim SF Seligenstadt 1\u00a0 (v.l.n.r.: J\u00fcrgen, Friedhelm, Alborz und Aras).<\/li>\n<li><a href=\"https:\/\/hsv-schach.liga.nu\/cgi-bin\/WebObjects\/nuLigaSCHACHDE.woa\/wa\/groupPage?championship=Main-Vogelsberg+24%2F25&amp;group=764\">Kreisoberliga 2024\/25<\/a><br \/>\n<img loading=\"lazy\" decoding=\"async\" class=\"alignnone size-medium wp-image-13008\" src=\"https:\/\/wp.vsg-1880-offenbach.de\/wp-content\/uploads\/2024\/09\/VSGO-V-Saison-24-25-300x225.jpg\" alt=\"\" width=\"300\" height=\"225\" srcset=\"https:\/\/wp.vsg-1880-offenbach.de\/wp-content\/uploads\/2024\/09\/VSGO-V-Saison-24-25-300x225.jpg 300w, https:\/\/wp.vsg-1880-offenbach.de\/wp-content\/uploads\/2024\/09\/VSGO-V-Saison-24-25-1024x768.jpg 1024w, https:\/\/wp.vsg-1880-offenbach.de\/wp-content\/uploads\/2024\/09\/VSGO-V-Saison-24-25-768x576.jpg 768w, https:\/\/wp.vsg-1880-offenbach.de\/wp-content\/uploads\/2024\/09\/VSGO-V-Saison-24-25-1536x1152.jpg 1536w, https:\/\/wp.vsg-1880-offenbach.de\/wp-content\/uploads\/2024\/09\/VSGO-V-Saison-24-25.jpg 2048w\" sizes=\"auto, (max-width: 300px) 100vw, 300px\" \/><br \/>\nNach nur einem Jahr Kreisliga versucht es die Mannschaft in der Saison 2024\/25 nun eine Liga h\u00f6her in der Kreisoberliga. Das Foto zeigt die Mannschaft am 7.9.24 zum Ligaauftakt gegen Neuberg 4\u00a0 (v.l.n.r.: Marco, David, Rakhshanah und Kai). Der Klassenerhalt gelang bravour\u00f6s!<\/li>\n<li><a href=\"https:\/\/hessen.portal64.de\/ergebnisse\/show\/2023\/1471\/\">MVS-Kreisliga 2023\/24<\/a><br \/>\n<img loading=\"lazy\" decoding=\"async\" class=\"alignnone size-medium wp-image-11781\" src=\"http:\/\/wp.vsg-1880-offenbach.de\/wp-content\/uploads\/2023\/09\/VSGO-V-300x225.jpg\" alt=\"\" width=\"300\" height=\"225\" srcset=\"https:\/\/wp.vsg-1880-offenbach.de\/wp-content\/uploads\/2023\/09\/VSGO-V-300x225.jpg 300w, https:\/\/wp.vsg-1880-offenbach.de\/wp-content\/uploads\/2023\/09\/VSGO-V-1024x768.jpg 1024w, https:\/\/wp.vsg-1880-offenbach.de\/wp-content\/uploads\/2023\/09\/VSGO-V-768x576.jpg 768w, https:\/\/wp.vsg-1880-offenbach.de\/wp-content\/uploads\/2023\/09\/VSGO-V-1536x1152.jpg 1536w, https:\/\/wp.vsg-1880-offenbach.de\/wp-content\/uploads\/2023\/09\/VSGO-V-2048x1536.jpg 2048w\" sizes=\"auto, (max-width: 300px) 100vw, 300px\" \/><br \/>\nNach der coronabedingten Aufl\u00f6sung der Mannschaft geht es diese Saison wieder los! Das Foto zeigt die Mannschaft am 9.9.23 zum Ligaauftakt gegen M\u00fchlheim 2\u00a0 (v.l.n.r.: Marco, Kai, Tejaswi und David).<\/li>\n<li><a href=\"https:\/\/hessen.portal64.de\/ergebnisse\/show\/2019\/1115\/\" target=\"_blank\" rel=\"noopener noreferrer\">MVS-Kreisklasse 2019\/20<\/a><br \/>\n<span style=\"display: inline !important; float: none; background-color: transparent; color: #404040; font-family: 'Open Sans',sans-serif; font-size: 16px; font-style: normal; font-variant: normal; font-weight: 400; letter-spacing: normal; list-style-type: square; orphans: 2; text-align: left; text-decoration: none; text-indent: 0px; text-transform: none; -webkit-text-stroke-width: 0px; white-space: normal; word-spacing: 0px;\">Aufgrund der Umstrukturierung der Spielerzugeh\u00f6rigkeiten der Mannschaften ersetzt die 5. Mannschaft die ehemalige 6. Mannschaft in der MVS-Kreisklasse. Coronabedingt wurde der letzte Spieltag nicht mehr ausgetragen und die Saison 2021 endg\u00fcltig abgebrochen. Die Mannschaft belegte Platz 5 in der Endabrechnung.<br \/>\n<\/span><\/p>\n<p><div id=\"attachment_6039\" style=\"width: 310px\" class=\"wp-caption alignnone\"><img loading=\"lazy\" decoding=\"async\" aria-describedby=\"caption-attachment-6039\" class=\"size-medium wp-image-6039\" src=\"http:\/\/wp.vsg-1880-offenbach.de\/wp-content\/uploads\/2020\/01\/VSGO-V-Januar-2020-300x200.jpg\" alt=\"\" width=\"300\" height=\"200\" srcset=\"https:\/\/wp.vsg-1880-offenbach.de\/wp-content\/uploads\/2020\/01\/VSGO-V-Januar-2020-300x200.jpg 300w, https:\/\/wp.vsg-1880-offenbach.de\/wp-content\/uploads\/2020\/01\/VSGO-V-Januar-2020-768x512.jpg 768w, https:\/\/wp.vsg-1880-offenbach.de\/wp-content\/uploads\/2020\/01\/VSGO-V-Januar-2020-1024x682.jpg 1024w, https:\/\/wp.vsg-1880-offenbach.de\/wp-content\/uploads\/2020\/01\/VSGO-V-Januar-2020.jpg 1301w\" sizes=\"auto, (max-width: 300px) 100vw, 300px\" \/><p id=\"caption-attachment-6039\" class=\"wp-caption-text\">Das Foto zeigt die Mannschaft am 25.1.2020 in der 5. Runde beim SF Heusenstamm 2 (v.l.n.r.: Tim, Wolfgang, Susanne und J\u00fcrgen).<\/p><\/div><\/li>\n<li><a href=\"https:\/\/hessen.portal64.de\/ergebnisse\/show\/2018\/977\/\" target=\"_blank\" rel=\"noopener noreferrer\">MVS-Kreisoberliga 2018\/19<\/a>\n<p><div id=\"attachment_3307\" style=\"width: 310px\" class=\"wp-caption alignnone\"><img loading=\"lazy\" decoding=\"async\" aria-describedby=\"caption-attachment-3307\" class=\"size-medium wp-image-3307\" src=\"http:\/\/wp.vsg-1880-offenbach.de\/wp-content\/uploads\/2018\/09\/20180915-VSGO-V-mit-Antje-Beate-Tim-Wolfgang-Stefan-Manfred-300x200.jpg\" alt=\"\" width=\"300\" height=\"200\" \/><p id=\"caption-attachment-3307\" class=\"wp-caption-text\">Saisonauftakt gegen SV Kinzigtal Erlensee \/ Langenselbold 3 v.l.n.r.: Antje Romero Flores, Beate Wolff, Tim Sommer, Wolfgang Meyer, Stefan Gey und Manfred Wagner<\/p><\/div><\/li>\n<li><a href=\"https:\/\/hessen.portal64.de\/ergebnisse\/show\/2017\/801\/\" target=\"_blank\" rel=\"noopener noreferrer\">MVS-Kreisoberliga 2017\/18<\/a><\/li>\n<li><a href=\"https:\/\/hessen.portal64.de\/ergebnisse\/show\/2016\/601\/\" target=\"_blank\" rel=\"noopener noreferrer\">MVS-Kreisliga 2016\/17<\/a><\/li>\n<li><a href=\"https:\/\/hessen.portal64.de\/ergebnisse\/show\/2015\/469\/\" target=\"_blank\" rel=\"noopener noreferrer\">MVS-Kreisliga 2015\/16<\/a><\/li>\n<li><a href=\"https:\/\/hessen.portal64.de\/ergebnisse\/show\/2014\/373\/\" target=\"_blank\" rel=\"noopener noreferrer\">MVS-Kreisliga 2014\/15<\/a><\/li>\n<li><a href=\"https:\/\/hessen.portal64.de\/ergebnisse\/show\/2013\/285\/\" target=\"_blank\" rel=\"noopener noreferrer\">MVS-Kreisklasse A\u00a02013\/14<\/a><\/li>\n<li><a href=\"https:\/\/hessen.portal64.de\/ergebnisse\/show\/2012\/218\/\" target=\"_blank\" rel=\"noopener noreferrer\">MVS-Kreisklasse A\u00a02012\/13<\/a><\/li>\n<li><a href=\"https:\/\/hessen.portal64.de\/ergebnisse\/show\/2011\/164\/\" target=\"_blank\" rel=\"noopener noreferrer\">MVS-Kreisliga 2011\/12<\/a><\/li>\n<li><a href=\"https:\/\/hessen.portal64.de\/ergebnisse\/show\/2010\/116\/\" target=\"_blank\" rel=\"noopener noreferrer\">MVS-Kreisliga 2010\/11<\/a><\/li>\n<li><a href=\"https:\/\/hessen.portal64.de\/ergebnisse\/show\/2009\/116\/\" target=\"_blank\" rel=\"noopener noreferrer\">MVS-Kreisliga 2009\/10<\/a><\/li>\n<\/ul>\n<p>Views: 912<\/p>","protected":false},"excerpt":{"rendered":"<p>\u00dcber die Links sind die Tabellen und Spielergebnisse der vergangenen Saisons abrufbar: Aufgrund der Coronapandemie fand zwischen Mitte M\u00e4rz 2020 und September 2021 keinerlei Ligabetrieb statt. In dieser Zeit gab es einige Vereinsabg\u00e4nge, so dass bei der Planung der Spielzeit 2021\/22 schlichtweg nicht mehr gen\u00fcgend Spielerinnen und Spieler f\u00fcr eine f\u00fcnfte Mannschaft zur Verf\u00fcgung standen. <a class=\"more-link\" href=\"https:\/\/wp.vsg-1880-offenbach.de\/?page_id=2164\">weiterlesen&#8230;<\/a><\/p>\n","protected":false},"author":3,"featured_media":0,"parent":380,"menu_order":2,"comment_status":"closed","ping_status":"closed","template":"","meta":{"footnotes":""},"class_list":["post-2164","page","type-page","status-publish","hentry"],"_links":{"self":[{"href":"https:\/\/wp.vsg-1880-offenbach.de\/index.php?rest_route=\/wp\/v2\/pages\/2164","targetHints":{"allow":["GET"]}}],"collection":[{"href":"https:\/\/wp.vsg-1880-offenbach.de\/index.php?rest_route=\/wp\/v2\/pages"}],"about":[{"href":"https:\/\/wp.vsg-1880-offenbach.de\/index.php?rest_route=\/wp\/v2\/types\/page"}],"author":[{"embeddable":true,"href":"https:\/\/wp.vsg-1880-offenbach.de\/index.php?rest_route=\/wp\/v2\/users\/3"}],"replies":[{"embeddable":true,"href":"https:\/\/wp.vsg-1880-offenbach.de\/index.php?rest_route=%2Fwp%2Fv2%2Fcomments&post=2164"}],"version-history":[{"count":23,"href":"https:\/\/wp.vsg-1880-offenbach.de\/index.php?rest_route=\/wp\/v2\/pages\/2164\/revisions"}],"predecessor-version":[{"id":14337,"href":"https:\/\/wp.vsg-1880-offenbach.de\/index.php?rest_route=\/wp\/v2\/pages\/2164\/revisions\/14337"}],"up":[{"embeddable":true,"href":"https:\/\/wp.vsg-1880-offenbach.de\/index.php?rest_route=\/wp\/v2\/pages\/380"}],"wp:attachment":[{"href":"https:\/\/wp.vsg-1880-offenbach.de\/index.php?rest_route=%2Fwp%2Fv2%2Fmedia&parent=2164"}],"curies":[{"name":"wp","href":"https:\/\/api.w.org\/{rel}","templated":true}]}}