{"id":2166,"date":"2018-07-03T18:40:15","date_gmt":"2018-07-03T16:40:15","guid":{"rendered":"http:\/\/wp.vsg-1880-offenbach.de\/?page_id=2166"},"modified":"2021-09-22T17:19:30","modified_gmt":"2021-09-22T15:19:30","slug":"ligahistorie-6-mannschaft","status":"publish","type":"page","link":"https:\/\/wp.vsg-1880-offenbach.de\/?page_id=2166","title":{"rendered":"Ligahistorie 6. Mannschaft"},"content":{"rendered":"<p>\u00dcber die Links sind die Tabellen und Spielergebnisse der vergangenen Saisons abrufbar:<\/p>\n<p>Aufgrund wachsender Mitgliederzahlen wurde f\u00fcr die Saison 2018\/19 erstmals seit der Jahrtausendwende eine neue 6. Mannschaft f\u00fcr den Ligaspielbetrieb in der MVS-Kreisklasse gemeldet. Da f\u00fcr die Saison 2019\/20 jedoch grunds\u00e4tzlich mehr Spieler als bisher einer einzelnen Mannschaft fest zugeordnet wurden, ging die 6. Mannschaft ab dieser Saison in der 5. Mannschaft auf. Die Coronapandemie tat ihr \u00fcbriges, dass eine schnelle Neuzusammenstellung unterblieb. Bei erneutem Mitgliederwachstum kann die 6. Mannschaft auch jederzeit wieder reaktiviert werden. Zur Dokumentation der Vereinsgeschichte bleibt die Historie aber allemal erhalten.<\/p>\n<ul>\n<li><a href=\"https:\/\/hessen.portal64.de\/ergebnisse\/show\/2018\/973\/\" target=\"_blank\" rel=\"noopener noreferrer\">MVS-Kreisklasse 2018\/19<\/a><br \/>\n<div id=\"attachment_3310\" style=\"width: 310px\" class=\"wp-caption alignnone\"><img loading=\"lazy\" decoding=\"async\" aria-describedby=\"caption-attachment-3310\" class=\"size-medium wp-image-3310\" src=\"http:\/\/wp.vsg-1880-offenbach.de\/wp-content\/uploads\/2018\/09\/20180915-VSGO-VI-mit-Susanne-Merlin-Lennart-J\u00fcrgen-300x200.jpg\" alt=\"\" width=\"300\" height=\"200\" \/><p id=\"caption-attachment-3310\" class=\"wp-caption-text\">Saisonauftakt mit dem Gr\u00fcndungsteam gegen SG Hainstadt\/Seligenstadt 1 v.l.n.r.: Susanne D\u00f6ll-Hentschker, Merlin Hentschker, Lennart Bergmann und J\u00fcrgen Neubauer<\/p><\/div>\n<\/li>\n<\/ul>\n\n\n<p>Bis zur Saison 1999\/2000 stellte die VSG Offenbach regelm\u00e4\u00dfig sechs und mehr Mannschaften f\u00fcr den Spielbetrieb. Bis 1998\/99 waren es sogar zeitweise acht Mannschaften. (Quelle: <a href=\"http:\/\/historie.mvsj.de\/\">MVSJ-Ehrentafel<\/a>)<\/p>\n<p>Views: 1463<\/p>","protected":false},"excerpt":{"rendered":"<p>\u00dcber die Links sind die Tabellen und Spielergebnisse der vergangenen Saisons abrufbar: Aufgrund wachsender Mitgliederzahlen wurde f\u00fcr die Saison 2018\/19 erstmals seit der Jahrtausendwende eine neue 6. Mannschaft f\u00fcr den Ligaspielbetrieb in der MVS-Kreisklasse gemeldet. Da f\u00fcr die Saison 2019\/20 jedoch grunds\u00e4tzlich mehr Spieler als bisher einer einzelnen Mannschaft fest zugeordnet wurden, ging die 6. <a class=\"more-link\" href=\"https:\/\/wp.vsg-1880-offenbach.de\/?page_id=2166\">weiterlesen&#8230;<\/a><\/p>\n","protected":false},"author":3,"featured_media":0,"parent":382,"menu_order":2,"comment_status":"closed","ping_status":"closed","template":"","meta":{"footnotes":""},"class_list":["post-2166","page","type-page","status-publish","hentry"],"_links":{"self":[{"href":"https:\/\/wp.vsg-1880-offenbach.de\/index.php?rest_route=\/wp\/v2\/pages\/2166","targetHints":{"allow":["GET"]}}],"collection":[{"href":"https:\/\/wp.vsg-1880-offenbach.de\/index.php?rest_route=\/wp\/v2\/pages"}],"about":[{"href":"https:\/\/wp.vsg-1880-offenbach.de\/index.php?rest_route=\/wp\/v2\/types\/page"}],"author":[{"embeddable":true,"href":"https:\/\/wp.vsg-1880-offenbach.de\/index.php?rest_route=\/wp\/v2\/users\/3"}],"replies":[{"embeddable":true,"href":"https:\/\/wp.vsg-1880-offenbach.de\/index.php?rest_route=%2Fwp%2Fv2%2Fcomments&post=2166"}],"version-history":[{"count":11,"href":"https:\/\/wp.vsg-1880-offenbach.de\/index.php?rest_route=\/wp\/v2\/pages\/2166\/revisions"}],"predecessor-version":[{"id":8558,"href":"https:\/\/wp.vsg-1880-offenbach.de\/index.php?rest_route=\/wp\/v2\/pages\/2166\/revisions\/8558"}],"up":[{"embeddable":true,"href":"https:\/\/wp.vsg-1880-offenbach.de\/index.php?rest_route=\/wp\/v2\/pages\/382"}],"wp:attachment":[{"href":"https:\/\/wp.vsg-1880-offenbach.de\/index.php?rest_route=%2Fwp%2Fv2%2Fmedia&parent=2166"}],"curies":[{"name":"wp","href":"https:\/\/api.w.org\/{rel}","templated":true}]}}