{"id":2289,"date":"2018-07-05T20:15:36","date_gmt":"2018-07-05T18:15:36","guid":{"rendered":"http:\/\/wp.vsg-1880-offenbach.de\/?page_id=2289"},"modified":"2018-07-05T20:15:36","modified_gmt":"2018-07-05T18:15:36","slug":"vereinschronik-bis-2009","status":"publish","type":"page","link":"https:\/\/wp.vsg-1880-offenbach.de\/?page_id=2289","title":{"rendered":"Vereinschronik bis 2009"},"content":{"rendered":"<div class=\"article-content\">\n<h3>Kurzer Abri\u00df der Geschichte des Schachspiels in Offenbach am Main<\/h3>\n<p>zusammengetragen von Harald E. Ball\u00f3 (Kontaktanschrift siehe Artikel unten)<\/p>\n<p>Offenbach am Main, Paris, Sankt Petersburg, Antwerpen<\/p>\n<p align=\"left\">&#8211;\u00a0\u00a0\u00a0\u00a0\u00a0\u00a0\u00a0\u00a0\u00a0 1775: Johann Wolfgang Goethe erlernt im Winter 1774\/75 das Schachspiel.<a href=\"http:\/\/www.vsg-1880-offenbach.de\/index.php?option=com_content&amp;view=article&amp;id=38&amp;Itemid=12#_ftn1\">[1]<\/a>\u00a0Im gleichen Jahr erbauen die Familien d\u2019Orville und Bernard das heute so genannte B\u00fcsing-Palais (d\u2019Orvillesches Herrenhaus), in dem auch Goethe anl\u00e4\u00dflich seiner Liaison mit Elisabeth Sch\u00f6nemann sp\u00e4ter verehelichte von T\u00fcrckheim etwa um das Jahr 1785 weilt.<\/p>\n<p align=\"left\">&#8211;\u00a0\u00a0\u00a0\u00a0\u00a0\u00a0\u00a0\u00a0\u00a0 um 1800: Wolf Breidenbach, im Dorfe gleichen Namens bei Kassel 1751 geboren, gestorben am 29. Febr. 1829 in Offenbach\/M., der beste Schachspieler Offenbachs, macht beim Ankauf von Philidors<a href=\"http:\/\/www.vsg-1880-offenbach.de\/index.php?option=com_content&amp;view=article&amp;id=38&amp;Itemid=12#_ftn2\">[2]<\/a>\u00a0&#8222;Schachunterricht&#8220; die Bekanntschaft eines adeligen Herrn, durch dessen Empfehlung er sich so weit emporschwingt, da\u00df er sich sp\u00e4ter um die Abschaffung des Judenleibzolles verdient machen kann.<a href=\"http:\/\/www.vsg-1880-offenbach.de\/index.php?option=com_content&amp;view=article&amp;id=38&amp;Itemid=12#_ftn3\">[3]<\/a><\/p>\n<p align=\"left\">&#8211;\u00a0\u00a0\u00a0\u00a0\u00a0\u00a0\u00a0\u00a0\u00a0 1804: Peter August d\u2019Orville (1804-1864) wird als Sohn der Dorothea Amburger (1783-1806) aus St. Petersburg und des Peter d\u2019Orville (1778-1829) aus Offenbach.in die einflu\u00dfreiche und merkantil sehr erfolgreiche Offenbacher Hugenotten-Familie d\u2019Orville hineingeboren. Dorothea Amburger ist die Nichte des Hofrats Johann Andreas Augustus Amburger (1741-1809), der der Gr\u00fcnder der zweit\u00e4ltesten Apotheke in Offenbach\/M. (heute: Apotheke zum L\u00f6wen) ist. Der Hofrat ist ein Pate des Schachspielers Peter August d\u2019Orville. Der andere Pate ist Peter Bernard (1755-1805), der Begr\u00fcnder der Schnupftabakfirma und des Offenbacher Musik-Orchesters.<a href=\"http:\/\/www.vsg-1880-offenbach.de\/index.php?option=com_content&amp;view=article&amp;id=38&amp;Itemid=12#_ftn4\">[4]<\/a>\u00a0Der Vater von Peter August d\u2019Orville, Peter d\u2019Orville, gr\u00fcndet gemeinsam mit seinem Bruder Jakob Phillip d\u2019Orville 1812 in Regensburg den noch heute existierenden Zweig der Schnupftabakfirma Bernard.<\/p>\n<p align=\"left\">&#8211;\u00a0\u00a0\u00a0\u00a0\u00a0\u00a0\u00a0\u00a0\u00a0 1818: Die Tante von Peter August d\u2019Orville Maria Elisabetha Bernard geb. Thurneissen (1757-1834) vermerkt nach Weihnacht 1818 in ihrem Tagebuch: \u201cAugust bekam Weihnacht ein Schachbrett, welches er sich so sehr gew\u00fcnscht\u201c.<a href=\"http:\/\/www.vsg-1880-offenbach.de\/index.php?option=com_content&amp;view=article&amp;id=38&amp;Itemid=12#_ftn5\">[5]<\/a><\/p>\n<p align=\"left\">&#8211;\u00a0\u00a0\u00a0\u00a0\u00a0\u00a0\u00a0\u00a0\u00a0 um 1820: Die Br\u00fcder Alfred (1800-1837), Charles (1798-1825) und Tony Johannot (1803-1852), alle in Offenbach\/M. geboren und in Paris gestorben, siedeln nach Paris um und machen dort Karriere. Sie werden in Frankreich zu den gefragtesten Buchillustratoren ihrer Zeit.<a href=\"http:\/\/www.vsg-1880-offenbach.de\/index.php?option=com_content&amp;view=article&amp;id=38&amp;Itemid=12#_ftn6\">[6]<\/a>\u00a0Der Ber\u00fchmteste der Br\u00fcder, Tony Johannot, illustriert Werke von Balzac, Dumas und Rousseau und anderen. Er erstellt auch drei Stiche mit Schachmotiven. Die aus Genf stammende Familie Johannot ist eng mit der Familie d\u2019Orville befreundet. Familienmitglieder der Johannots und d\u2019Orvilles heiraten untereinander.<\/p>\n<p align=\"left\">&#8211;\u00a0\u00a0\u00a0\u00a0\u00a0\u00a0\u00a0\u00a0\u00a0 1836: Peter August d\u2019Orville ver\u00f6ffentlicht in Paris seine Schach-Probleme in der ersten Schachzeitung der Welt, Le Palamede. Zu dieser Zeit lebt er in Antwerpen.<\/p>\n<p align=\"left\">&#8211;\u00a0\u00a0\u00a0\u00a0\u00a0\u00a0\u00a0\u00a0\u00a0 1842 publiziert er in N\u00fcrnberg ein kleines Schachb\u00fcchlein mit dem Titel Probl\u00e8mes d\u2019\u00c9checs compos\u00e9s et d\u00e9di\u00e9s aux amateurs de ce jeu par Auguste d\u2019Orville, Nuremberg 1842, das zum Klassiker der Problemschachliteratur wird. D\u2019Orville ist der erste, der zweiz\u00fcgige Schachprobleme in bis dahin nicht gekannter Kunstfertigkeit komponiert und der den \u201eZweiz\u00fcger\u201c damit zur Gattung macht.<a href=\"http:\/\/www.vsg-1880-offenbach.de\/index.php?option=com_content&amp;view=article&amp;id=38&amp;Itemid=12#_ftn7\">[7]<\/a><\/p>\n<p align=\"left\">&#8211;\u00a0\u00a0\u00a0\u00a0\u00a0\u00a0\u00a0\u00a0\u00a0 1880: Die Vereinigte Schachgesellschaft 1880 Offenbach am Main wird im November des Jahres 1880 von den drei Schachfreunden Adolph Merzbach, Franz D\u00f6rsam und Jean Mueller gegr\u00fcndet. Unter den Gr\u00fcndungsmitgliedern ist auch Adolph Merzbach ein Mitglied des Bankhauses Merzbach (sp\u00e4ter Schr\u00f6der, M\u00f6nchmeier, Hengst und Co.). Der Verein ist gl\u00fccklich, da\u00df das Gr\u00fcndungsprotokoll sowie s\u00e4mtliche Vorstandsprotokolle die Zeiten \u00fcberdauert haben.<\/p>\n<p align=\"left\">&#8211;\u00a0\u00a0\u00a0\u00a0\u00a0\u00a0\u00a0\u00a0\u00a0 1883: Der Verein z\u00e4hlt 25 Mitglieder und ist ab 1. Januar 1883 Mitglied des 1877 gegr\u00fcndeten Deutschen Schachbundes<\/p>\n<p align=\"left\">&#8211;\u00a0\u00a0\u00a0\u00a0\u00a0\u00a0\u00a0\u00a0\u00a0 1925: Wilhelm Orbach aus Offenbach wird Hessenmeister. Orbach ist Jude und wird sp\u00e4ter in Ausschwitz ermordet.<a href=\"http:\/\/www.vsg-1880-offenbach.de\/index.php?option=com_content&amp;view=article&amp;id=38&amp;Itemid=12#_ftn8\">[8]<\/a><\/p>\n<p align=\"left\">&#8211;\u00a0\u00a0\u00a0\u00a0\u00a0\u00a0\u00a0\u00a0\u00a0 1946: Die Vereinigte Schachgesellschaft 1880 Offenbach geh\u00f6rt am 16. Juni 1946 zu den 11 Gr\u00fcndungsmitgliedern des Hessischen Schachverbandes.<\/p>\n<p align=\"left\">&#8211;\u00a0\u00a0\u00a0\u00a0\u00a0\u00a0\u00a0\u00a0\u00a0 1955: Anl\u00e4\u00dflich ihres 75j\u00e4hrigen Bestehens veranstaltet die Vereinigte Schachgesellschaft im noch zerst\u00f6rten B\u00fcsinghof ein Spiel mit lebenden Figuren in historischen Kost\u00fcmen. Der Deutsche Meister Wolfgang Unzicker spielt einen Simultankampf an 50 Brettern.<\/p>\n<p align=\"left\">&#8211;\u00a0\u00a0\u00a0\u00a0\u00a0\u00a0\u00a0\u00a0\u00a0 1980: Der Verein feiert in der Stadthalle Offenbach und in den R\u00e4umen der Farbwerke Hoechst unter anderem mit einem Simultanturnier des Gro\u00dfmeisters Viktor Kortschnoi sein 100j\u00e4hriges Jubil\u00e4um.<\/p>\n<p align=\"left\">&#8211;\u00a0\u00a0\u00a0\u00a0\u00a0\u00a0\u00a0\u00a0\u00a0 1995: Der Verein ist aktiv in der Jugendarbeit und bringt einen Deutschen Jugendmeister bei den Jungen der Altersgruppe U13 hervor, der auch von der Offenbacher Sportstiftung (Vorstand: Herr Direktor Klepzig) mit einem monatlichen Stipendium gef\u00f6rdert wird.<\/p>\n<p align=\"left\">&#8211;\u00a0\u00a0\u00a0\u00a0\u00a0\u00a0\u00a0\u00a0\u00a0 1998: Der Verein ist mit etwa 108 Mitgliedern einer der gr\u00f6\u00dften Schachvereine im Rhein-Main-Gebiet und geh\u00f6rt nach einer Aufstellung des Deutschen Schachbundes aus dem Jahre 1998 zu den 30 gr\u00f6\u00dften Vereinen des Bundesgebietes.<\/p>\n<p align=\"left\">&#8211;\u00a0\u00a0\u00a0\u00a0\u00a0\u00a0\u00a0\u00a0\u00a0 1999: Der Verein inauguriert gemeinsam mit dem F\u00f6rderkreis f\u00fcr Jugend- und Schulschach e.V., der in Zusammenarbeit mit der St\u00e4dtischen Sparkasse 1822 Frankfurt auch das traditionsreiche Schulschachturnier Hibbdebach gegen Dribbdebach in Frankfurt organisiert, eine Arbeitsbeschaffungsma\u00dfnahme, die es einem Diplom-Psychologen und Internationalen Schachmeister erm\u00f6glicht, an insgesamt vier Schulen (Leibnizgymnasium, Schiller-Schule, Mathilden-Schule und Bach-Schule) in Offenbach einen Schulschachkurs anzubieten. Ebenso wird an der Ernst-Reuter-Schule in Rumpenheim ein Schulschachkurs angeboten.<\/p>\n<p align=\"left\">&#8211;\u00a0\u00a0\u00a0\u00a0\u00a0\u00a0\u00a0\u00a0\u00a0 2000: Im Rahmen des Jumelage-Projektes der Stadt Offenbach mit den\u00a0 Partnerst\u00e4dten aus Luxemburg (Esch) und \u00d6sterreich (M\u00f6dling) wird anl\u00e4sslich des 120j\u00e4hrigen Jubil\u00e4ums des Vereines im Jahre 2000 mit finanzieller Unterst\u00fctzung der Stadt Offenbach (Herr Frey) ein \u201eschwimmendes Schachturnier\u201c auf dem Main veranstaltet.<\/p>\n<p align=\"left\">&#8211;\u00a0\u00a0\u00a0\u00a0\u00a0\u00a0\u00a0\u00a0\u00a0 2004: Es wird ein regelm\u00e4\u00dfiger, konstanter Spielbetrieb in den Vereinsr\u00e4umen im Bischofsheimer Weg 72 in Rumpenheim, das von der Stadt dem Verein zur Verf\u00fcgung gestellt wird, organisiert. Die erste Mannschaft spielt seit Jahren in der Oberliga Ost, der dritth\u00f6chsten Spielklasse Deutschlands.<\/p>\n<p align=\"left\">&#8211;\u00a0\u00a0\u00a0\u00a0\u00a0\u00a0\u00a0\u00a0\u00a0 2005: Der Verein feiert sein 125j\u00e4hriges Bestehen mit einer Reihe von Schach- und Festveranstaltungen und veranstaltet im Haus der Stadtgeschichte eine Schachausstellung. Der Verein zieht in die Arthur-Zitscher-Str. 62 in Offenbach\/M. um.<\/p>\n<p align=\"left\">&#8211;\u00a0\u00a0\u00a0\u00a0\u00a0\u00a0\u00a0\u00a0\u00a0 2009: Der Verein bringt erneut einen Deutschen Meister (Hagen Poetsch) und zwar in der Altersgruppe U 18 hervor.<\/p>\n<hr size=\"1\" width=\"33%\" \/>\n<p><a href=\"http:\/\/www.vsg-1880-offenbach.de\/index.php?option=com_content&amp;view=article&amp;id=38&amp;Itemid=12#_ftnref1\">[1]<\/a>\u00a0Boyle, Nicholas: Goethe, Beck Verlag, M\u00fcnchen 1995, Bd. 1, S. 232<\/p>\n<p><a href=\"http:\/\/www.vsg-1880-offenbach.de\/index.php?option=com_content&amp;view=article&amp;id=38&amp;Itemid=12#_ftnref2\">[2]<\/a>\u00a0Francois Andr\u00e9 Philidor (1726-1795) Opernkomponist und bester Schachspieler seiner Zeit<\/p>\n<p><a href=\"http:\/\/www.vsg-1880-offenbach.de\/index.php?option=com_content&amp;view=article&amp;id=38&amp;Itemid=12#_ftnref3\">[3]<\/a>\u00a0Graetz, Geschichte der Juden XI, 617 (Mitteilung des Dr. Formstecher)<\/p>\n<p><a href=\"http:\/\/www.vsg-1880-offenbach.de\/index.php?option=com_content&amp;view=article&amp;id=38&amp;Itemid=12#_ftnref4\">[4]<\/a>\u00a0Geburtenregister der deutsch-reformierten Gemeinde zu Offenbach\/M.<\/p>\n<p><a href=\"http:\/\/www.vsg-1880-offenbach.de\/index.php?option=com_content&amp;view=article&amp;id=38&amp;Itemid=12#_ftnref5\">[5]<\/a>\u00a0Familiengeschichte d\u2019Orville nach Anton Sandhagen im Besitz von Eberhard d\u2019Orville, Dieburg<\/p>\n<p><a href=\"http:\/\/www.vsg-1880-offenbach.de\/index.php?option=com_content&amp;view=article&amp;id=38&amp;Itemid=12#_ftnref6\">[6]<\/a>\u00a0Thieme und Becker: Allgemeines Lexikon der bildenden K\u00fcnstler, Seemann Verlag, Leipzig, 19. Band, S. 68 ff.<\/p>\n<p><a href=\"http:\/\/www.vsg-1880-offenbach.de\/index.php?option=com_content&amp;view=article&amp;id=38&amp;Itemid=12#_ftnref7\">[7]<\/a>\u00a0Kohtz u. Kockelkorn, Das Indische Problem, Stein\u2019s Verlagsbuchhdlg., Potsdam 1903, S. 13 ff.<\/p>\n<p><a href=\"http:\/\/www.vsg-1880-offenbach.de\/index.php?option=com_content&amp;view=article&amp;id=38&amp;Itemid=12#_ftnref8\">[8]<\/a>\u00a0Magistrat der Stadt Offenbach\/M. (Hrsg.), Zur Geschichte der Juden in Offenbach am Main. Band 1, Offenbach\/M. 1988, S.188.<\/p>\n<p>&nbsp;<\/p>\n<p>Harald E. Ball\u00f3, Spie\u00dfstr. 34, 63071 Offenbach\/M.<\/p>\n<p align=\"left\">Praxis: Tel. 069 812626; Fax 069 826428<\/p>\n<p>Homepage:\u00a0<a href=\"http:\/\/www.ballo.de\/\">http:\/\/www.ballo.de<\/a>\u00a0und\u00a0<a href=\"http:\/\/www.schach-offenbach.de\/\">http:\/\/www.schach-offenbach.de<\/a>; email:\u00a0<a href=\"mailto:hallo@ballo.de\">hallo@ballo.de<\/a><\/p>\n<\/div>\n<p><span class=\"article_separator\">\u00a0<\/span><\/p>\n<p>Views: 1490<\/p>","protected":false},"excerpt":{"rendered":"<p>Kurzer Abri\u00df der Geschichte des Schachspiels in Offenbach am Main zusammengetragen von Harald E. Ball\u00f3 (Kontaktanschrift siehe Artikel unten) Offenbach am Main, Paris, Sankt Petersburg, Antwerpen &#8211;\u00a0\u00a0\u00a0\u00a0\u00a0\u00a0\u00a0\u00a0\u00a0 1775: Johann Wolfgang Goethe erlernt im Winter 1774\/75 das Schachspiel.[1]\u00a0Im gleichen Jahr erbauen die Familien d\u2019Orville und Bernard das heute so genannte B\u00fcsing-Palais (d\u2019Orvillesches Herrenhaus), in dem auch <a class=\"more-link\" href=\"https:\/\/wp.vsg-1880-offenbach.de\/?page_id=2289\">weiterlesen&#8230;<\/a><\/p>\n","protected":false},"author":3,"featured_media":0,"parent":100,"menu_order":1,"comment_status":"closed","ping_status":"closed","template":"","meta":{"footnotes":""},"class_list":["post-2289","page","type-page","status-publish","hentry"],"_links":{"self":[{"href":"https:\/\/wp.vsg-1880-offenbach.de\/index.php?rest_route=\/wp\/v2\/pages\/2289","targetHints":{"allow":["GET"]}}],"collection":[{"href":"https:\/\/wp.vsg-1880-offenbach.de\/index.php?rest_route=\/wp\/v2\/pages"}],"about":[{"href":"https:\/\/wp.vsg-1880-offenbach.de\/index.php?rest_route=\/wp\/v2\/types\/page"}],"author":[{"embeddable":true,"href":"https:\/\/wp.vsg-1880-offenbach.de\/index.php?rest_route=\/wp\/v2\/users\/3"}],"replies":[{"embeddable":true,"href":"https:\/\/wp.vsg-1880-offenbach.de\/index.php?rest_route=%2Fwp%2Fv2%2Fcomments&post=2289"}],"version-history":[{"count":1,"href":"https:\/\/wp.vsg-1880-offenbach.de\/index.php?rest_route=\/wp\/v2\/pages\/2289\/revisions"}],"predecessor-version":[{"id":2290,"href":"https:\/\/wp.vsg-1880-offenbach.de\/index.php?rest_route=\/wp\/v2\/pages\/2289\/revisions\/2290"}],"up":[{"embeddable":true,"href":"https:\/\/wp.vsg-1880-offenbach.de\/index.php?rest_route=\/wp\/v2\/pages\/100"}],"wp:attachment":[{"href":"https:\/\/wp.vsg-1880-offenbach.de\/index.php?rest_route=%2Fwp%2Fv2%2Fmedia&parent=2289"}],"curies":[{"name":"wp","href":"https:\/\/api.w.org\/{rel}","templated":true}]}}