{"id":3113,"date":"2018-08-16T21:22:19","date_gmt":"2018-08-16T19:22:19","guid":{"rendered":"http:\/\/wp.vsg-1880-offenbach.de\/?page_id=3113"},"modified":"2018-08-16T21:22:19","modified_gmt":"2018-08-16T19:22:19","slug":"pokalwettbewerb","status":"publish","type":"page","link":"https:\/\/wp.vsg-1880-offenbach.de\/?page_id=3113","title":{"rendered":"Pokalwettbewerb"},"content":{"rendered":"<p>Die VSG 1880 Offenbach nimmt jedes Jahr mit mehreren Mannschaften am Heinz-K\u00f6hler-Pokal teil. Dies ist der Pokalwettbewerb auf Bezirksebene im Main-Vogelsberg-Bezirk. Schon oft hat eine unserer Mannschaften einen der ersten beiden Pl\u00e4tze belegt und sich damit f\u00fcr den Sommer vom Hessischen Schachverband veranstalteten Vierer-Pokal auf Landesebene qualifiziert.<\/p>\n<p>\u00dcber das Men\u00fc sind auch hier alle Mannschaftsaufstellungen, Spieltermine und -ergebnisse abrufbar.<\/p>\n<p>Views: 984<\/p>","protected":false},"excerpt":{"rendered":"<p>Die VSG 1880 Offenbach nimmt jedes Jahr mit mehreren Mannschaften am Heinz-K\u00f6hler-Pokal teil. Dies ist der Pokalwettbewerb auf Bezirksebene im Main-Vogelsberg-Bezirk. Schon oft hat eine unserer Mannschaften einen der ersten beiden Pl\u00e4tze belegt und sich damit f\u00fcr den Sommer vom Hessischen Schachverband veranstalteten Vierer-Pokal auf Landesebene qualifiziert. \u00dcber das Men\u00fc sind auch hier alle Mannschaftsaufstellungen, <a class=\"more-link\" href=\"https:\/\/wp.vsg-1880-offenbach.de\/?page_id=3113\">weiterlesen&#8230;<\/a><\/p>\n","protected":false},"author":3,"featured_media":0,"parent":41,"menu_order":12,"comment_status":"closed","ping_status":"closed","template":"","meta":{"footnotes":""},"class_list":["post-3113","page","type-page","status-publish","hentry"],"_links":{"self":[{"href":"https:\/\/wp.vsg-1880-offenbach.de\/index.php?rest_route=\/wp\/v2\/pages\/3113","targetHints":{"allow":["GET"]}}],"collection":[{"href":"https:\/\/wp.vsg-1880-offenbach.de\/index.php?rest_route=\/wp\/v2\/pages"}],"about":[{"href":"https:\/\/wp.vsg-1880-offenbach.de\/index.php?rest_route=\/wp\/v2\/types\/page"}],"author":[{"embeddable":true,"href":"https:\/\/wp.vsg-1880-offenbach.de\/index.php?rest_route=\/wp\/v2\/users\/3"}],"replies":[{"embeddable":true,"href":"https:\/\/wp.vsg-1880-offenbach.de\/index.php?rest_route=%2Fwp%2Fv2%2Fcomments&post=3113"}],"version-history":[{"count":1,"href":"https:\/\/wp.vsg-1880-offenbach.de\/index.php?rest_route=\/wp\/v2\/pages\/3113\/revisions"}],"predecessor-version":[{"id":3114,"href":"https:\/\/wp.vsg-1880-offenbach.de\/index.php?rest_route=\/wp\/v2\/pages\/3113\/revisions\/3114"}],"up":[{"embeddable":true,"href":"https:\/\/wp.vsg-1880-offenbach.de\/index.php?rest_route=\/wp\/v2\/pages\/41"}],"wp:attachment":[{"href":"https:\/\/wp.vsg-1880-offenbach.de\/index.php?rest_route=%2Fwp%2Fv2%2Fmedia&parent=3113"}],"curies":[{"name":"wp","href":"https:\/\/api.w.org\/{rel}","templated":true}]}}