{"id":364,"date":"2018-06-27T13:41:23","date_gmt":"2018-06-27T11:41:23","guid":{"rendered":"http:\/\/wp.vsg-1880-offenbach.de\/?page_id=364"},"modified":"2019-10-13T22:07:21","modified_gmt":"2019-10-13T20:07:21","slug":"1-damenmannschaft","status":"publish","type":"page","link":"https:\/\/wp.vsg-1880-offenbach.de\/?page_id=364","title":{"rendered":"1. Frauenmannschaft"},"content":{"rendered":"<p>Unsere erste Frauenmannschaft wurde in der Saison 2015\/16 gegr\u00fcndet und nahm in der Hessischen Frauenliga den Spielbetrieb auf.<\/p>\n<p>In der Saison 2017\/18, dem dritten Jahr ihres Bestehens, konnte sie die Hessenliga gewinnen. Damit wurde der Aufstieg in die Regionalliga S\u00fcd-West f\u00fcr die Saison 2018\/19 geschafft. Die Regionalliga ist die dritth\u00f6chste Spielklasse im Frauenschach. Das Foto zeigt die Mannschaft am ersten Spieltag der Saison 2019\/20 gegen die SVG Oberhessen (v.l.n.r.: Beate, Annette, Josi und Susanne).<\/p>\n<p>Im Men\u00fc sind alle Termine, Spielergebnisse und Tabellen der jeweils laufenden Saison ver\u00f6ffentlicht.<\/p>\n<p>Die Tabellen, Spielergebnisse und Aufstellungen der Vorsaisons seit Gr\u00fcndung der Mannschaft k\u00f6nnen ebenfalls im Men\u00fc aufgerufen werden.<\/p>\n<p>Das historische Foto der allerersten Frauenmannschaft des Vereins aus der Saison 2015\/16:<\/p>\n<div id=\"attachment_939\" style=\"width: 310px\" class=\"wp-caption alignnone\"><a href=\"http:\/\/wp.vsg-1880-offenbach.de\/wp-content\/uploads\/2018\/06\/VSG-Frauenmannschaft.jpg\"><img loading=\"lazy\" decoding=\"async\" aria-describedby=\"caption-attachment-939\" class=\"size-medium wp-image-939\" src=\"http:\/\/wp.vsg-1880-offenbach.de\/wp-content\/uploads\/2018\/06\/VSG-Frauenmannschaft-300x200.jpg\" alt=\"\" width=\"300\" height=\"200\" \/><\/a><p id=\"caption-attachment-939\" class=\"wp-caption-text\">v.l.n.r. Josefin Hentschker, Rosalie Werner, Beate Wolff und Laura Dixon<\/p><\/div>\n<p>Views: 1889<\/p>","protected":false},"excerpt":{"rendered":"<p>Unsere erste Frauenmannschaft wurde in der Saison 2015\/16 gegr\u00fcndet und nahm in der Hessischen Frauenliga den Spielbetrieb auf. In der Saison 2017\/18, dem dritten Jahr ihres Bestehens, konnte sie die Hessenliga gewinnen. Damit wurde der Aufstieg in die Regionalliga S\u00fcd-West f\u00fcr die Saison 2018\/19 geschafft. Die Regionalliga ist die dritth\u00f6chste Spielklasse im Frauenschach. Das Foto <a class=\"more-link\" href=\"https:\/\/wp.vsg-1880-offenbach.de\/?page_id=364\">weiterlesen&#8230;<\/a><\/p>\n","protected":false},"author":3,"featured_media":5602,"parent":41,"menu_order":1,"comment_status":"closed","ping_status":"closed","template":"","meta":{"footnotes":""},"class_list":["post-364","page","type-page","status-publish","has-post-thumbnail","hentry"],"_links":{"self":[{"href":"https:\/\/wp.vsg-1880-offenbach.de\/index.php?rest_route=\/wp\/v2\/pages\/364","targetHints":{"allow":["GET"]}}],"collection":[{"href":"https:\/\/wp.vsg-1880-offenbach.de\/index.php?rest_route=\/wp\/v2\/pages"}],"about":[{"href":"https:\/\/wp.vsg-1880-offenbach.de\/index.php?rest_route=\/wp\/v2\/types\/page"}],"author":[{"embeddable":true,"href":"https:\/\/wp.vsg-1880-offenbach.de\/index.php?rest_route=\/wp\/v2\/users\/3"}],"replies":[{"embeddable":true,"href":"https:\/\/wp.vsg-1880-offenbach.de\/index.php?rest_route=%2Fwp%2Fv2%2Fcomments&post=364"}],"version-history":[{"count":20,"href":"https:\/\/wp.vsg-1880-offenbach.de\/index.php?rest_route=\/wp\/v2\/pages\/364\/revisions"}],"predecessor-version":[{"id":5603,"href":"https:\/\/wp.vsg-1880-offenbach.de\/index.php?rest_route=\/wp\/v2\/pages\/364\/revisions\/5603"}],"up":[{"embeddable":true,"href":"https:\/\/wp.vsg-1880-offenbach.de\/index.php?rest_route=\/wp\/v2\/pages\/41"}],"wp:featuredmedia":[{"embeddable":true,"href":"https:\/\/wp.vsg-1880-offenbach.de\/index.php?rest_route=\/wp\/v2\/media\/5602"}],"wp:attachment":[{"href":"https:\/\/wp.vsg-1880-offenbach.de\/index.php?rest_route=%2Fwp%2Fv2%2Fmedia&parent=364"}],"curies":[{"name":"wp","href":"https:\/\/api.w.org\/{rel}","templated":true}]}}