{"id":371,"date":"2018-06-27T13:49:25","date_gmt":"2018-06-27T11:49:25","guid":{"rendered":"http:\/\/wp.vsg-1880-offenbach.de\/?page_id=371"},"modified":"2025-09-14T16:35:26","modified_gmt":"2025-09-14T14:35:26","slug":"1-mannschaft","status":"publish","type":"page","link":"https:\/\/wp.vsg-1880-offenbach.de\/?page_id=371","title":{"rendered":"1. Mannschaft"},"content":{"rendered":"<p>Unsere erste Mannschaft spielt in der Saison 2025\/26\u00a0 in der Verbandsliga Nord, der f\u00fcnfth\u00f6chsten deutschen Spielklasse. Das Foto zeigt die Mannschaft am 14.9.25 zum Saisonauftakt gegen den SC Bad Nauheim 1 (v.l.n.r.: Stefan, Kyriakos, Frank, Rosalie, Florin, Michael und Thorsten).<\/p>\n<p>Alle Termine, Spielergebnisse, Aufstellungen\u00a0und Tabellen der\u00a0aktuellen Saison\u00a0finden sich im Men\u00fc.<\/p>\n<p>In den 1970er-Jahren geh\u00f6rte die VSG Offenbach in der <a href=\"https:\/\/de.wikipedia.org\/wiki\/Schachbundesliga_1974\/75#Die_Meistermannschaft\" target=\"_blank\" rel=\"noopener noreferrer\">Saison 1974\/75<\/a> zu den Gr\u00fcndungsmitgliedern der viergleisigen 1. Bundesliga. Nach dem Klassenerhalt in der ersten Saison lief es in der <a href=\"https:\/\/de.wikipedia.org\/wiki\/Schachbundesliga_1975\/76\" target=\"_blank\" rel=\"noopener noreferrer\">Saison 1975\/76<\/a> nicht mehr so erfolgreich und das Team stieg leider in die Oberliga-S\u00fcd-West ab. Dennoch sind die beiden Jahre in der Bundesliga die sportlichen H\u00f6hepunkte der ersten Mannschaft unseres Vereins. Robert H\u00fcbner und Helmut Pfleger, die damaligen deutschen Schachgr\u00f6\u00dfen und weit \u00fcber die Schachkreise hinaus bekannt, spielten damals f\u00fcr Solingen und Bamberg in der gleichen Liga wie Offenbach. Unser heutiger Schulschachreferent Horst M\u00fcller geh\u00f6rte damals schon zu dieser hochklassigen Mannschaft. Mit Einf\u00fchrung der eingleisigen ersten Bundesliga und der viergleisigen zweiten Bundesliga zur Spielzeit 1980\/1981 endeten allerdings auch die Jahre der Zweitklassigkeit f\u00fcr die VSG Offenbach, kurz unterbrochen von der Saison 1986\/87 in der 2. Bundesliga S\u00fcd-West, und es schloss sich eine lange Periode in der dritten Spielklasse, der Oberliga, an. 2014 folgte der Abstieg in die Hessenliga, der vierten Spielklasse. 2018 ging es dann noch eine Ebene tiefer in die Verbandsliga S\u00fcd, aus der aber 2021 der Wiederaufstieg in die Hessenliga gelang.<\/p>\n<p>Im Men\u00fc finden sich die historischen Spielergebnisse und Tabellen der ersten Offenbacher Mannschaft\u00a0l\u00fcckenlos zur\u00fcck bis zur Saison 2003\/04.<\/p>\n<p>Views: 2697<\/p>","protected":false},"excerpt":{"rendered":"<p>Unsere erste Mannschaft spielt in der Saison 2025\/26\u00a0 in der Verbandsliga Nord, der f\u00fcnfth\u00f6chsten deutschen Spielklasse. Das Foto zeigt die Mannschaft am 14.9.25 zum Saisonauftakt gegen den SC Bad Nauheim 1 (v.l.n.r.: Stefan, Kyriakos, Frank, Rosalie, Florin, Michael und Thorsten). Alle Termine, Spielergebnisse, Aufstellungen\u00a0und Tabellen der\u00a0aktuellen Saison\u00a0finden sich im Men\u00fc. In den 1970er-Jahren geh\u00f6rte die <a class=\"more-link\" href=\"https:\/\/wp.vsg-1880-offenbach.de\/?page_id=371\">weiterlesen&#8230;<\/a><\/p>\n","protected":false},"author":3,"featured_media":14302,"parent":41,"menu_order":3,"comment_status":"closed","ping_status":"closed","template":"","meta":{"footnotes":""},"class_list":["post-371","page","type-page","status-publish","has-post-thumbnail","hentry"],"_links":{"self":[{"href":"https:\/\/wp.vsg-1880-offenbach.de\/index.php?rest_route=\/wp\/v2\/pages\/371","targetHints":{"allow":["GET"]}}],"collection":[{"href":"https:\/\/wp.vsg-1880-offenbach.de\/index.php?rest_route=\/wp\/v2\/pages"}],"about":[{"href":"https:\/\/wp.vsg-1880-offenbach.de\/index.php?rest_route=\/wp\/v2\/types\/page"}],"author":[{"embeddable":true,"href":"https:\/\/wp.vsg-1880-offenbach.de\/index.php?rest_route=\/wp\/v2\/users\/3"}],"replies":[{"embeddable":true,"href":"https:\/\/wp.vsg-1880-offenbach.de\/index.php?rest_route=%2Fwp%2Fv2%2Fcomments&post=371"}],"version-history":[{"count":28,"href":"https:\/\/wp.vsg-1880-offenbach.de\/index.php?rest_route=\/wp\/v2\/pages\/371\/revisions"}],"predecessor-version":[{"id":14309,"href":"https:\/\/wp.vsg-1880-offenbach.de\/index.php?rest_route=\/wp\/v2\/pages\/371\/revisions\/14309"}],"up":[{"embeddable":true,"href":"https:\/\/wp.vsg-1880-offenbach.de\/index.php?rest_route=\/wp\/v2\/pages\/41"}],"wp:featuredmedia":[{"embeddable":true,"href":"https:\/\/wp.vsg-1880-offenbach.de\/index.php?rest_route=\/wp\/v2\/media\/14302"}],"wp:attachment":[{"href":"https:\/\/wp.vsg-1880-offenbach.de\/index.php?rest_route=%2Fwp%2Fv2%2Fmedia&parent=371"}],"curies":[{"name":"wp","href":"https:\/\/api.w.org\/{rel}","templated":true}]}}