{"id":382,"date":"2018-06-27T13:58:58","date_gmt":"2018-06-27T11:58:58","guid":{"rendered":"http:\/\/wp.vsg-1880-offenbach.de\/?page_id=382"},"modified":"2021-10-12T14:21:40","modified_gmt":"2021-10-12T12:21:40","slug":"6-mannschaft","status":"publish","type":"page","link":"https:\/\/wp.vsg-1880-offenbach.de\/?page_id=382","title":{"rendered":"6. Mannschaft"},"content":{"rendered":"<p>Unsere sechste Mannschaft wurde 2018 neu gegr\u00fcndet und spielt in der Saison 2018\/2019 in der Kreisklasse. Das Foto zeigt die Mannschaft am 15.9.2018 zum Saisonauftakt gegen SG Hainstadt\/Seligenstadt 1 (v.l.n.r.: Susanne, Merlin, Lennart und J\u00fcrgen). Leider reichte das Spielinteresse der Mitglieder in den Folgejahren nicht mehr f\u00fcr eine erneute Mannschaftsmeldung.<\/p>\n<p>Alle Termine, Spielergebnisse, Aufstellungen\u00a0und Tabellen der Saison 2018\/19 finden sich im Men\u00fc.<\/p>\n<p>Die Tabellen, Spielergebnisse und Aufstellungen der Vorsaisons seit Gr\u00fcndung der Mannschaft k\u00f6nnen im Men\u00fc aufgerufen werden.<\/p>\n<p>Views: 2204<\/p>","protected":false},"excerpt":{"rendered":"<p>Unsere sechste Mannschaft wurde 2018 neu gegr\u00fcndet und spielt in der Saison 2018\/2019 in der Kreisklasse. Das Foto zeigt die Mannschaft am 15.9.2018 zum Saisonauftakt gegen SG Hainstadt\/Seligenstadt 1 (v.l.n.r.: Susanne, Merlin, Lennart und J\u00fcrgen). Leider reichte das Spielinteresse der Mitglieder in den Folgejahren nicht mehr f\u00fcr eine erneute Mannschaftsmeldung. Alle Termine, Spielergebnisse, Aufstellungen\u00a0und Tabellen <a class=\"more-link\" href=\"https:\/\/wp.vsg-1880-offenbach.de\/?page_id=382\">weiterlesen&#8230;<\/a><\/p>\n","protected":false},"author":3,"featured_media":3310,"parent":41,"menu_order":8,"comment_status":"closed","ping_status":"closed","template":"","meta":{"footnotes":""},"class_list":["post-382","page","type-page","status-publish","has-post-thumbnail","hentry"],"_links":{"self":[{"href":"https:\/\/wp.vsg-1880-offenbach.de\/index.php?rest_route=\/wp\/v2\/pages\/382","targetHints":{"allow":["GET"]}}],"collection":[{"href":"https:\/\/wp.vsg-1880-offenbach.de\/index.php?rest_route=\/wp\/v2\/pages"}],"about":[{"href":"https:\/\/wp.vsg-1880-offenbach.de\/index.php?rest_route=\/wp\/v2\/types\/page"}],"author":[{"embeddable":true,"href":"https:\/\/wp.vsg-1880-offenbach.de\/index.php?rest_route=\/wp\/v2\/users\/3"}],"replies":[{"embeddable":true,"href":"https:\/\/wp.vsg-1880-offenbach.de\/index.php?rest_route=%2Fwp%2Fv2%2Fcomments&post=382"}],"version-history":[{"count":15,"href":"https:\/\/wp.vsg-1880-offenbach.de\/index.php?rest_route=\/wp\/v2\/pages\/382\/revisions"}],"predecessor-version":[{"id":8670,"href":"https:\/\/wp.vsg-1880-offenbach.de\/index.php?rest_route=\/wp\/v2\/pages\/382\/revisions\/8670"}],"up":[{"embeddable":true,"href":"https:\/\/wp.vsg-1880-offenbach.de\/index.php?rest_route=\/wp\/v2\/pages\/41"}],"wp:featuredmedia":[{"embeddable":true,"href":"https:\/\/wp.vsg-1880-offenbach.de\/index.php?rest_route=\/wp\/v2\/media\/3310"}],"wp:attachment":[{"href":"https:\/\/wp.vsg-1880-offenbach.de\/index.php?rest_route=%2Fwp%2Fv2%2Fmedia&parent=382"}],"curies":[{"name":"wp","href":"https:\/\/api.w.org\/{rel}","templated":true}]}}