{"id":388,"date":"2018-06-27T14:03:49","date_gmt":"2018-06-27T12:03:49","guid":{"rendered":"http:\/\/wp.vsg-1880-offenbach.de\/?page_id=388"},"modified":"2025-09-07T16:48:38","modified_gmt":"2025-09-07T14:48:38","slug":"3-jugendmannschaft","status":"publish","type":"page","link":"https:\/\/wp.vsg-1880-offenbach.de\/?page_id=388","title":{"rendered":"3. Jugendmannschaft"},"content":{"rendered":"<p>Erstmalig nach dem Corona-Neustart stellt die VSG in der Saison 2025\/26 wieder eine dritte Jugendmannschaft in der MVSJ-Liga. Beim Neustart der MVSJ-Jugendligen in der Saison 2022\/23 war das noch nicht wieder m\u00f6glich gewesen. In der Saison 2016\/17 wurde aufgrund wachsender Mitgliederzahlen im Jugendbereich erstmals eine dritte Mannschaft aufgestellt. Das Foto zeigt die Mannschaft am ersten Spieltag der Jugendliga am 7.9.25\u00a0 gegen Gr\u00fcndau 1 (v.l.n.r.: Jabril, Armin, Prithvik und Devansh).<\/p>\n<p>Alle Termine, Spielergebnisse, Aufstellungen\u00a0und Tabellen der\u00a0aktuellen Saison\u00a0finden sich im Men\u00fc.<\/p>\n<p>Dort finden sich auch zur\u00fcck bis zur Gr\u00fcndung der Jugendmannschaft in der Saison 2016\/17 die Detailergebnisse der vorangegangen\u00a0Ligajahre.<\/p>\n<p>In den MVS-Jugendligen k\u00f6nnen Kinder und Jugendliche aller Spielst\u00e4rken bis zur Altersklasse U17 bei Saisonbeginn mitspielen. Die unterschiedlichen Jugendligen sind nach Spielst\u00e4rke gestaffelt. Die Mannschaften mit dem h\u00f6chsten DWZ-Schnitt spielen in der Jugendliga A, die zweite Gruppe in der Jugendliga B. In Jahren mit besonders vielen gemeldeten Mannschaften wird auch eine Jugendliga C angeboten. F\u00fcr Neueinsteiger ist auch ein Seiteneinstieg w\u00e4hrend der laufenden Saison m\u00f6glich.<\/p>\n<p>Views: 2131<\/p>","protected":false},"excerpt":{"rendered":"<p>Erstmalig nach dem Corona-Neustart stellt die VSG in der Saison 2025\/26 wieder eine dritte Jugendmannschaft in der MVSJ-Liga. Beim Neustart der MVSJ-Jugendligen in der Saison 2022\/23 war das noch nicht wieder m\u00f6glich gewesen. In der Saison 2016\/17 wurde aufgrund wachsender Mitgliederzahlen im Jugendbereich erstmals eine dritte Mannschaft aufgestellt. Das Foto zeigt die Mannschaft am ersten <a class=\"more-link\" href=\"https:\/\/wp.vsg-1880-offenbach.de\/?page_id=388\">weiterlesen&#8230;<\/a><\/p>\n","protected":false},"author":3,"featured_media":14277,"parent":41,"menu_order":11,"comment_status":"closed","ping_status":"closed","template":"","meta":{"footnotes":""},"class_list":["post-388","page","type-page","status-publish","has-post-thumbnail","hentry"],"_links":{"self":[{"href":"https:\/\/wp.vsg-1880-offenbach.de\/index.php?rest_route=\/wp\/v2\/pages\/388","targetHints":{"allow":["GET"]}}],"collection":[{"href":"https:\/\/wp.vsg-1880-offenbach.de\/index.php?rest_route=\/wp\/v2\/pages"}],"about":[{"href":"https:\/\/wp.vsg-1880-offenbach.de\/index.php?rest_route=\/wp\/v2\/types\/page"}],"author":[{"embeddable":true,"href":"https:\/\/wp.vsg-1880-offenbach.de\/index.php?rest_route=\/wp\/v2\/users\/3"}],"replies":[{"embeddable":true,"href":"https:\/\/wp.vsg-1880-offenbach.de\/index.php?rest_route=%2Fwp%2Fv2%2Fcomments&post=388"}],"version-history":[{"count":15,"href":"https:\/\/wp.vsg-1880-offenbach.de\/index.php?rest_route=\/wp\/v2\/pages\/388\/revisions"}],"predecessor-version":[{"id":14286,"href":"https:\/\/wp.vsg-1880-offenbach.de\/index.php?rest_route=\/wp\/v2\/pages\/388\/revisions\/14286"}],"up":[{"embeddable":true,"href":"https:\/\/wp.vsg-1880-offenbach.de\/index.php?rest_route=\/wp\/v2\/pages\/41"}],"wp:featuredmedia":[{"embeddable":true,"href":"https:\/\/wp.vsg-1880-offenbach.de\/index.php?rest_route=\/wp\/v2\/media\/14277"}],"wp:attachment":[{"href":"https:\/\/wp.vsg-1880-offenbach.de\/index.php?rest_route=%2Fwp%2Fv2%2Fmedia&parent=388"}],"curies":[{"name":"wp","href":"https:\/\/api.w.org\/{rel}","templated":true}]}}