{"id":6269,"date":"2020-03-21T16:25:50","date_gmt":"2020-03-21T15:25:50","guid":{"rendered":"http:\/\/wp.vsg-1880-offenbach.de\/?page_id=6269"},"modified":"2020-03-23T12:34:11","modified_gmt":"2020-03-23T11:34:11","slug":"vsg-online-waehrend-der-corona-zeit","status":"publish","type":"page","link":"https:\/\/wp.vsg-1880-offenbach.de\/?page_id=6269","title":{"rendered":"VSG-Online-Angebote f\u00fcr Training und Spiel"},"content":{"rendered":"\n<p>Am 13.3.2020 fand der letzte Pr\u00e4senztermin in unserem Vereinslokal in der Arthur-Zitscher-Str. 22 statt. Danach hat der Vorstand das Vereinslokal erstmal bis zum 19.4.2020 geschlossen. Wir gehen aber davon aus, dass die Schlie\u00dfung solange dauern wird, wie auch die Schulen geschlossen bleiben und das inzwischen beh\u00f6rdlich verh\u00e4ngte Versammlungsverbot bestehen bleibt.<\/p>\n\n\n\n<p>Als Schachverein haben wir jedoch gegen\u00fcber den meisten anderen Sportarten das Privileg, auch im Internet aktiv werden zu k\u00f6nnen. Wir haben hier verschiedene Angebote geschaffen:<\/p>\n\n\n\n<p><strong>Jugendtraining via Skype:<\/strong><\/p>\n\n\n\n<p>Wir f\u00fchren unsere Jugendtrainings (Termine siehe Kalender rechts am Rand) weiter. Daf\u00fcr verwenden wir <a href=\"https:\/\/www.skype.com\/de\/\">Skype<\/a> (am Computer oder per App auf Tablet\/Handy). Wer noch nicht mitmacht, kann sich aber f\u00fcr eine der Gruppen per Mail an wernelm(at)gmail.com  anmelden (R\u00fcckfragen werden nat\u00fcrlich auch beantwortet) :<\/p>\n\n\n\n<ul class=\"wp-block-list\"><li>Anf\u00e4nger bis ca. DWZ 1000: Training dienstags um 17 Uhr<\/li><li>Fortgeschrittene mit ca. DWZ 1000 bis DWZ 1300:  Training freitags um 18 Uhr <\/li><li>Leistungsgruppe ab ca. DWZ 1300:  Training freitags um 18 Uhr  <\/li><\/ul>\n\n\n\n<p><strong>Spieleabend am Freitag auf www.lichess.org:<\/strong><\/p>\n\n\n\n<p>Jeden Freitag um 20 Uhr finden bei uns normalerweise Blitz- und Schnellschachturniere statt und auch die Partien der Stadtmeisterschaft werden zu diesen Gelegenheiten ausgespielt. W\u00e4hren die Stadtmeisterschaft als DWZ gewertetes Turnier pausiert, wollen wir die anderen Angebote fortf\u00fchren. Im Kalender rechts am Rand steht, welches Angebot am jeweiligen Freitag gemacht wird. Der Link auf die jeweils relevante lichess-Seite ist dort ebenfalls gesetzt.<\/p>\n\n\n\n<p>Damit Ihr aber direkt bei dem jeweiligen Angebot mitspielen k\u00f6nnt, eine Vereinsmitgliedschaft ist im \u00fcbrigen keine Voraussetzung, m\u00fcsst Ihr bei lichess angemeldet sein. Wie das geht, beschreiben wir <a href=\"http:\/\/wp.vsg-1880-offenbach.de\/?page_id=6297\">hier<\/a>.<\/p>\n\n\n\n<p><strong>Turniere auf lichess:<\/strong><\/p>\n\n\n\n<p>Die Zeit bis zum n\u00e4chsten Spieleabend freitags kann sehr lang werden. Daher bem\u00fchen wir uns f\u00fcr Kinder wie Erwachsene und zuk\u00fcnftig auch Mannschaften, immer wieder Turniere auf lichess anzubieten. \u00dcber die Angebote informieren wir auf der Homepage unter &#8222;Aktuelles&#8220; oder rechts im Kalender. Um diese Angebote wahrnehmen zu k\u00f6nnen, ist wie f\u00fcr unseren Spieleabend ein lichess-Account erforderlich (Beschreibung siehe <a href=\"http:\/\/wp.vsg-1880-offenbach.de\/?page_id=6297\">hier<\/a>).<\/p>\n\n\n\n<p>Gleiches gilt f\u00fcr die Onlineturniere, die beispielsweise der <a href=\"https:\/\/www.schachklub-bad-homburg.de\/\">Schachklub Bad Homburg<\/a> oder die <a href=\"https:\/\/lichess.org\/team\/hessische-schachjugend\">Hessische Schachjugend<\/a> anbieten.<\/p>\n\n\n\n<p><strong>Mannschaften auf lichess:<\/strong><\/p>\n\n\n\n<p>Bisher gibt es auf lichess eine Mannschaft der VSG 1880 Offenbach (siehe Titelbild). Wir rechnen aber bald mit weiteren Teams, deren Verlinkung wir hier auff\u00fchren. Auch hierf\u00fcr wird ein lichess-Account ben\u00f6tigt:<\/p>\n\n\n\n<ul class=\"wp-block-list\"><li>Vereinsteam &#8222;<a href=\"https:\/\/lichess.org\/team\/vsg-1880-offenbach\">VSG 1880 Offenbach<\/a>&#8222;<\/li><\/ul>\n\n\n\n<p>Zum Beitreten in das jeweilige Team bitte auf den Teamnamen klicken und den dann folgenden Anweisungen auf dem Bildschirm Folge leisten. <\/p>\n\n\n\n<p>Wir rechnen damit, bald auch Mannschaftsturniere oder gar einen Ligabetrieb anbieten zu k\u00f6nnen. Auch diese Termine w\u00fcrden wir im Kalender rechts am Rand entsprechend verlinken.<\/p>\n<p>Views: 1518<\/p>","protected":false},"excerpt":{"rendered":"<p>Am 13.3.2020 fand der letzte Pr\u00e4senztermin in unserem Vereinslokal in der Arthur-Zitscher-Str. 22 statt. Danach hat der Vorstand das Vereinslokal erstmal bis zum 19.4.2020 geschlossen. Wir gehen aber davon aus, dass die Schlie\u00dfung solange dauern wird, wie auch die Schulen geschlossen bleiben und das inzwischen beh\u00f6rdlich verh\u00e4ngte Versammlungsverbot bestehen bleibt. Als Schachverein haben wir jedoch <a class=\"more-link\" href=\"https:\/\/wp.vsg-1880-offenbach.de\/?page_id=6269\">weiterlesen&#8230;<\/a><\/p>\n","protected":false},"author":3,"featured_media":6278,"parent":6295,"menu_order":1,"comment_status":"closed","ping_status":"closed","template":"","meta":{"footnotes":""},"class_list":["post-6269","page","type-page","status-publish","has-post-thumbnail","hentry"],"_links":{"self":[{"href":"https:\/\/wp.vsg-1880-offenbach.de\/index.php?rest_route=\/wp\/v2\/pages\/6269","targetHints":{"allow":["GET"]}}],"collection":[{"href":"https:\/\/wp.vsg-1880-offenbach.de\/index.php?rest_route=\/wp\/v2\/pages"}],"about":[{"href":"https:\/\/wp.vsg-1880-offenbach.de\/index.php?rest_route=\/wp\/v2\/types\/page"}],"author":[{"embeddable":true,"href":"https:\/\/wp.vsg-1880-offenbach.de\/index.php?rest_route=\/wp\/v2\/users\/3"}],"replies":[{"embeddable":true,"href":"https:\/\/wp.vsg-1880-offenbach.de\/index.php?rest_route=%2Fwp%2Fv2%2Fcomments&post=6269"}],"version-history":[{"count":14,"href":"https:\/\/wp.vsg-1880-offenbach.de\/index.php?rest_route=\/wp\/v2\/pages\/6269\/revisions"}],"predecessor-version":[{"id":6344,"href":"https:\/\/wp.vsg-1880-offenbach.de\/index.php?rest_route=\/wp\/v2\/pages\/6269\/revisions\/6344"}],"up":[{"embeddable":true,"href":"https:\/\/wp.vsg-1880-offenbach.de\/index.php?rest_route=\/wp\/v2\/pages\/6295"}],"wp:featuredmedia":[{"embeddable":true,"href":"https:\/\/wp.vsg-1880-offenbach.de\/index.php?rest_route=\/wp\/v2\/media\/6278"}],"wp:attachment":[{"href":"https:\/\/wp.vsg-1880-offenbach.de\/index.php?rest_route=%2Fwp%2Fv2%2Fmedia&parent=6269"}],"curies":[{"name":"wp","href":"https:\/\/api.w.org\/{rel}","templated":true}]}}