{"id":6311,"date":"2020-03-22T13:29:49","date_gmt":"2020-03-22T12:29:49","guid":{"rendered":"http:\/\/wp.vsg-1880-offenbach.de\/?page_id=6311"},"modified":"2020-03-22T13:37:06","modified_gmt":"2020-03-22T12:37:06","slug":"puzzle-rush-auf-chess-com","status":"publish","type":"page","link":"https:\/\/wp.vsg-1880-offenbach.de\/?page_id=6311","title":{"rendered":"Puzzle-Rush auf chess.com"},"content":{"rendered":"\n<p>Im Kinder- und Jugendtraining hat sich eine Runde Puzzle-Rush, ein Taktiktraining gegen die Uhr, etabliert. In der Gruppe macht es gro\u00dfen Spa\u00df, einen neuen Rekord gemeinsam aufzustellen. <\/p>\n\n\n\n<p>Nat\u00fcrlich k\u00f6nnt Ihr das nun auch zu Hause am Computer machen. Und so geht es:<\/p>\n\n\n\n<p>Ruft <a href=\"http:\/\/www.chess.com\">www.chess.com<\/a> auf. Hier handelt es sich wie bei lichess.org um eine Schachplattform im Internet, die sehr viele M\u00f6glichkeiten bietet. Anders als lichess ist sie jedoch kommerziell und das Angebot kostet schnell eine monatliche Geb\u00fchr. Allerdings gibt es auch hier kostenlose Angebote, so dass sich eine Anmeldung durchaus lohnen kann.<\/p>\n\n\n\n<p>F\u00fcr die Anmeldung dr\u00fcckt links am Rand auf den den orangenen Knopf &#8222;Sign Up&#8220;, dann werdet Ihr nach Eurem selbst gew\u00e4hlten Nutzernamen, Eurer eMailadresse und einem Passwort gefragt. Auch Eure Spielst\u00e4rke k\u00f6nnt Ihr angeben. Dann auf &#8222;Create your free account&#8220; dr\u00fccken und schon bekommt Ihr eine eMail mit dem Titel &#8222;Aktiviere Deinen Account&#8220;. Dr\u00fcckt auf den in der Mail aufgef\u00fchrten gleichnamigen Knopf. Dann seid ihr bei chess.com angemeldet. Links am Rand unter Puzzles oder auch <a href=\"https:\/\/www.chess.com\/puzzles\/rush\">hier<\/a> kommt Ihr dann zum beliebten Puzzle Rush. Ihr k\u00f6nnt dort selber einstellen, ob Ihr eine Zeitvorgabe oder beliebig lange Bedenkzeit haben wollt (siehe auch Titelbild). Im kostenlosen Angebot ist das leider auf einmal Puzzle-Rush am Tag begrenzt. Aber wer Spa\u00df daran hat, f\u00fcr den\/die ist das auch einmal am Tag ein nettes und lehrreiches Angebot. <\/p>\n\n\n\n<p>Nat\u00fcrlich bietet chess.com neben den Chess-Puzzles noch unz\u00e4hlige andere M\u00f6glichkeiten, nur leider kostet das Angebot anders als auf lichess schnell eine Monatsgeb\u00fchr. Ob man die investieren m\u00f6chte, muss nat\u00fcrlich jeder selbst entscheiden.<\/p>\n<p>Views: 1912<\/p>","protected":false},"excerpt":{"rendered":"<p>Im Kinder- und Jugendtraining hat sich eine Runde Puzzle-Rush, ein Taktiktraining gegen die Uhr, etabliert. In der Gruppe macht es gro\u00dfen Spa\u00df, einen neuen Rekord gemeinsam aufzustellen. Nat\u00fcrlich k\u00f6nnt Ihr das nun auch zu Hause am Computer machen. Und so geht es: Ruft www.chess.com auf. Hier handelt es sich wie bei lichess.org um eine Schachplattform <a class=\"more-link\" href=\"https:\/\/wp.vsg-1880-offenbach.de\/?page_id=6311\">weiterlesen&#8230;<\/a><\/p>\n","protected":false},"author":3,"featured_media":6313,"parent":6295,"menu_order":2,"comment_status":"closed","ping_status":"closed","template":"","meta":{"footnotes":""},"class_list":["post-6311","page","type-page","status-publish","has-post-thumbnail","hentry"],"_links":{"self":[{"href":"https:\/\/wp.vsg-1880-offenbach.de\/index.php?rest_route=\/wp\/v2\/pages\/6311","targetHints":{"allow":["GET"]}}],"collection":[{"href":"https:\/\/wp.vsg-1880-offenbach.de\/index.php?rest_route=\/wp\/v2\/pages"}],"about":[{"href":"https:\/\/wp.vsg-1880-offenbach.de\/index.php?rest_route=\/wp\/v2\/types\/page"}],"author":[{"embeddable":true,"href":"https:\/\/wp.vsg-1880-offenbach.de\/index.php?rest_route=\/wp\/v2\/users\/3"}],"replies":[{"embeddable":true,"href":"https:\/\/wp.vsg-1880-offenbach.de\/index.php?rest_route=%2Fwp%2Fv2%2Fcomments&post=6311"}],"version-history":[{"count":3,"href":"https:\/\/wp.vsg-1880-offenbach.de\/index.php?rest_route=\/wp\/v2\/pages\/6311\/revisions"}],"predecessor-version":[{"id":6318,"href":"https:\/\/wp.vsg-1880-offenbach.de\/index.php?rest_route=\/wp\/v2\/pages\/6311\/revisions\/6318"}],"up":[{"embeddable":true,"href":"https:\/\/wp.vsg-1880-offenbach.de\/index.php?rest_route=\/wp\/v2\/pages\/6295"}],"wp:featuredmedia":[{"embeddable":true,"href":"https:\/\/wp.vsg-1880-offenbach.de\/index.php?rest_route=\/wp\/v2\/media\/6313"}],"wp:attachment":[{"href":"https:\/\/wp.vsg-1880-offenbach.de\/index.php?rest_route=%2Fwp%2Fv2%2Fmedia&parent=6311"}],"curies":[{"name":"wp","href":"https:\/\/api.w.org\/{rel}","templated":true}]}}