{"id":6328,"date":"2020-03-22T18:40:44","date_gmt":"2020-03-22T17:40:44","guid":{"rendered":"http:\/\/wp.vsg-1880-offenbach.de\/?page_id=6328"},"modified":"2020-03-22T19:06:30","modified_gmt":"2020-03-22T18:06:30","slug":"vsg-discord-channel-quatschen-beim-spielen","status":"publish","type":"page","link":"https:\/\/wp.vsg-1880-offenbach.de\/?page_id=6328","title":{"rendered":"VSG-Discord-Channel: Quatschen beim Spielen"},"content":{"rendered":"\n<p>Die Online-Turniere oder Chess-Puzzles machen Spa\u00df, aber noch sch\u00f6ner ist es, wenn man sich dabei auch unterhalten kann. Discord macht es m\u00f6glich. <\/p>\n\n\n\n<p>Unter  <a href=\"https:\/\/discordapp.com\/download\">https:\/\/discordapp.com\/download<\/a>  bekommt Ihr den Zugang zu Discord, entweder in der Browser-Variante oder als App.<\/p>\n\n\n\n<p>Wenn Ihr angemeldet seid, k\u00f6nnt Ihr dann unter <a href=\"https:\/\/discord.gg\/4JAZdEP\">VSG-Discord-Channel<\/a> miteinander reden. So einfach ist das \ud83d\ude42<a href=\"\"><\/a><\/p>\n<p>Views: 1945<\/p>","protected":false},"excerpt":{"rendered":"<p>Die Online-Turniere oder Chess-Puzzles machen Spa\u00df, aber noch sch\u00f6ner ist es, wenn man sich dabei auch unterhalten kann. Discord macht es m\u00f6glich. Unter https:\/\/discordapp.com\/download bekommt Ihr den Zugang zu Discord, entweder in der Browser-Variante oder als App. Wenn Ihr angemeldet seid, k\u00f6nnt Ihr dann unter VSG-Discord-Channel miteinander reden. So einfach ist das \ud83d\ude42 Views: 1945<\/p>\n","protected":false},"author":3,"featured_media":0,"parent":6295,"menu_order":3,"comment_status":"closed","ping_status":"closed","template":"","meta":{"footnotes":""},"class_list":["post-6328","page","type-page","status-publish","hentry"],"_links":{"self":[{"href":"https:\/\/wp.vsg-1880-offenbach.de\/index.php?rest_route=\/wp\/v2\/pages\/6328","targetHints":{"allow":["GET"]}}],"collection":[{"href":"https:\/\/wp.vsg-1880-offenbach.de\/index.php?rest_route=\/wp\/v2\/pages"}],"about":[{"href":"https:\/\/wp.vsg-1880-offenbach.de\/index.php?rest_route=\/wp\/v2\/types\/page"}],"author":[{"embeddable":true,"href":"https:\/\/wp.vsg-1880-offenbach.de\/index.php?rest_route=\/wp\/v2\/users\/3"}],"replies":[{"embeddable":true,"href":"https:\/\/wp.vsg-1880-offenbach.de\/index.php?rest_route=%2Fwp%2Fv2%2Fcomments&post=6328"}],"version-history":[{"count":3,"href":"https:\/\/wp.vsg-1880-offenbach.de\/index.php?rest_route=\/wp\/v2\/pages\/6328\/revisions"}],"predecessor-version":[{"id":6333,"href":"https:\/\/wp.vsg-1880-offenbach.de\/index.php?rest_route=\/wp\/v2\/pages\/6328\/revisions\/6333"}],"up":[{"embeddable":true,"href":"https:\/\/wp.vsg-1880-offenbach.de\/index.php?rest_route=\/wp\/v2\/pages\/6295"}],"wp:attachment":[{"href":"https:\/\/wp.vsg-1880-offenbach.de\/index.php?rest_route=%2Fwp%2Fv2%2Fmedia&parent=6328"}],"curies":[{"name":"wp","href":"https:\/\/api.w.org\/{rel}","templated":true}]}}