{"id":98,"date":"2018-06-24T09:04:18","date_gmt":"2018-06-24T09:04:18","guid":{"rendered":"http:\/\/wp.vsg-1880-offenbach.de\/?page_id=98"},"modified":"2025-12-05T17:51:56","modified_gmt":"2025-12-05T16:51:56","slug":"mitgliedschaft","status":"publish","type":"page","link":"https:\/\/wp.vsg-1880-offenbach.de\/?page_id=98","title":{"rendered":"Mitgliedschaft"},"content":{"rendered":"<p><strong>J\u00e4hrliche Beitr\u00e4ge:<\/strong><\/p>\n<p>ab dem 1. Januar 2024 (letzte Anpassung davor war 2013):<\/p>\n<p>Erwachsene: 120,- EUR<\/p>\n<p>Kinder, Jugendliche, Auszubildende, Studenten und Arbeitslose je 60,- EUR<\/p>\n<p>Familienbeitrag:<\/p>\n<p>f\u00fcr Ehe-\/Lebenspartner eines voll zahlenden Mitgliedes (120,- EUR): 60 EUR<\/p>\n<p>f\u00fcr Kinder\/Jugendliche (6 bis 18 Jahre) eines voll zahlenden Mitgliedes (120,- EUR): 30 EUR<\/p>\n<p><strong>Beitrittserkl\u00e4rung:<\/strong><\/p>\n<p>Hier finden Sie das\u00a0Formular\u00a0f\u00fcr Ihren\u00a0<a href=\"https:\/\/wp.vsg-1880-offenbach.de\/wp-content\/uploads\/2025\/12\/Mitgliedsantrag-2024.pdf\" target=\"_blank\" rel=\"noopener\">Vereinsbeitritt<\/a>\u00a0samt Datenschutzerkl\u00e4rung. Einfach das Formular ausdrucken und ausgef\u00fcllt sowie unterschrieben an den Verein schicken (Mail mit Scan reicht) oder einem Vorstandsmitglied am Spielabend \u00fcbergeben.<\/p>\n<p>Views: 2602<\/p>","protected":false},"excerpt":{"rendered":"<p>J\u00e4hrliche Beitr\u00e4ge: ab dem 1. Januar 2024 (letzte Anpassung davor war 2013): Erwachsene: 120,- EUR Kinder, Jugendliche, Auszubildende, Studenten und Arbeitslose je 60,- EUR Familienbeitrag: f\u00fcr Ehe-\/Lebenspartner eines voll zahlenden Mitgliedes (120,- EUR): 60 EUR f\u00fcr Kinder\/Jugendliche (6 bis 18 Jahre) eines voll zahlenden Mitgliedes (120,- EUR): 30 EUR Beitrittserkl\u00e4rung: Hier finden Sie das\u00a0Formular\u00a0f\u00fcr Ihren\u00a0Vereinsbeitritt\u00a0samt <a class=\"more-link\" href=\"https:\/\/wp.vsg-1880-offenbach.de\/?page_id=98\">weiterlesen&#8230;<\/a><\/p>\n","protected":false},"author":3,"featured_media":0,"parent":82,"menu_order":5,"comment_status":"closed","ping_status":"closed","template":"","meta":{"footnotes":""},"class_list":["post-98","page","type-page","status-publish","hentry"],"_links":{"self":[{"href":"https:\/\/wp.vsg-1880-offenbach.de\/index.php?rest_route=\/wp\/v2\/pages\/98","targetHints":{"allow":["GET"]}}],"collection":[{"href":"https:\/\/wp.vsg-1880-offenbach.de\/index.php?rest_route=\/wp\/v2\/pages"}],"about":[{"href":"https:\/\/wp.vsg-1880-offenbach.de\/index.php?rest_route=\/wp\/v2\/types\/page"}],"author":[{"embeddable":true,"href":"https:\/\/wp.vsg-1880-offenbach.de\/index.php?rest_route=\/wp\/v2\/users\/3"}],"replies":[{"embeddable":true,"href":"https:\/\/wp.vsg-1880-offenbach.de\/index.php?rest_route=%2Fwp%2Fv2%2Fcomments&post=98"}],"version-history":[{"count":5,"href":"https:\/\/wp.vsg-1880-offenbach.de\/index.php?rest_route=\/wp\/v2\/pages\/98\/revisions"}],"predecessor-version":[{"id":14465,"href":"https:\/\/wp.vsg-1880-offenbach.de\/index.php?rest_route=\/wp\/v2\/pages\/98\/revisions\/14465"}],"up":[{"embeddable":true,"href":"https:\/\/wp.vsg-1880-offenbach.de\/index.php?rest_route=\/wp\/v2\/pages\/82"}],"wp:attachment":[{"href":"https:\/\/wp.vsg-1880-offenbach.de\/index.php?rest_route=%2Fwp%2Fv2%2Fmedia&parent=98"}],"curies":[{"name":"wp","href":"https:\/\/api.w.org\/{rel}","templated":true}]}}